
{"id":9982,"date":"2026-03-16T09:22:27","date_gmt":"2026-03-16T09:22:27","guid":{"rendered":"https:\/\/cargoflux.com\/?page_id=9982"},"modified":"2026-03-16T09:46:32","modified_gmt":"2026-03-16T09:46:32","slug":"wms-duplicate","status":"publish","type":"page","link":"https:\/\/cargoflux.com\/en\/wms-duplicate\/","title":{"rendered":"WMS (v2 med integrationer)"},"content":{"rendered":"<div class=\"wp-block-uagb-container uagb-block-243195da alignfull uagb-is-root-container\">\n<div class=\"wp-block-uagb-container uagb-block-320d4c14 alignfull uagb-is-root-container\"><div class=\"uagb-container-inner-blocks-wrap\">\n<div class=\"wp-block-uagb-container uagb-block-193146e0\">\n<div class=\"wp-block-uagb-container anime-js-animation uagb-block-b919433e\">\n<div class=\"wp-block-uagb-advanced-heading uagb-block-b0f32548\"><h1 class=\"uagb-heading-text\">Connect your WMS<\/h1><\/div>\n\n\n\n<div class=\"wp-block-uagb-advanced-heading uagb-block-cab063f0\"><p class=\"uagb-heading-text\">Optimize your logistics and improve the customer experience by connecting your WMS system to Cargoflux. This integration ensures efficient handling of warehouse and shipping processes, giving you real-time data and the ability to respond quickly to demand. Experience the benefits of precise supply chain management and deliver an exceptional customer experience with Cargoflux and your WMS.<\/p><\/div>\n\n\n\n<div class=\"wp-block-uagb-container uagb-block-9a611ef1\">\n<div class=\"wp-block-uagb-buttons uagb-buttons__outer-wrap uagb-btn__default-btn uagb-btn-tablet__default-btn uagb-btn-mobile__default-btn uagb-block-90146b68 is-style-default\"><div class=\"uagb-buttons__wrap uagb-buttons-layout-wrap\">\n<div class=\"wp-block-uagb-buttons-child uagb-buttons__outer-wrap uagb-block-e91fe2f3 wp-block-button\"><div class=\"uagb-button__wrapper\"><a class=\"uagb-buttons-repeater wp-block-button__link\" aria-label=\"\" href=\"\/en\/kontakt\/\" rel=\"follow noopener\" target=\"_self\" role=\"button\"><div class=\"uagb-button__link\">Get in contact<\/div><\/a><\/div><\/div>\n<\/div><\/div>\n<\/div>\n<\/div>\n<\/div>\n<\/div><\/div>\n<\/div>\n\n\n\n<div class=\"wp-block-uagb-container anime-js-animation-container uagb-block-e8ab604b alignfull uagb-is-root-container\">\n<div class=\"wp-block-uagb-container uagb-block-b2d61fd5 alignfull uagb-is-root-container\"><div class=\"uagb-container-inner-blocks-wrap\">\n<div class=\"wp-block-uagb-container responsive uagb-block-5498cd5b alignfull uagb-is-root-container\"><div class=\"uagb-container-inner-blocks-wrap\">\n<div class=\"wp-block-uagb-container uagb-block-c521c924\">\n<div class=\"wp-block-uagb-container uagb-block-72e86752\">\n<div class=\"wp-block-uagb-container anime-js-animation uag-blocks-common-selector uagb-block-0571e8c6\">\n<div class=\"wp-block-uagb-container uagb-block-de8d19ea\">\n<figure class=\"wp-block-image size-full has-custom-border is-style-default\" style=\"margin-top:0\"><img loading=\"lazy\" decoding=\"async\" width=\"600\" height=\"600\" src=\"https:\/\/cargoflux.com\/wp-content\/uploads\/2025\/03\/600x600_09.png\" alt=\"\" class=\"wp-image-8970\" style=\"border-radius:20px;aspect-ratio:16\/9;object-fit:cover\" srcset=\"https:\/\/cargoflux.com\/wp-content\/uploads\/2025\/03\/600x600_09.png 600w, https:\/\/cargoflux.com\/wp-content\/uploads\/2025\/03\/600x600_09-300x300.png 300w, https:\/\/cargoflux.com\/wp-content\/uploads\/2025\/03\/600x600_09-150x150.png 150w\" sizes=\"auto, (max-width: 600px) 100vw, 600px\" \/><\/figure>\n<\/div>\n\n\n\n<div class=\"wp-block-uagb-container uag-blocks-common-selector uagb-block-354bb880\">\n<figure class=\"wp-block-image size-full is-resized has-custom-border is-style-custom-image-style wp-duotone-unset-1\" style=\"margin-top:0;margin-right:0;margin-bottom:0\"><img loading=\"lazy\" decoding=\"async\" width=\"48\" height=\"23\" src=\"http:\/\/cargoflux.com\/wp-content\/uploads\/2025\/03\/creative-elements_Creative-04.svg\" alt=\"\" class=\"wp-image-8225\" style=\"border-radius:0px;width:150px\"\/><\/figure>\n<\/div>\n<\/div>\n<\/div>\n<\/div>\n\n\n\n<div class=\"wp-block-uagb-container responsive anime-js-animation uag-blocks-common-selector uagb-block-4789c029\">\n<div class=\"wp-block-uagb-advanced-heading uagb-block-2ea4e812\"><h3 class=\"uagb-heading-text\">Ongoing<\/h3><\/div>\n\n\n\n<div class=\"wp-block-uagb-advanced-heading uagb-block-303ad435\"><p class=\"uagb-heading-text\">Ongoing WMS is designed to handle complex warehouse processes. By connecting Ongoing with Cargoflux, you can optimize order processing and streamline collaboration between warehouse and transportation management. The integration ensures that up-to-date inventory information is available to Cargoflux and facilitates improved shipment planning and inventory optimization.<\/p><\/div>\n<\/div>\n<\/div><\/div>\n<\/div><\/div>\n<\/div>\n\n\n\n<div class=\"wp-block-uagb-container anime-js-animation-container uagb-block-084674ec alignfull uagb-is-root-container\">\n<div class=\"wp-block-uagb-container uagb-block-e5fba14f alignfull uagb-is-root-container\"><div class=\"uagb-container-inner-blocks-wrap\">\n<div class=\"wp-block-uagb-container uagb-block-2c3f9df7 alignfull uagb-is-root-container\"><div class=\"uagb-container-inner-blocks-wrap\">\n<div class=\"wp-block-group is-nowrap is-layout-flex wp-container-core-group-is-layout-6c531013 wp-block-group-is-layout-flex\">\n<div class=\"wp-block-uagb-container responsive anime-js-animation uagb-block-e2f5ab6a\">\n<div class=\"wp-block-uagb-advanced-heading uagb-block-dbcdf1c6\"><h3 class=\"uagb-heading-text\">Peak<\/h3><\/div>\n\n\n\n<p>Peak WMS is known for its scalability and flexibility. Users can achieve a seamless connection between warehouse and transportation management by integrating the system with Cargoflux. This facilitates real-time data exchange, provides an accurate inventory overview, and streamlines the shipping process.<\/p>\n<\/div>\n\n\n\n<div class=\"wp-block-uagb-container uag-blocks-common-selector uagb-block-214ad5fa\">\n<div class=\"wp-block-uagb-container uagb-block-aae51049\">\n<div class=\"wp-block-uagb-container anime-js-animation uag-blocks-common-selector uagb-block-87a0812a\">\n<div class=\"wp-block-uagb-container uagb-block-5ed2e71b\">\n<figure class=\"wp-block-image size-full has-custom-border is-style-default\" style=\"margin-top:0\"><img loading=\"lazy\" decoding=\"async\" width=\"1062\" height=\"703\" src=\"https:\/\/cargoflux.com\/wp-content\/uploads\/2026\/03\/Peak-Warehousing-ApS-red-3706044680.png\" alt=\"\" class=\"wp-image-9984\" style=\"border-radius:20px;aspect-ratio:3\/2;object-fit:contain\" srcset=\"https:\/\/cargoflux.com\/wp-content\/uploads\/2026\/03\/Peak-Warehousing-ApS-red-3706044680.png 1062w, https:\/\/cargoflux.com\/wp-content\/uploads\/2026\/03\/Peak-Warehousing-ApS-red-3706044680-300x199.png 300w, https:\/\/cargoflux.com\/wp-content\/uploads\/2026\/03\/Peak-Warehousing-ApS-red-3706044680-1024x678.png 1024w, https:\/\/cargoflux.com\/wp-content\/uploads\/2026\/03\/Peak-Warehousing-ApS-red-3706044680-768x508.png 768w\" sizes=\"auto, (max-width: 1062px) 100vw, 1062px\" \/><\/figure>\n<\/div>\n\n\n\n<div class=\"wp-block-uagb-container uag-blocks-common-selector uagb-block-54dfaf94\">\n<figure class=\"wp-block-image size-full is-resized has-custom-border is-style-custom-image-style\" style=\"margin-top:0;margin-right:0;margin-bottom:0\"><img loading=\"lazy\" decoding=\"async\" width=\"33\" height=\"33\" src=\"http:\/\/cargoflux.com\/wp-content\/uploads\/2025\/03\/creative-elements_Creative-05.svg\" alt=\"\" class=\"wp-image-8226\" style=\"border-radius:0px;width:110px\"\/><\/figure>\n<\/div>\n<\/div>\n<\/div>\n<\/div>\n<\/div>\n<\/div><\/div>\n<\/div><\/div>\n<\/div>\n\n\n\n<div class=\"wp-block-uagb-container anime-js-animation-container uagb-block-05c7a314 alignfull uagb-is-root-container\">\n<div class=\"wp-block-uagb-container uagb-block-7c476ccf alignfull uagb-is-root-container\"><div class=\"uagb-container-inner-blocks-wrap\">\n<div class=\"wp-block-uagb-container responsive uagb-block-6a2b102c alignfull uagb-is-root-container\"><div class=\"uagb-container-inner-blocks-wrap\">\n<div class=\"wp-block-uagb-container uagb-block-949c8202\">\n<div class=\"wp-block-uagb-container uagb-block-c0bc225a\">\n<div class=\"wp-block-uagb-container anime-js-animation uag-blocks-common-selector uagb-block-b0f74bd4\">\n<div class=\"wp-block-uagb-container uagb-block-97440d64\">\n<figure class=\"wp-block-image size-full has-custom-border is-style-default\" style=\"margin-top:0\"><img loading=\"lazy\" decoding=\"async\" width=\"900\" height=\"600\" src=\"https:\/\/cargoflux.com\/wp-content\/uploads\/2026\/03\/Logo-RB-Web-2871749753.png\" alt=\"\" class=\"wp-image-9985\" style=\"border-radius:20px\" srcset=\"https:\/\/cargoflux.com\/wp-content\/uploads\/2026\/03\/Logo-RB-Web-2871749753.png 900w, https:\/\/cargoflux.com\/wp-content\/uploads\/2026\/03\/Logo-RB-Web-2871749753-300x200.png 300w, https:\/\/cargoflux.com\/wp-content\/uploads\/2026\/03\/Logo-RB-Web-2871749753-768x512.png 768w\" sizes=\"auto, (max-width: 900px) 100vw, 900px\" \/><\/figure>\n<\/div>\n\n\n\n<div class=\"wp-block-uagb-container uag-blocks-common-selector uagb-block-26e383cb\">\n<figure class=\"wp-block-image size-full is-resized has-custom-border is-style-custom-image-style wp-duotone-unset-2\" style=\"margin-top:0;margin-right:0;margin-bottom:0\"><img loading=\"lazy\" decoding=\"async\" width=\"48\" height=\"23\" src=\"http:\/\/cargoflux.com\/wp-content\/uploads\/2025\/03\/creative-elements_Creative-04.svg\" alt=\"\" class=\"wp-image-8225\" style=\"border-radius:0px;width:150px\"\/><\/figure>\n<\/div>\n<\/div>\n<\/div>\n<\/div>\n\n\n\n<div class=\"wp-block-uagb-container responsive anime-js-animation uag-blocks-common-selector uagb-block-f1fa4d33\">\n<div class=\"wp-block-uagb-advanced-heading uagb-block-ad87b393\"><h3 class=\"uagb-heading-text\">Rackbeat<\/h3><\/div>\n\n\n\n<div class=\"wp-block-uagb-advanced-heading uagb-block-73b228ee\"><p class=\"uagb-heading-text\">Rackbeat focuses on automating warehouse processes. Users can automate updates of shipment information and inventory by integrating with Cargoflux. This eliminates user errors and ensures that cargo information is updated in real time across the supply chain.<\/p><\/div>\n<\/div>\n<\/div><\/div>\n<\/div><\/div>\n<\/div>\n\n\n\n<div class=\"wp-block-uagb-container anime-js-animation-container uagb-block-1918f562 alignfull uagb-is-root-container\">\n<div class=\"wp-block-uagb-container uagb-block-3ae37968 alignfull uagb-is-root-container\"><div class=\"uagb-container-inner-blocks-wrap\">\n<div class=\"wp-block-uagb-container uagb-block-6727b2cf alignfull uagb-is-root-container\"><div class=\"uagb-container-inner-blocks-wrap\">\n<div class=\"wp-block-group is-nowrap is-layout-flex wp-container-core-group-is-layout-6c531013 wp-block-group-is-layout-flex\">\n<div class=\"wp-block-uagb-container responsive anime-js-animation uagb-block-bb1f8a6e\">\n<div class=\"wp-block-uagb-advanced-heading uagb-block-379992b6\"><h3 class=\"uagb-heading-text\">SmartPack<\/h3><\/div>\n\n\n\n<p>Smartpack is known for its intelligent packing solution. By integrating with Cargoflux, you ensure more accurate shipping cost calculations based on package type and size. This integration also ensures warehouse staff have access to up-to-date information on packing requirements, which reduces waste and improves warehouse efficiency.<\/p>\n<\/div>\n\n\n\n<div class=\"wp-block-uagb-container uag-blocks-common-selector uagb-block-4d681744\">\n<div class=\"wp-block-uagb-container uagb-block-38680d9d\">\n<div class=\"wp-block-uagb-container anime-js-animation uag-blocks-common-selector uagb-block-6619f60f\">\n<div class=\"wp-block-uagb-container uagb-block-82bdbea2\">\n<figure class=\"wp-block-image size-full has-custom-border is-style-default\" style=\"margin-top:0\"><img loading=\"lazy\" decoding=\"async\" width=\"1017\" height=\"285\" src=\"https:\/\/cargoflux.com\/wp-content\/uploads\/2026\/03\/Screenshot_20260316_101510.png?wsr\" alt=\"\" class=\"wp-image-9986\" style=\"border-radius:20px;aspect-ratio:3\/2;object-fit:contain\" srcset=\"https:\/\/cargoflux.com\/wp-content\/uploads\/2026\/03\/Screenshot_20260316_101510.png 1017w, https:\/\/cargoflux.com\/wp-content\/uploads\/2026\/03\/Screenshot_20260316_101510-300x84.png 300w, https:\/\/cargoflux.com\/wp-content\/uploads\/2026\/03\/Screenshot_20260316_101510-768x215.png 768w\" sizes=\"auto, (max-width: 1017px) 100vw, 1017px\" \/><\/figure>\n<\/div>\n\n\n\n<div class=\"wp-block-uagb-container uag-blocks-common-selector uagb-block-268f6e36\">\n<figure class=\"wp-block-image size-full is-resized has-custom-border is-style-custom-image-style\" style=\"margin-top:0;margin-right:0;margin-bottom:0\"><img loading=\"lazy\" decoding=\"async\" width=\"33\" height=\"33\" src=\"http:\/\/cargoflux.com\/wp-content\/uploads\/2025\/03\/creative-elements_Creative-05.svg\" alt=\"\" class=\"wp-image-8226\" style=\"border-radius:0px;width:110px\"\/><\/figure>\n<\/div>\n<\/div>\n<\/div>\n<\/div>\n<\/div>\n<\/div><\/div>\n<\/div><\/div>\n<\/div>\n\n\n\n<div class=\"wp-block-uagb-container anime-js-animation-container uagb-block-54dc0342 alignfull uagb-is-root-container\">\n<div class=\"wp-block-uagb-container uagb-block-d9e7b0d9 alignfull uagb-is-root-container\"><div class=\"uagb-container-inner-blocks-wrap\">\n<div class=\"wp-block-uagb-container responsive uagb-block-744dae12 alignfull uagb-is-root-container\"><div class=\"uagb-container-inner-blocks-wrap\">\n<div class=\"wp-block-uagb-container uagb-block-520d66de\">\n<div class=\"wp-block-uagb-container uagb-block-3038d651\">\n<div class=\"wp-block-uagb-container anime-js-animation uag-blocks-common-selector uagb-block-a8b278c9\">\n<div class=\"wp-block-uagb-container uagb-block-b0ef3334\">\n<figure class=\"wp-block-image size-full is-resized has-custom-border is-style-default\" style=\"margin-top:0\"><img loading=\"lazy\" decoding=\"async\" width=\"480\" height=\"491\" src=\"https:\/\/cargoflux.com\/wp-content\/uploads\/2025\/03\/little_beacon_480-2.png\" alt=\"\" class=\"wp-image-8978\" style=\"border-radius:20px;aspect-ratio:0.977607864554888;width:323px;height:auto\" srcset=\"https:\/\/cargoflux.com\/wp-content\/uploads\/2025\/03\/little_beacon_480-2.png 480w, https:\/\/cargoflux.com\/wp-content\/uploads\/2025\/03\/little_beacon_480-2-293x300.png 293w\" sizes=\"auto, (max-width: 480px) 100vw, 480px\" \/><\/figure>\n<\/div>\n\n\n\n<div class=\"wp-block-uagb-container uag-blocks-common-selector uagb-block-bac437e3\">\n<figure class=\"wp-block-image size-full is-resized has-custom-border is-style-custom-image-style\" style=\"margin-top:4rem;margin-right:0;margin-bottom:0\"><img loading=\"lazy\" decoding=\"async\" width=\"48\" height=\"23\" src=\"http:\/\/cargoflux.com\/wp-content\/uploads\/2025\/03\/creative-elements_Creative-04.svg\" alt=\"\" class=\"wp-image-8225\" style=\"border-radius:0px;width:150px\"\/><\/figure>\n<\/div>\n<\/div>\n<\/div>\n<\/div>\n\n\n\n<div class=\"wp-block-uagb-container responsive anime-js-animation uag-blocks-common-selector uagb-block-3ee983d9\">\n<div class=\"wp-block-uagb-advanced-heading uagb-block-2503beea\"><h3 class=\"uagb-heading-text\">Little Beacon<\/h3><\/div>\n\n\n\n<div class=\"wp-block-uagb-advanced-heading uagb-block-142ae077\"><p class=\"uagb-heading-text\">Little Beacon specializes in offering tailored warehouse management solutions. By connecting Little Beacon with Cargoflux, you significantly improve cargo tracking throughout the supply chain. This integration enables users to optimize route planning and inventory management, reducing costs and improving delivery efficiency.<\/p><\/div>\n<\/div>\n<\/div><\/div>\n<\/div><\/div>\n<\/div>\n\n\n\n<div class=\"wp-block-uagb-container anime-js-animation-container uagb-block-a6b738bd alignfull uagb-is-root-container\">\n<div class=\"wp-block-uagb-container uagb-block-c30f112d alignfull uagb-is-root-container\"><div class=\"uagb-container-inner-blocks-wrap\">\n<div class=\"wp-block-uagb-container responsive uagb-block-726406cc alignfull uagb-is-root-container\"><div class=\"uagb-container-inner-blocks-wrap\">\n<div class=\"wp-block-uagb-slider uagb-block-33adc0ae uagb-slider-container\"><div class=\"uagb-slides uagb-swiper\"><div class=\"swiper-wrapper\">\n<div class=\"wp-block-uagb-slider-child uagb-slider-child-wrap swiper-slide uagb-block-4d6a1908\"><div class=\"swiper-content\">\n<div class=\"wp-block-uagb-container uagb-block-92650d88\">\n<div class=\"wp-block-uagb-container uagb-block-2050a9f7\">\n<div class=\"wp-block-uagb-image uagb-block-f90c50e7 wp-block-uagb-image--layout-default wp-block-uagb-image--effect-static wp-block-uagb-image--align-none\"><figure class=\"wp-block-uagb-image__figure\"><img decoding=\"async\" srcset=\"https:\/\/cargoflux.com\/wp-content\/uploads\/2025\/03\/david-loth.jpeg ,https:\/\/cargoflux.com\/wp-content\/uploads\/2025\/03\/david-loth.jpeg 780w, https:\/\/cargoflux.com\/wp-content\/uploads\/2025\/03\/david-loth.jpeg 360w\" sizes=\"auto, (max-width: 480px) 150px\" src=\"https:\/\/cargoflux.com\/wp-content\/uploads\/2025\/03\/david-loth.jpeg\" alt=\"\" class=\"uag-image-9431\" width=\"667\" height=\"675\" title=\"david l\u00f8th\" loading=\"lazy\" role=\"img\"\/><\/figure><\/div>\n<\/div>\n\n\n\n<div class=\"wp-block-uagb-container uagb-block-df93312f\">\n<div class=\"wp-block-uagb-advanced-heading uagb-block-486cfa23\"><h3 class=\"uagb-heading-text\">We save many hours of work and a lot of money every single day \u2014 in accounting and operations \u2014 and through Cargoflux we\u2019re available around the clock without burdening our employees. With many thousands of shipments daily, we wouldn\u2019t be able to operate without Cargoflux \u2014 an excellent system.<\/h3><\/div>\n\n\n\n<div class=\"wp-block-uagb-advanced-heading uagb-block-f8286f4b\"><h4 class=\"uagb-heading-text\">David L\u00f8th \u2013 CEO, OnlineCargo<\/h4><\/div>\n<\/div>\n<\/div>\n<\/div><\/div>\n\n\n\n<div class=\"wp-block-uagb-slider-child uagb-slider-child-wrap swiper-slide uagb-block-1fd1664f\"><div class=\"swiper-content\">\n<div class=\"wp-block-uagb-container uagb-block-e6886c97\">\n<div class=\"wp-block-uagb-container uagb-block-e368bd75\">\n<div class=\"wp-block-uagb-image uagb-block-1a654d0d wp-block-uagb-image--layout-default wp-block-uagb-image--effect-static wp-block-uagb-image--align-none\"><figure class=\"wp-block-uagb-image__figure\"><img decoding=\"async\" srcset=\"https:\/\/cargoflux.com\/wp-content\/uploads\/2025\/03\/hans_fogh-2.jpg ,https:\/\/cargoflux.com\/wp-content\/uploads\/2025\/03\/hans_fogh-2.jpg 780w, https:\/\/cargoflux.com\/wp-content\/uploads\/2025\/03\/hans_fogh-2.jpg 360w\" sizes=\"auto, (max-width: 480px) 150px\" src=\"https:\/\/cargoflux.com\/wp-content\/uploads\/2025\/03\/hans_fogh-2.jpg\" alt=\"\" class=\"uag-image-9528\" width=\"667\" height=\"675\" title=\"hans_fogh-(2)\" loading=\"lazy\" role=\"img\"\/><\/figure><\/div>\n<\/div>\n\n\n\n<div class=\"wp-block-uagb-container uagb-block-af49c2db\">\n<div class=\"wp-block-uagb-advanced-heading uagb-block-f512042d\"><h3 class=\"uagb-heading-text\">Cargoflux gives us an excellent overview and an easy, smooth way to manage our transportation. We can easily compare offers from our regular suppliers and choose the best solution. We save many hours of work and avoid mistakes. It\u2019s a great system at a very affordable price.<\/h3><\/div>\n\n\n\n<div class=\"wp-block-uagb-advanced-heading uagb-block-074479de\"><h4 class=\"uagb-heading-text\">Hans Bullitt Fogh \u2013 CEO, Larry vs Harry<\/h4><\/div>\n<\/div>\n<\/div>\n<\/div><\/div>\n<\/div><\/div><div class=\"swiper-pagination\"><\/div><div class=\"swiper-button-prev\"><\/div><div class=\"swiper-button-next\"><\/div><\/div>\n<\/div><\/div>\n<\/div><\/div>\n<\/div>\n\n\n\n<div class=\"wp-block-uagb-container uagb-block-f4595ec8 alignfull uagb-is-root-container\"><div class=\"uagb-container-inner-blocks-wrap\">\n<div class=\"wp-block-uagb-container uagb-block-7445d33f\">\n<div class=\"wp-block-uagb-advanced-heading uagb-block-90a27aa3\"><h3 class=\"uagb-heading-text\">Optimize your freight management with Cargoflux<\/h3><\/div>\n\n\n\n<div class=\"wp-block-uagb-advanced-heading uagb-block-6e37f95e\"><h3 class=\"uagb-heading-text\">Our platform offers simple integration with webshops, freight agreements, finance and warehouse systems, giving you full control and efficiency in your shipping processes. See how our features can improve your logistics.<\/h3><\/div>\n<\/div>\n\n\n<\/div><\/div>\n\n\n\n<div class=\"wp-block-uagb-container anime-js-animation-container uagb-block-f2b44706 alignfull uagb-is-root-container\"><div class=\"uagb-container-inner-blocks-wrap\">\n<div class=\"wp-block-uagb-container uagb-block-6cc2f7aa alignfull uagb-is-root-container\"><div class=\"uagb-container-inner-blocks-wrap\">\n<div class=\"wp-block-uagb-container uagb-block-afa2bb81 alignfull uagb-is-root-container\">\n<div class=\"wp-block-uagb-container anime-js-animation uagb-block-66be1664\">\n<div class=\"wp-block-uagb-advanced-heading uagb-block-b4043b88\"><h3 class=\"uagb-heading-text\">Are you ready to optimize your logistics? <\/h3><\/div>\n\n\n\n<div class=\"wp-block-uagb-advanced-heading uagb-block-45c8dcd8\"><p class=\"uagb-heading-text\">Get a free demonstration, and find out how Cargoflux can help your company<\/p><\/div>\n<\/div>\n\n\n\n<div class=\"wp-block-uagb-container anime-js-animation uagb-block-c3019821\">\n<div class=\"wp-block-uagb-buttons uagb-buttons__outer-wrap uagb-btn__default-btn uagb-btn-tablet__default-btn uagb-btn-mobile__default-btn uagb-block-9cded3f1 is-style-default\"><div class=\"uagb-buttons__wrap uagb-buttons-layout-wrap\">\n<div class=\"wp-block-uagb-buttons-child uagb-buttons__outer-wrap uagb-block-325c75ff wp-block-button\"><div class=\"uagb-button__wrapper\"><a class=\"uagb-buttons-repeater wp-block-button__link\" aria-label=\"\" href=\"\/en\/kontakt\/\" rel=\"follow noopener\" target=\"_self\" role=\"button\"><div class=\"uagb-button__link\">Get in contact here<\/div><\/a><\/div><\/div>\n<\/div><\/div>\n<\/div>\n<\/div>\n<\/div><\/div>\n<\/div><\/div>","protected":false},"excerpt":{"rendered":"<p>Forbind din WMS Optimer din logistik og forbedr kundeoplevelsen ved at forbinde dit WMS system til Cargoflux. Denne integration sikrer effektiv h\u00e5ndtering af lager- og forsendelsesprocesser, hvilket giver dig realtidsdata og mulighed for hurtig respons p\u00e5 eftersp\u00f8rgslen. Oplev fordelene ved pr\u00e6cis forsyningsk\u00e6destyring og lever en enest\u00e5ende kundeoplevelse med Cargoflux og dit WMS. Ongoing Ongoing WMS [&hellip;]<\/p>\n","protected":false},"author":6,"featured_media":6652,"parent":0,"menu_order":0,"comment_status":"closed","ping_status":"closed","template":"","meta":{"_acf_changed":false,"_uag_custom_page_level_css":"","site-sidebar-layout":"default","site-content-layout":"","ast-site-content-layout":"default","site-content-style":"default","site-sidebar-style":"default","ast-global-header-display":"","ast-banner-title-visibility":"","ast-main-header-display":"","ast-hfb-above-header-display":"","ast-hfb-below-header-display":"","ast-hfb-mobile-header-display":"","site-post-title":"disabled","ast-breadcrumbs-content":"","ast-featured-img":"disabled","footer-sml-layout":"","ast-disable-related-posts":"","theme-transparent-header-meta":"","adv-header-id-meta":"","stick-header-meta":"","header-above-stick-meta":"","header-main-stick-meta":"","header-below-stick-meta":"","astra-migrate-meta-layouts":"default","ast-page-background-enabled":"default","ast-page-background-meta":{"desktop":{"background-color":"var(--ast-global-color-4)","background-image":"","background-repeat":"repeat","background-position":"center center","background-size":"auto","background-attachment":"scroll","background-type":"","background-media":"","overlay-type":"","overlay-color":"","overlay-opacity":"","overlay-gradient":""},"tablet":{"background-color":"","background-image":"","background-repeat":"repeat","background-position":"center center","background-size":"auto","background-attachment":"scroll","background-type":"","background-media":"","overlay-type":"","overlay-color":"","overlay-opacity":"","overlay-gradient":""},"mobile":{"background-color":"","background-image":"","background-repeat":"repeat","background-position":"center center","background-size":"auto","background-attachment":"scroll","background-type":"","background-media":"","overlay-type":"","overlay-color":"","overlay-opacity":"","overlay-gradient":""}},"ast-content-background-meta":{"desktop":{"background-color":"var(--ast-global-color-5)","background-image":"","background-repeat":"repeat","background-position":"center center","background-size":"auto","background-attachment":"scroll","background-type":"","background-media":"","overlay-type":"","overlay-color":"","overlay-opacity":"","overlay-gradient":""},"tablet":{"background-color":"var(--ast-global-color-5)","background-image":"","background-repeat":"repeat","background-position":"center center","background-size":"auto","background-attachment":"scroll","background-type":"","background-media":"","overlay-type":"","overlay-color":"","overlay-opacity":"","overlay-gradient":""},"mobile":{"background-color":"var(--ast-global-color-5)","background-image":"","background-repeat":"repeat","background-position":"center center","background-size":"auto","background-attachment":"scroll","background-type":"","background-media":"","overlay-type":"","overlay-color":"","overlay-opacity":"","overlay-gradient":""}},"footnotes":""},"class_list":["post-9982","page","type-page","status-publish","has-post-thumbnail","hentry"],"acf":[],"uagb_featured_image_src":{"full":false,"thumbnail":false,"medium":false,"medium_large":false,"large":false,"1536x1536":false,"2048x2048":false,"trp-custom-language-flag":false},"uagb_author_info":{"display_name":"Emil Aarestrup","author_link":"https:\/\/cargoflux.com\/en\/author\/emil\/"},"uagb_comment_info":0,"uagb_excerpt":"Forbind din WMS Optimer din logistik og forbedr kundeoplevelsen ved at forbinde dit WMS system til Cargoflux. Denne integration sikrer effektiv h\u00e5ndtering af lager- og forsendelsesprocesser, hvilket giver dig realtidsdata og mulighed for hurtig respons p\u00e5 eftersp\u00f8rgslen. Oplev fordelene ved pr\u00e6cis forsyningsk\u00e6destyring og lever en enest\u00e5ende kundeoplevelse med Cargoflux og dit WMS. Ongoing Ongoing WMS&hellip;","_links":{"self":[{"href":"https:\/\/cargoflux.com\/en\/wp-json\/wp\/v2\/pages\/9982","targetHints":{"allow":["GET"]}}],"collection":[{"href":"https:\/\/cargoflux.com\/en\/wp-json\/wp\/v2\/pages"}],"about":[{"href":"https:\/\/cargoflux.com\/en\/wp-json\/wp\/v2\/types\/page"}],"author":[{"embeddable":true,"href":"https:\/\/cargoflux.com\/en\/wp-json\/wp\/v2\/users\/6"}],"replies":[{"embeddable":true,"href":"https:\/\/cargoflux.com\/en\/wp-json\/wp\/v2\/comments?post=9982"}],"version-history":[{"count":9,"href":"https:\/\/cargoflux.com\/en\/wp-json\/wp\/v2\/pages\/9982\/revisions"}],"predecessor-version":[{"id":10001,"href":"https:\/\/cargoflux.com\/en\/wp-json\/wp\/v2\/pages\/9982\/revisions\/10001"}],"wp:featuredmedia":[{"embeddable":true,"href":"https:\/\/cargoflux.com\/en\/wp-json\/"}],"wp:attachment":[{"href":"https:\/\/cargoflux.com\/en\/wp-json\/wp\/v2\/media?parent=9982"}],"curies":[{"name":"wp","href":"https:\/\/api.w.org\/{rel}","templated":true}]}}