
{"id":9888,"date":"2025-10-28T14:40:55","date_gmt":"2025-10-28T14:40:55","guid":{"rendered":"https:\/\/cargoflux.com\/?page_id=9888"},"modified":"2025-10-28T14:40:56","modified_gmt":"2025-10-28T14:40:56","slug":"behandling-af-personoplysninger","status":"publish","type":"page","link":"https:\/\/cargoflux.com\/en\/behandling-af-personoplysninger\/","title":{"rendered":"Behandling af personoplysninger"},"content":{"rendered":"\n<div class=\"wp-block-uagb-container uagb-block-0f65a8c8 alignfull uagb-is-root-container\"><div class=\"uagb-container-inner-blocks-wrap\">\n<div class=\"row sqs-row\">\n<div class=\"col sqs-col-12 span-12\">\n<div class=\"row sqs-row\">\n<div class=\"col sqs-col-5 span-5\">\n<div id=\"block-b2d4acd5e46e55cdd724\" class=\"sqs-block html-block sqs-block-html\" data-block-type=\"2\" data-sqsp-block=\"text\">\n<div class=\"sqs-block-content\">\n<div class=\"sqs-html-content\" data-sqsp-text-block-content=\"\">\n<h3 class=\"preFade fadeIn\">Opfyldelse af kontrakt<\/h3>\n<\/div>\n<\/div>\n<\/div>\n<\/div>\n<div class=\"col sqs-col-1 span-1\">\n<div id=\"block-260ca84fa13669ca131d\" class=\"sqs-block website-component-block sqs-block-website-component sqs-block-spacer spacer-block sized vsize-1\" data-block-css=\"[&quot;https:\/\/definitions.sqspcdn.com\/website-component-definition\/static-assets\/website.components.spacer\/465a6f7e-a77e-40d9-aa07-324f4d1974f2_277\/website.components.spacer.styles.css&quot;]\" data-block-scripts=\"[&quot;https:\/\/definitions.sqspcdn.com\/website-component-definition\/static-assets\/website.components.spacer\/465a6f7e-a77e-40d9-aa07-324f4d1974f2_277\/website.components.spacer.visitor.js&quot;]\" data-block-type=\"1337\" data-definition-name=\"website.components.spacer\">\n<div class=\"sqs-block-content\">\u00a0<\/div>\n<\/div>\n<\/div>\n<div class=\"col sqs-col-6 span-6\">\n<div id=\"block-b5cdc45d52c7d5ec2919\" class=\"sqs-block html-block sqs-block-html\" data-block-type=\"2\" data-sqsp-block=\"text\">\n<div class=\"sqs-block-content\">\n<div class=\"sqs-html-content\" data-sqsp-text-block-content=\"\">\n<p class=\"preFade fadeIn\">I forbindelse med din handel med Cargoflux har du angivet en r\u00e6kke personoplysninger, herunder s\u00e6rligt:<\/p>\n<ul data-rte-list=\"default\">\n<li>\n<p class=\"preFade fadeIn\">Dit navn<\/p>\n<\/li>\n<li>\n<p class=\"preFade fadeIn\">Din adresse<\/p>\n<\/li>\n<li>\n<p class=\"preFade fadeIn\">Din e-mailadresse<\/p>\n<\/li>\n<li>\n<p class=\"preFade fadeIn\">Dit telefonnummer<\/p>\n<\/li>\n<\/ul>\n<p class=\"preFade fadeIn\">Disse personoplysninger behandler vi i forbindelse med ekspederingen af dit k\u00f8b, da det er n\u00f8dvendigt for, at vi kan opfylde vores del af kontrakten samt i en efterf\u00f8lgende periode p\u00e5 5 \u00e5r, for at overholde dansk regnskabslov. Herefter bliver oplysningerne slettet.<\/p>\n<\/div>\n<\/div>\n<\/div>\n<\/div>\n<\/div>\n<div id=\"block-2c52ad71a65a4fc1cf74\" class=\"sqs-block website-component-block sqs-block-website-component sqs-block-spacer spacer-block sized vsize-1\" data-block-css=\"[&quot;https:\/\/definitions.sqspcdn.com\/website-component-definition\/static-assets\/website.components.spacer\/465a6f7e-a77e-40d9-aa07-324f4d1974f2_277\/website.components.spacer.styles.css&quot;]\" data-block-scripts=\"[&quot;https:\/\/definitions.sqspcdn.com\/website-component-definition\/static-assets\/website.components.spacer\/465a6f7e-a77e-40d9-aa07-324f4d1974f2_277\/website.components.spacer.visitor.js&quot;]\" data-block-type=\"1337\" data-definition-name=\"website.components.spacer\">\n<div class=\"sqs-block-content\">\u00a0<\/div>\n<\/div>\n<\/div>\n<\/div>\n<div class=\"row sqs-row\">\n<div class=\"col sqs-col-5 span-5\">\n<div id=\"block-bbefb7651ef8d5a3bfa8\" class=\"sqs-block html-block sqs-block-html\" data-block-type=\"2\" data-sqsp-block=\"text\">\n<div class=\"sqs-block-content\">\n<div class=\"sqs-html-content\" data-sqsp-text-block-content=\"\">\n<h3 class=\"preFade fadeIn\">Datasikkerhed<\/h3>\n<\/div>\n<\/div>\n<\/div>\n<\/div>\n<div class=\"col sqs-col-1 span-1\">\n<div id=\"block-f08145d7ec128e087164\" class=\"sqs-block website-component-block sqs-block-website-component sqs-block-spacer spacer-block sized vsize-1\" data-block-css=\"[&quot;https:\/\/definitions.sqspcdn.com\/website-component-definition\/static-assets\/website.components.spacer\/465a6f7e-a77e-40d9-aa07-324f4d1974f2_277\/website.components.spacer.styles.css&quot;]\" data-block-scripts=\"[&quot;https:\/\/definitions.sqspcdn.com\/website-component-definition\/static-assets\/website.components.spacer\/465a6f7e-a77e-40d9-aa07-324f4d1974f2_277\/website.components.spacer.visitor.js&quot;]\" data-block-type=\"1337\" data-definition-name=\"website.components.spacer\">\n<div class=\"sqs-block-content\">\u00a0<\/div>\n<\/div>\n<\/div>\n<div class=\"col sqs-col-6 span-6\">\n<div id=\"block-3dfc1bafe910ed576c6a\" class=\"sqs-block html-block sqs-block-html\" data-block-type=\"2\" data-sqsp-block=\"text\">\n<div class=\"sqs-block-content\">\n<div class=\"sqs-html-content\" data-sqsp-text-block-content=\"\">\n<p class=\"preFade fadeIn\">I forbindelse med behandling af dine personoplysninger med henblik p\u00e5 opfyldelsen af en kontrakt, vil vi altid behandle dine personoplysninger sikkert og fortroligt i overensstemmelse med g\u00e6ldende lovgivning, herunder persondataforordningen og databeskyttelsesloven.<br \/>Dine oplysninger vil alene blive anvendt til det form\u00e5l, de er indsamlet til, og vil blive slettet, n\u00e5r dette form\u00e5l er opfyldt eller ikke l\u00e6ngere relevant.<br \/>Vi anvender tredjeparter til behandling af dine oplysninger. Vi har indg\u00e5et databehandleraftaler med disse databehandlere, hvilket er vores garanti for, at de overholder g\u00e6ldende regler om beskyttelse af dine personoplysninger.<\/p>\n<\/div>\n<\/div>\n<\/div>\n<\/div>\n<\/div>\n<div id=\"yui_3_17_2_1_1761662345902_412\" class=\"row sqs-row\">\n<div id=\"yui_3_17_2_1_1761662345902_411\" class=\"col sqs-col-12 span-12\">\n<div id=\"block-1e7c40ebe31f62956cab\" class=\"sqs-block website-component-block sqs-block-website-component sqs-block-spacer spacer-block sized vsize-1\" data-block-css=\"[&quot;https:\/\/definitions.sqspcdn.com\/website-component-definition\/static-assets\/website.components.spacer\/465a6f7e-a77e-40d9-aa07-324f4d1974f2_277\/website.components.spacer.styles.css&quot;]\" data-block-scripts=\"[&quot;https:\/\/definitions.sqspcdn.com\/website-component-definition\/static-assets\/website.components.spacer\/465a6f7e-a77e-40d9-aa07-324f4d1974f2_277\/website.components.spacer.visitor.js&quot;]\" data-block-type=\"1337\" data-definition-name=\"website.components.spacer\">\n<div class=\"sqs-block-content\">\u00a0<\/div>\n<\/div>\n<div id=\"yui_3_17_2_1_1761662345902_446\" class=\"row sqs-row\">\n<div class=\"col sqs-col-5 span-5\">\n<div id=\"block-bc59bda849eb16a8ac1e\" class=\"sqs-block html-block sqs-block-html\" data-block-type=\"2\" data-sqsp-block=\"text\">\n<div class=\"sqs-block-content\">\n<div class=\"sqs-html-content\" data-sqsp-text-block-content=\"\">\n<h3 class=\"preFade fadeIn\">Oplysning, indsigelse, \u00e6ndring, dataportabilitet og sletning<\/h3>\n<\/div>\n<\/div>\n<\/div>\n<\/div>\n<div class=\"col sqs-col-1 span-1\">\n<div id=\"block-a69f0018f51b0444be63\" class=\"sqs-block website-component-block sqs-block-website-component sqs-block-spacer spacer-block sized vsize-1\" data-block-css=\"[&quot;https:\/\/definitions.sqspcdn.com\/website-component-definition\/static-assets\/website.components.spacer\/465a6f7e-a77e-40d9-aa07-324f4d1974f2_277\/website.components.spacer.styles.css&quot;]\" data-block-scripts=\"[&quot;https:\/\/definitions.sqspcdn.com\/website-component-definition\/static-assets\/website.components.spacer\/465a6f7e-a77e-40d9-aa07-324f4d1974f2_277\/website.components.spacer.visitor.js&quot;]\" data-block-type=\"1337\" data-definition-name=\"website.components.spacer\">\n<div class=\"sqs-block-content\">\u00a0<\/div>\n<\/div>\n<\/div>\n<div id=\"yui_3_17_2_1_1761662345902_445\" class=\"col sqs-col-6 span-6\">\n<div id=\"block-5c4e6db733032a5dfdb1\" class=\"sqs-block html-block sqs-block-html\" data-block-type=\"2\" data-sqsp-block=\"text\">\n<div class=\"sqs-block-content\">\n<div class=\"sqs-html-content\" data-sqsp-text-block-content=\"\">\n<p class=\"preFade fadeIn\">Du kan altid kontakte os for at f\u00e5 oplyst, hvilke af dine personoplysninger vi ligger inde med.<br \/>Hvis der er fejl i vores oplysninger, kan du altid bede om at f\u00e5 dem rettet, s\u00e5 vi har de rigtige, lige som du har ret til at f\u00e5 udleveret oplysningerne i et almindeligt format (dataportabilitet). Har du \u00f8nsker om \u00e6ndring eller dataportabilitet, er du ogs\u00e5 meget velkommen til at skrive til os p\u00e5 ovenn\u00e6vnte e-mailadresse.<br \/>\u00d8nsker du ikke l\u00e6ngere, at vi skal behandle dine personoplysninger, eller at vi skal begr\u00e6nse behandlingen af dine personoplysninger, kan du ogs\u00e5 sende os en anmodning herom til ovenn\u00e6vnte e-mailadresse.<br \/>Anmodning om oplysning, indsigelse, \u00e6ndring, dataportabilitet og sletning skal ske skriftligt til <a href=\"mailto:support@cargoflux.com\">support@cargoflux.com<\/a>.<br \/>Dine oplysninger vil blive slettet 5 \u00e5r efter, at dit k\u00f8b p\u00e5 Cargoflux er gennemf\u00f8rt.<\/p>\n<\/div>\n<\/div>\n<\/div>\n<\/div>\n<\/div>\n<\/div>\n<\/div>\n\n\n\n<div class=\"wp-block-uagb-container uagb-block-034afe77\">\n<div class=\"wp-block-uagb-container uagb-block-23404bea\">\n<div class=\"wp-block-uagb-container anime-js-animation uagb-block-529710e4\">\n<div class=\"wp-block-uagb-advanced-heading uagb-block-40a3404d\"><h1 class=\"uagb-heading-text\">F\u00e5 mere at vide om  Cargoflux <\/h1><\/div>\n\n\n\n<div class=\"wp-block-uagb-advanced-heading uagb-block-cc3b9805\"><p class=\"uagb-heading-text\">Bestil en demo og se hvordan Cargoflux virker og kan tilpasses dine behov.<br><br>Vi ringer dig op og arrangerer et online m\u00f8de, hvor vi gennemg\u00e5r alle funktionaliteterne i Cargoflux bookingsystemet ganske gratis<\/p><\/div>\n<\/div>\n<\/div>\n\n\n\n<div class=\"wp-block-uagb-container uagb-block-6e017153\">\n<div class=\"wp-block-uagb-container anime-js-animation uagb-block-e3fafb52\">\n<div class=\"wp-block-uagb-forms uagb-forms__outer-wrap uagb-block-8074554a uagb-forms__medium-btn\"><form class=\"uagb-forms-main-form\" method=\"post\" autocomplete=\"on\" name=\"uagb-form-8074554a\">\n<div class=\"wp-block-uagb-forms-name uagb-forms-name-wrap uagb-forms-field-set uagb-block-12d58534\"><div class=\"uagb-forms-name-label required uagb-forms-input-label\" id=\"12d58534\">First Name<\/div><input type=\"text\" placeholder=\"Navn\" required class=\"uagb-forms-name-input uagb-forms-input\" name=\"12d58534\" autocomplete=\"given-name\"\/><\/div>\n\n\n\n<div class=\"wp-block-uagb-forms-name uagb-forms-name-wrap uagb-forms-field-set uagb-block-2b0c42bb\"><div class=\"uagb-forms-name-label required uagb-forms-input-label\" id=\"2b0c42bb\">Last Name<\/div><input type=\"text\" placeholder=\"Firmanavn\" required class=\"uagb-forms-name-input uagb-forms-input\" name=\"2b0c42bb\" autocomplete=\"family-name\"\/><\/div>\n\n\n\n<div class=\"wp-block-uagb-forms-email uagb-forms-email-wrap uagb-forms-field-set uagb-block-3baeccd7\"><div class=\"uagb-forms-email-label required uagb-forms-input-label\" id=\"3baeccd7\">Email<\/div><input type=\"email\" class=\"uagb-forms-email-input uagb-forms-input\" placeholder=\"Telefonnummer\" required name=\"3baeccd7\" autocomplete=\"off\"\/><\/div>\n\n\n\n<div class=\"wp-block-uagb-forms-email uagb-forms-email-wrap uagb-forms-field-set uagb-block-984bf009\"><div class=\"uagb-forms-email-label  uagb-forms-input-label\" id=\"984bf009\">Email<\/div><input type=\"email\" class=\"uagb-forms-email-input uagb-forms-input\" placeholder=\"Email\" name=\"984bf009\" autocomplete=\"email\"\/><\/div>\n<div class=\"uagb-forms-form-hidden-data\"><input type=\"hidden\" class=\"uagb_forms_form_label\" value=\"Spectra Form\"\/><input type=\"hidden\" class=\"uagb_forms_form_id\" value=\"uagb-form-8074554a\"\/><\/div><div class=\"uagb-form-reacaptcha-error-8074554a\"><\/div><div class=\"uagb-forms-main-submit-button-wrap wp-block-button\"><button class=\"uagb-forms-main-submit-button wp-block-button__link\"><div class=\"uagb-forms-main-submit-button-text\">Send besked<\/div><\/button><\/div><\/form><div class=\"uagb-forms-success-message-8074554a uagb-forms-submit-message-hide\"><span>Din besked er modtaget \u2013 vi kontakter dig hurtigst muligt!<\/span><\/div><div class=\"uagb-forms-failed-message-8074554a uagb-forms-submit-message-hide\"><span>Vi kunne desv\u00e6rre ikke sende din besked. Tjek dine oplysninger, og pr\u00f8v igen.\nEllers send os en mail direkte p\u00e5: info@cargoflux.com<\/span><\/div><\/div>\n<\/div>\n<\/div>\n<\/div>\n<\/div><\/div>\n","protected":false},"excerpt":{"rendered":"<p>Opfyldelse af kontrakt \u00a0 I forbindelse med din handel med Cargoflux har du angivet en r\u00e6kke personoplysninger, herunder s\u00e6rligt: Dit navn Din adresse Din e-mailadresse Dit telefonnummer Disse personoplysninger behandler vi i forbindelse med ekspederingen af dit k\u00f8b, da det er n\u00f8dvendigt for, at vi kan opfylde vores del af kontrakten samt i en efterf\u00f8lgende [&hellip;]<\/p>\n","protected":false},"author":2,"featured_media":6652,"parent":0,"menu_order":0,"comment_status":"closed","ping_status":"closed","template":"","meta":{"_acf_changed":false,"_uag_custom_page_level_css":"","site-sidebar-layout":"default","site-content-layout":"","ast-site-content-layout":"default","site-content-style":"default","site-sidebar-style":"default","ast-global-header-display":"","ast-banner-title-visibility":"","ast-main-header-display":"","ast-hfb-above-header-display":"","ast-hfb-below-header-display":"","ast-hfb-mobile-header-display":"","site-post-title":"disabled","ast-breadcrumbs-content":"","ast-featured-img":"disabled","footer-sml-layout":"","ast-disable-related-posts":"","theme-transparent-header-meta":"","adv-header-id-meta":"","stick-header-meta":"","header-above-stick-meta":"","header-main-stick-meta":"","header-below-stick-meta":"","astra-migrate-meta-layouts":"default","ast-page-background-enabled":"default","ast-page-background-meta":{"desktop":{"background-color":"var(--ast-global-color-4)","background-image":"","background-repeat":"repeat","background-position":"center center","background-size":"auto","background-attachment":"scroll","background-type":"","background-media":"","overlay-type":"","overlay-color":"","overlay-opacity":"","overlay-gradient":""},"tablet":{"background-color":"","background-image":"","background-repeat":"repeat","background-position":"center center","background-size":"auto","background-attachment":"scroll","background-type":"","background-media":"","overlay-type":"","overlay-color":"","overlay-opacity":"","overlay-gradient":""},"mobile":{"background-color":"","background-image":"","background-repeat":"repeat","background-position":"center center","background-size":"auto","background-attachment":"scroll","background-type":"","background-media":"","overlay-type":"","overlay-color":"","overlay-opacity":"","overlay-gradient":""}},"ast-content-background-meta":{"desktop":{"background-color":"var(--ast-global-color-5)","background-image":"","background-repeat":"repeat","background-position":"center center","background-size":"auto","background-attachment":"scroll","background-type":"","background-media":"","overlay-type":"","overlay-color":"","overlay-opacity":"","overlay-gradient":""},"tablet":{"background-color":"var(--ast-global-color-5)","background-image":"","background-repeat":"repeat","background-position":"center center","background-size":"auto","background-attachment":"scroll","background-type":"","background-media":"","overlay-type":"","overlay-color":"","overlay-opacity":"","overlay-gradient":""},"mobile":{"background-color":"var(--ast-global-color-5)","background-image":"","background-repeat":"repeat","background-position":"center center","background-size":"auto","background-attachment":"scroll","background-type":"","background-media":"","overlay-type":"","overlay-color":"","overlay-opacity":"","overlay-gradient":""}},"footnotes":""},"class_list":["post-9888","page","type-page","status-publish","has-post-thumbnail","hentry"],"acf":[],"uagb_featured_image_src":{"full":false,"thumbnail":false,"medium":false,"medium_large":false,"large":false,"1536x1536":false,"2048x2048":false,"trp-custom-language-flag":false},"uagb_author_info":{"display_name":"Jannick Sloth","author_link":"https:\/\/cargoflux.com\/en\/author\/jannick\/"},"uagb_comment_info":0,"uagb_excerpt":"Opfyldelse af kontrakt \u00a0 I forbindelse med din handel med Cargoflux har du angivet en r\u00e6kke personoplysninger, herunder s\u00e6rligt: Dit navn Din adresse Din e-mailadresse Dit telefonnummer Disse personoplysninger behandler vi i forbindelse med ekspederingen af dit k\u00f8b, da det er n\u00f8dvendigt for, at vi kan opfylde vores del af kontrakten samt i en efterf\u00f8lgende&hellip;","_links":{"self":[{"href":"https:\/\/cargoflux.com\/en\/wp-json\/wp\/v2\/pages\/9888","targetHints":{"allow":["GET"]}}],"collection":[{"href":"https:\/\/cargoflux.com\/en\/wp-json\/wp\/v2\/pages"}],"about":[{"href":"https:\/\/cargoflux.com\/en\/wp-json\/wp\/v2\/types\/page"}],"author":[{"embeddable":true,"href":"https:\/\/cargoflux.com\/en\/wp-json\/wp\/v2\/users\/2"}],"replies":[{"embeddable":true,"href":"https:\/\/cargoflux.com\/en\/wp-json\/wp\/v2\/comments?post=9888"}],"version-history":[{"count":1,"href":"https:\/\/cargoflux.com\/en\/wp-json\/wp\/v2\/pages\/9888\/revisions"}],"predecessor-version":[{"id":9889,"href":"https:\/\/cargoflux.com\/en\/wp-json\/wp\/v2\/pages\/9888\/revisions\/9889"}],"wp:featuredmedia":[{"embeddable":true,"href":"https:\/\/cargoflux.com\/en\/wp-json\/"}],"wp:attachment":[{"href":"https:\/\/cargoflux.com\/en\/wp-json\/wp\/v2\/media?parent=9888"}],"curies":[{"name":"wp","href":"https:\/\/api.w.org\/{rel}","templated":true}]}}