
{"id":9877,"date":"2025-10-21T06:07:35","date_gmt":"2025-10-21T06:07:35","guid":{"rendered":"https:\/\/cargoflux.com\/?page_id=9877"},"modified":"2025-10-21T06:15:49","modified_gmt":"2025-10-21T06:15:49","slug":"printing-dongle","status":"publish","type":"page","link":"https:\/\/cargoflux.com\/en\/printing-dongle\/","title":{"rendered":"Printing Dongle"},"content":{"rendered":"<p>Trin 1.<br><br>S\u00e6t str\u00f8m til din dongle i den h\u00f8jre port. Der er et lille lyn over porten.<\/p>\n\n\n\n<figure class=\"wp-block-image size-large is-resized\"><img loading=\"lazy\" decoding=\"async\" width=\"1024\" height=\"836\" src=\"https:\/\/cargoflux.com\/wp-content\/uploads\/2025\/10\/Cursor_and_Black_Text_Icons_Icon_Set__1__png-1-1024x836.webp?wsr\" alt=\"\" class=\"wp-image-9878\" style=\"width:171px;height:auto\" srcset=\"https:\/\/cargoflux.com\/wp-content\/uploads\/2025\/10\/Cursor_and_Black_Text_Icons_Icon_Set__1__png-1-1024x836.webp 1024w, https:\/\/cargoflux.com\/wp-content\/uploads\/2025\/10\/Cursor_and_Black_Text_Icons_Icon_Set__1__png-1-300x245.webp 300w, https:\/\/cargoflux.com\/wp-content\/uploads\/2025\/10\/Cursor_and_Black_Text_Icons_Icon_Set__1__png-1-768x627.webp 768w, https:\/\/cargoflux.com\/wp-content\/uploads\/2025\/10\/Cursor_and_Black_Text_Icons_Icon_Set__1__png-1.webp 1462w\" sizes=\"auto, (max-width: 1024px) 100vw, 1024px\" \/><\/figure>\n\n\n\n<p>Trin 2.<br><br>N\u00e5r donglen bliver tilsluttet str\u00f8m f\u00f8rste gang, vil den starte et<br>wifi hotspot. Hotspot navnet til donglen er : Cargoflux Print Dongle.<br><br>Tilslut til dig til wifi hotspottet, ved at klikke Connect.<\/p>\n\n\n\n<figure class=\"wp-block-image size-large is-resized\"><img loading=\"lazy\" decoding=\"async\" width=\"967\" height=\"1024\" src=\"https:\/\/cargoflux.com\/wp-content\/uploads\/2025\/10\/image_png-967x1024.webp?wsr\" alt=\"\" class=\"wp-image-9879\" style=\"width:175px;height:auto\" srcset=\"https:\/\/cargoflux.com\/wp-content\/uploads\/2025\/10\/image_png-967x1024.webp 967w, https:\/\/cargoflux.com\/wp-content\/uploads\/2025\/10\/image_png-283x300.webp 283w, https:\/\/cargoflux.com\/wp-content\/uploads\/2025\/10\/image_png-768x813.webp 768w, https:\/\/cargoflux.com\/wp-content\/uploads\/2025\/10\/image_png.webp 1366w\" sizes=\"auto, (max-width: 967px) 100vw, 967px\" \/><\/figure>\n\n\n\n<p>Trin 3.<br>N\u00e5r du har tilsluttet dig hotspottet, \u00e5bner en ny browser automatisk. Se billedet nedenfor som eksempel.<br><br>V\u00e6lg det tr\u00e5dl\u00f8se netv\u00e6rk, som enheden skal bruge for at kommunikere med CF donglen.<br><br>Indtast koden til dit wifi.<br><br>N\u00e5r du trykker p\u00e5 &#8220;connect&#8221;, vil enheden genstarte og blive tilkoblet det wifi, du har angivet.<\/p>\n\n\n\n<figure class=\"wp-block-image size-large is-resized\"><img loading=\"lazy\" decoding=\"async\" width=\"749\" height=\"1024\" src=\"https:\/\/cargoflux.com\/wp-content\/uploads\/2025\/10\/Cursor_and_image__1__png-749x1024.webp?wsr\" alt=\"\" class=\"wp-image-9880\" style=\"width:170px;height:auto\" srcset=\"https:\/\/cargoflux.com\/wp-content\/uploads\/2025\/10\/Cursor_and_image__1__png-749x1024.webp 749w, https:\/\/cargoflux.com\/wp-content\/uploads\/2025\/10\/Cursor_and_image__1__png-219x300.webp 219w, https:\/\/cargoflux.com\/wp-content\/uploads\/2025\/10\/Cursor_and_image__1__png-768x1050.webp 768w, https:\/\/cargoflux.com\/wp-content\/uploads\/2025\/10\/Cursor_and_image__1__png.webp 1018w\" sizes=\"auto, (max-width: 749px) 100vw, 749px\" \/><\/figure>\n\n\n\n<p>Trin 4.<br><br>1. V\u00e6lg &#8220;Settings&#8221; i jeres Cargoflux portal og klik derefter p\u00e5 &#8220;Label Print&#8221;.<\/p>\n\n\n\n<p>2. Tilslut din printer til donglen.<\/p>\n\n\n\n<p>3. Vent i 2 minutter og se, om donglen vises.<\/p>\n\n\n\n<p>4. Kontroller, at der st\u00e5r &#8220;Online&#8221; og &#8220;Printer Connected&#8221;. P\u00e5 den m\u00e5de ved du, at alt er korrekt konfigureret.<\/p>\n\n\n\n<p>5. Hvis du \u00f8nsker at give donglen et andet navn eller \u00e6ndre st\u00f8rrelsen p\u00e5 etiketten, kan du ogs\u00e5 g\u00f8re det her.<\/p>\n\n\n\n<figure class=\"wp-block-image size-large is-resized\"><img loading=\"lazy\" decoding=\"async\" width=\"1024\" height=\"389\" src=\"https:\/\/cargoflux.com\/wp-content\/uploads\/2025\/10\/Notification_Center-1024x389.webp?wsr\" alt=\"\" class=\"wp-image-9882\" style=\"width:429px;height:auto\" srcset=\"https:\/\/cargoflux.com\/wp-content\/uploads\/2025\/10\/Notification_Center-1024x389.webp 1024w, https:\/\/cargoflux.com\/wp-content\/uploads\/2025\/10\/Notification_Center-300x114.webp 300w, https:\/\/cargoflux.com\/wp-content\/uploads\/2025\/10\/Notification_Center-768x292.webp 768w, https:\/\/cargoflux.com\/wp-content\/uploads\/2025\/10\/Notification_Center-1536x583.webp 1536w, https:\/\/cargoflux.com\/wp-content\/uploads\/2025\/10\/Notification_Center.webp 1920w\" sizes=\"auto, (max-width: 1024px) 100vw, 1024px\" \/><\/figure>\n\n\n\n<div class=\"wp-block-uagb-separator uagb-block-9a9d9fab\"><div class=\"wp-block-uagb-separator__inner\" style=\"--my-background-image:\"><\/div><\/div>\n\n\n\n<p><strong>Bem\u00e6rk:\u00a0<\/strong>Hvis donglen ikke vises, skal du kontrollere, om der er oprettet et nyt wifi-hotspot. Hvis dette ikke l\u00f8ser problemet,<br>kan du pr\u00f8ve at genstarte donglen ved at tage str\u00f8mkablet ud, vente i 30 sekunder og s\u00e6tte det i igen.<\/p>\n\n\n\n<p><\/p>","protected":false},"excerpt":{"rendered":"<p>Trin 1. S\u00e6t str\u00f8m til din dongle i den h\u00f8jre port. Der er et lille lyn over porten. Trin 2. N\u00e5r donglen bliver tilsluttet str\u00f8m f\u00f8rste gang, vil den starte etwifi hotspot. Hotspot navnet til donglen er : Cargoflux Print Dongle. Tilslut til dig til wifi hotspottet, ved at klikke Connect. Trin 3.N\u00e5r du har [&hellip;]<\/p>\n","protected":false},"author":2,"featured_media":0,"parent":0,"menu_order":0,"comment_status":"closed","ping_status":"closed","template":"","meta":{"_acf_changed":false,"_uag_custom_page_level_css":"","site-sidebar-layout":"default","site-content-layout":"","ast-site-content-layout":"default","site-content-style":"default","site-sidebar-style":"default","ast-global-header-display":"","ast-banner-title-visibility":"","ast-main-header-display":"","ast-hfb-above-header-display":"","ast-hfb-below-header-display":"","ast-hfb-mobile-header-display":"","site-post-title":"","ast-breadcrumbs-content":"","ast-featured-img":"","footer-sml-layout":"","ast-disable-related-posts":"","theme-transparent-header-meta":"","adv-header-id-meta":"","stick-header-meta":"","header-above-stick-meta":"","header-main-stick-meta":"","header-below-stick-meta":"","astra-migrate-meta-layouts":"default","ast-page-background-enabled":"default","ast-page-background-meta":{"desktop":{"background-color":"var(--ast-global-color-4)","background-image":"","background-repeat":"repeat","background-position":"center center","background-size":"auto","background-attachment":"scroll","background-type":"","background-media":"","overlay-type":"","overlay-color":"","overlay-opacity":"","overlay-gradient":""},"tablet":{"background-color":"","background-image":"","background-repeat":"repeat","background-position":"center center","background-size":"auto","background-attachment":"scroll","background-type":"","background-media":"","overlay-type":"","overlay-color":"","overlay-opacity":"","overlay-gradient":""},"mobile":{"background-color":"","background-image":"","background-repeat":"repeat","background-position":"center center","background-size":"auto","background-attachment":"scroll","background-type":"","background-media":"","overlay-type":"","overlay-color":"","overlay-opacity":"","overlay-gradient":""}},"ast-content-background-meta":{"desktop":{"background-color":"var(--ast-global-color-5)","background-image":"","background-repeat":"repeat","background-position":"center center","background-size":"auto","background-attachment":"scroll","background-type":"","background-media":"","overlay-type":"","overlay-color":"","overlay-opacity":"","overlay-gradient":""},"tablet":{"background-color":"var(--ast-global-color-5)","background-image":"","background-repeat":"repeat","background-position":"center center","background-size":"auto","background-attachment":"scroll","background-type":"","background-media":"","overlay-type":"","overlay-color":"","overlay-opacity":"","overlay-gradient":""},"mobile":{"background-color":"var(--ast-global-color-5)","background-image":"","background-repeat":"repeat","background-position":"center center","background-size":"auto","background-attachment":"scroll","background-type":"","background-media":"","overlay-type":"","overlay-color":"","overlay-opacity":"","overlay-gradient":""}},"footnotes":""},"class_list":["post-9877","page","type-page","status-publish","hentry"],"acf":[],"uagb_featured_image_src":{"full":false,"thumbnail":false,"medium":false,"medium_large":false,"large":false,"1536x1536":false,"2048x2048":false,"trp-custom-language-flag":false},"uagb_author_info":{"display_name":"Jannick Sloth","author_link":"https:\/\/cargoflux.com\/en\/author\/jannick\/"},"uagb_comment_info":0,"uagb_excerpt":"Trin 1. S\u00e6t str\u00f8m til din dongle i den h\u00f8jre port. Der er et lille lyn over porten. Trin 2. N\u00e5r donglen bliver tilsluttet str\u00f8m f\u00f8rste gang, vil den starte etwifi hotspot. Hotspot navnet til donglen er : Cargoflux Print Dongle. Tilslut til dig til wifi hotspottet, ved at klikke Connect. Trin 3.N\u00e5r du har&hellip;","_links":{"self":[{"href":"https:\/\/cargoflux.com\/en\/wp-json\/wp\/v2\/pages\/9877","targetHints":{"allow":["GET"]}}],"collection":[{"href":"https:\/\/cargoflux.com\/en\/wp-json\/wp\/v2\/pages"}],"about":[{"href":"https:\/\/cargoflux.com\/en\/wp-json\/wp\/v2\/types\/page"}],"author":[{"embeddable":true,"href":"https:\/\/cargoflux.com\/en\/wp-json\/wp\/v2\/users\/2"}],"replies":[{"embeddable":true,"href":"https:\/\/cargoflux.com\/en\/wp-json\/wp\/v2\/comments?post=9877"}],"version-history":[{"count":3,"href":"https:\/\/cargoflux.com\/en\/wp-json\/wp\/v2\/pages\/9877\/revisions"}],"predecessor-version":[{"id":9884,"href":"https:\/\/cargoflux.com\/en\/wp-json\/wp\/v2\/pages\/9877\/revisions\/9884"}],"wp:attachment":[{"href":"https:\/\/cargoflux.com\/en\/wp-json\/wp\/v2\/media?parent=9877"}],"curies":[{"name":"wp","href":"https:\/\/api.w.org\/{rel}","templated":true}]}}