
{"id":9782,"date":"2025-09-18T14:22:14","date_gmt":"2025-09-18T14:22:14","guid":{"rendered":"https:\/\/rc.cargoflux.com\/?page_id=9782"},"modified":"2025-09-22T12:05:07","modified_gmt":"2025-09-22T12:05:07","slug":"freetrade-logistics","status":"publish","type":"page","link":"https:\/\/cargoflux.com\/en\/freetrade-logistics\/","title":{"rendered":"Freetrade Logistics"},"content":{"rendered":"<div class=\"wp-block-uagb-container uagb-block-243195da alignfull uagb-is-root-container\">\n<div class=\"wp-block-uagb-container uagb-block-320d4c14 alignfull uagb-is-root-container\"><div class=\"uagb-container-inner-blocks-wrap\">\n<div class=\"wp-block-uagb-container uagb-block-193146e0\">\n<div class=\"wp-block-uagb-container anime-js-animation uagb-block-b919433e\">\n<div class=\"wp-block-uagb-advanced-heading uagb-block-b0f32548\"><h1 class=\"uagb-heading-text\"> From manual processes to a fully integrated flow<\/h1><\/div>\n\n\n\n<div class=\"wp-block-uagb-advanced-heading uagb-block-cab063f0\"><p class=\"uagb-heading-text\">Freetrade needed a logistics partner, that could grow with them, the choice fell to Cargoflux, and its seamless integration with Ongoing WMS<\/p><\/div>\n<\/div>\n<\/div>\n<\/div><\/div>\n<\/div>\n\n\n\n<div class=\"wp-block-uagb-container anime-js-animation-container uagb-block-e8ab604b alignfull uagb-is-root-container\">\n<div class=\"wp-block-uagb-container uagb-block-b2d61fd5 alignfull uagb-is-root-container\"><div class=\"uagb-container-inner-blocks-wrap\">\n<div class=\"wp-block-uagb-container responsive uagb-block-5498cd5b alignfull uagb-is-root-container\"><div class=\"uagb-container-inner-blocks-wrap\">\n<div class=\"wp-block-uagb-container anime-js-animation uag-blocks-common-selector uagb-block-0571e8c6\">\n<div class=\"wp-block-uagb-image uagb-block-48203fd4 wp-block-uagb-image--layout-default wp-block-uagb-image--effect-static wp-block-uagb-image--align-none\"><figure class=\"wp-block-uagb-image__figure\"><img decoding=\"async\" srcset=\"https:\/\/cargoflux.com\/wp-content\/uploads\/2025\/09\/Vi-tilbyder-dynamiske-transportlosninger-i-Danmark-og-udlandet_freetrade-logistics-1024x492.jpg ,https:\/\/cargoflux.com\/wp-content\/uploads\/2025\/09\/Vi-tilbyder-dynamiske-transportlosninger-i-Danmark-og-udlandet_freetrade-logistics.jpg 780w, https:\/\/cargoflux.com\/wp-content\/uploads\/2025\/09\/Vi-tilbyder-dynamiske-transportlosninger-i-Danmark-og-udlandet_freetrade-logistics.jpg 360w\" sizes=\"auto, (max-width: 480px) 150px\" src=\"https:\/\/cargoflux.com\/wp-content\/uploads\/2025\/09\/Vi-tilbyder-dynamiske-transportlosninger-i-Danmark-og-udlandet_freetrade-logistics-1024x492.jpg\" alt=\"\" class=\"uag-image-9824\" width=\"1500\" height=\"1125\" title=\"Vi-tilbyder-dynamiske-transportl\u00f8sninger-i-Danmark-og-udlandet_freetrade-logistics\" loading=\"lazy\" role=\"img\"\/><\/figure><\/div>\n\n\n\n<div class=\"wp-block-uagb-container uag-blocks-common-selector uagb-block-354bb880\">\n<figure class=\"wp-block-image size-full is-resized has-custom-border is-style-custom-image-style wp-duotone-unset-1\" style=\"margin-top:0;margin-right:0;margin-bottom:0\"><img loading=\"lazy\" decoding=\"async\" width=\"48\" height=\"23\" src=\"http:\/\/cargoflux.com\/wp-content\/uploads\/2025\/03\/creative-elements_Creative-04.svg\" alt=\"\" class=\"wp-image-8225\" style=\"border-radius:0px;width:150px\"\/><\/figure>\n<\/div>\n<\/div>\n\n\n\n<div class=\"wp-block-uagb-container responsive anime-js-animation uag-blocks-common-selector uagb-block-4789c029\">\n<div class=\"wp-block-uagb-advanced-heading uagb-block-2ea4e812\"><h3 class=\"uagb-heading-text\">The challenge<\/h3><\/div>\n\n\n\n<p class=\"has-ast-global-color-1-color has-text-color has-link-color wp-elements-5edc85750663c3f99cb10b769135f484\">At FreeTrade Logistics, we have for many years used both Ongoing WMS and Cargoflux separately. Both systems created value \u2014 but our daily operations were still marked by manual steps, especially in the connection between warehouse management and transport booking. <\/p>\n\n\n\n<p class=\"has-ast-global-color-1-color has-text-color has-link-color wp-elements-7cea078bebb9764417a6cb53ad205fe2\">It cost time, increased the risk of errors, and made it harder to scale in step with customer growth. In addition, it was a challenge to create the necessary transparency across processes, which affected both our internal efficiency and the customer experience.<\/p>\n\n\n\n<p class=\"has-ast-global-color-1-color has-text-color has-link-color wp-elements-3605a9ffa0d2c30522d0187350213700\"><\/p>\n\n\n\n<p class=\"has-ast-global-color-1-color has-text-color has-link-color wp-elements-3605a9ffa0d2c30522d0187350213700\"><\/p>\n<\/div>\n<\/div><\/div>\n<\/div><\/div>\n<\/div>\n\n\n\n<div class=\"wp-block-uagb-container anime-js-animation-container uagb-layout-flex uagb-block-56c0a00a alignfull uagb-is-root-container\"><div class=\"uagb-container-inner-blocks-wrap\">\n<div class=\"wp-block-uagb-container uagb-block-dc1a5cdb alignfull uagb-is-root-container\"><div class=\"uagb-container-inner-blocks-wrap\">\n<div class=\"wp-block-uagb-container uagb-block-0eaeba41 alignfull uagb-is-root-container\"><div class=\"uagb-container-inner-blocks-wrap\">\n<div class=\"wp-block-uagb-container uagb-block-2c3f9df7 alignfull uagb-is-root-container\"><div class=\"uagb-container-inner-blocks-wrap\">\n<div class=\"wp-block-uagb-container responsive anime-js-animation uagb-block-e2f5ab6a\">\n<div class=\"wp-block-uagb-advanced-heading uagb-block-dbcdf1c6\"><h3 class=\"uagb-heading-text\">How was the solution? <\/h3><\/div>\n\n\n\n<p class=\"has-white-color has-text-color has-link-color wp-elements-5ed292c5a5cdff61fcded12fb73bf5bb\">The integration between Ongoing and Cargoflux became the answer. The combination brings together the best of both worlds: Ongoing to manage the entire warehouse flow \u2014 from putaway to picking and shipping \u2014 and Cargoflux to handle transport booking and labels automatically. In this way, our logistics were seen as a whole rather than two separate processes. The implementation went smoothly, and support from both parties has meant we could quickly realize operational gains.<\/p>\n\n\n\n<h2 class=\"wp-block-heading has-white-color has-text-color has-link-color wp-elements-64eba4a646f0c3c6c6e1e2745195abed\">The result:<\/h2>\n\n\n\n<p>Today we experience:<\/p>\n\n\n\n<ul class=\"wp-block-list\">\n<li>Significantly fewer manual processes and higher operational reliability.<\/li>\n\n\n\n<li>Time savings that free up resources to focus on development and growth.<\/li>\n\n\n\n<li>A more scalable setup where we can easily adapt to customers\u2019 needs.<\/li>\n\n\n\n<li>Better data quality and visibility, strengthening our decision-making.<\/li>\n\n\n\n<li>A more streamlined customer experience, where orders can be handled faster and more reliably.<\/li>\n<\/ul>\n\n\n\n<h2 class=\"wp-block-heading has-white-color has-text-color has-link-color wp-elements-8bf5669a39376e740077fae9dfbec471\">The partnership<\/h2>\n\n\n\n<p class=\"has-white-color has-text-color has-link-color wp-elements-1990435adc333b55b90a78fe6341ee99\">The collaboration with Ongoing and Cargoflux has strengthened our position in the market. We can differentiate ourselves through a more efficient, transparent, and cohesive solution \u2014 and most importantly, we can be an even stronger partner in our customers\u2019 value chains. At the same time, the solution gives us a future-proof platform where we can leverage new opportunities and scale without having to worry about system limitations.<\/p>\n\n\n\n<div class=\"wp-block-uagb-advanced-heading uagb-block-eb0d3598\"><h3 class=\"uagb-heading-text\"><strong>After implementing Cargoflux, FreeTrade Logistics has achieved several noticeable results:<\/strong><\/h3><\/div>\n\n\n\n<div class=\"wp-block-uagb-icon-list uagb-block-bc0843bb\"><div class=\"uagb-icon-list__wrap\">\n<div class=\"wp-block-uagb-icon-list-child uagb-block-9be002b7\"><span class=\"uagb-icon-list__source-wrap\"><svg xmlns=\"https:\/\/www.w3.org\/2000\/svg\" viewbox=\"0 0 512 512\"><path d=\"M256 0C114.6 0 0 114.6 0 256c0 141.4 114.6 256 256 256s256-114.6 256-256C512 114.6 397.4 0 256 0zM406.6 278.6l-103.1 103.1c-12.5 12.5-32.75 12.5-45.25 0s-12.5-32.75 0-45.25L306.8 288H128C110.3 288 96 273.7 96 256s14.31-32 32-32h178.8l-49.38-49.38c-12.5-12.5-12.5-32.75 0-45.25s32.75-12.5 45.25 0l103.1 103.1C414.6 241.3 416 251.1 416 256C416 260.9 414.6 270.7 406.6 278.6z\"><\/path><\/svg><\/span><span class=\"uagb-icon-list__label\"><strong>Effectivity:<\/strong> Freetrade Logistics has experienced a significant increase in shipping efficiency thanks to Cargoflux\u2019s automated booking process.<\/span><\/div>\n\n\n\n<div class=\"wp-block-uagb-icon-list-child uagb-block-36d58ead\"><span class=\"uagb-icon-list__source-wrap\"><svg xmlns=\"https:\/\/www.w3.org\/2000\/svg\" viewbox=\"0 0 512 512\"><path d=\"M256 0C114.6 0 0 114.6 0 256c0 141.4 114.6 256 256 256s256-114.6 256-256C512 114.6 397.4 0 256 0zM406.6 278.6l-103.1 103.1c-12.5 12.5-32.75 12.5-45.25 0s-12.5-32.75 0-45.25L306.8 288H128C110.3 288 96 273.7 96 256s14.31-32 32-32h178.8l-49.38-49.38c-12.5-12.5-12.5-32.75 0-45.25s32.75-12.5 45.25 0l103.1 103.1C414.6 241.3 416 251.1 416 256C416 260.9 414.6 270.7 406.6 278.6z\"><\/path><\/svg><\/span><span class=\"uagb-icon-list__label\"><strong>Precision:<\/strong> The integration with their WMS system has reduced the risk of errors and ensured accurate shipment information.<\/span><\/div>\n\n\n\n<div class=\"wp-block-uagb-icon-list-child uagb-block-873d28fc\"><span class=\"uagb-icon-list__source-wrap\"><svg xmlns=\"https:\/\/www.w3.org\/2000\/svg\" viewbox=\"0 0 512 512\"><path d=\"M256 0C114.6 0 0 114.6 0 256c0 141.4 114.6 256 256 256s256-114.6 256-256C512 114.6 397.4 0 256 0zM406.6 278.6l-103.1 103.1c-12.5 12.5-32.75 12.5-45.25 0s-12.5-32.75 0-45.25L306.8 288H128C110.3 288 96 273.7 96 256s14.31-32 32-32h178.8l-49.38-49.38c-12.5-12.5-12.5-32.75 0-45.25s32.75-12.5 45.25 0l103.1 103.1C414.6 241.3 416 251.1 416 256C416 260.9 414.6 270.7 406.6 278.6z\"><\/path><\/svg><\/span><span class=\"uagb-icon-list__label\"><strong>Customer satisfaction:<\/strong> Freetrade Logistics is now better able to meet customers\u2019 needs by delivering products on time.<\/span><\/div>\n\n\n\n<div class=\"wp-block-uagb-icon-list-child uagb-block-0dd35188\"><span class=\"uagb-icon-list__source-wrap\"><svg xmlns=\"https:\/\/www.w3.org\/2000\/svg\" viewbox=\"0 0 512 512\"><path d=\"M256 0C114.6 0 0 114.6 0 256c0 141.4 114.6 256 256 256s256-114.6 256-256C512 114.6 397.4 0 256 0zM406.6 278.6l-103.1 103.1c-12.5 12.5-32.75 12.5-45.25 0s-12.5-32.75 0-45.25L306.8 288H128C110.3 288 96 273.7 96 256s14.31-32 32-32h178.8l-49.38-49.38c-12.5-12.5-12.5-32.75 0-45.25s32.75-12.5 45.25 0l103.1 103.1C414.6 241.3 416 251.1 416 256C416 260.9 414.6 270.7 406.6 278.6z\"><\/path><\/svg><\/span><span class=\"uagb-icon-list__label\"><strong>Cost reductions:<\/strong> By avoiding an expensive agreement with another supplier, Freetrade Logistics has achieved significant cost savings.<\/span><\/div>\n<\/div><\/div>\n<\/div>\n\n\n\n<div class=\"wp-block-uagb-container uag-blocks-common-selector uagb-block-214ad5fa\">\n<div class=\"wp-block-uagb-container uagb-block-aae51049\">\n<div class=\"wp-block-uagb-container anime-js-animation uag-blocks-common-selector uagb-block-87a0812a\">\n<div class=\"wp-block-uagb-container uagb-block-5ed2e71b\">\n<figure class=\"wp-block-image size-full has-custom-border is-style-default\" style=\"margin-top:0\"><img loading=\"lazy\" decoding=\"async\" width=\"1040\" height=\"500\" src=\"https:\/\/cargoflux.com\/wp-content\/uploads\/2025\/09\/Vi-tilrettelaegger-dit-transportforlob-med-respekt-for-dine-varer-og-sans-for-detaljen_freetrade-logistics.jpg\" alt=\"\" class=\"wp-image-9825\" style=\"border-radius:20px\" srcset=\"https:\/\/cargoflux.com\/wp-content\/uploads\/2025\/09\/Vi-tilrettelaegger-dit-transportforlob-med-respekt-for-dine-varer-og-sans-for-detaljen_freetrade-logistics.jpg 1040w, https:\/\/cargoflux.com\/wp-content\/uploads\/2025\/09\/Vi-tilrettelaegger-dit-transportforlob-med-respekt-for-dine-varer-og-sans-for-detaljen_freetrade-logistics-300x144.jpg 300w, https:\/\/cargoflux.com\/wp-content\/uploads\/2025\/09\/Vi-tilrettelaegger-dit-transportforlob-med-respekt-for-dine-varer-og-sans-for-detaljen_freetrade-logistics-1024x492.jpg 1024w, https:\/\/cargoflux.com\/wp-content\/uploads\/2025\/09\/Vi-tilrettelaegger-dit-transportforlob-med-respekt-for-dine-varer-og-sans-for-detaljen_freetrade-logistics-768x369.jpg 768w\" sizes=\"auto, (max-width: 1040px) 100vw, 1040px\" \/><\/figure>\n<\/div>\n\n\n\n<div class=\"wp-block-uagb-container uag-blocks-common-selector uagb-block-54dfaf94\">\n<figure class=\"wp-block-image size-full is-resized has-custom-border is-style-custom-image-style\" style=\"margin-top:0;margin-right:0;margin-bottom:0\"><img loading=\"lazy\" decoding=\"async\" width=\"33\" height=\"33\" src=\"http:\/\/cargoflux.com\/wp-content\/uploads\/2025\/03\/creative-elements_Creative-05.svg\" alt=\"\" class=\"wp-image-8226\" style=\"border-radius:0px;width:110px\"\/><\/figure>\n<\/div>\n<\/div>\n<\/div>\n<\/div>\n<\/div><\/div>\n<\/div><\/div>\n\n\n\n<div class=\"wp-block-uagb-container uagb-block-a0e9a916 alignfull uagb-is-root-container\"><div class=\"uagb-container-inner-blocks-wrap\">\n<div class=\"wp-block-uagb-container uagb-layout-flex uagb-block-06c0f06e\">\n<div class=\"wp-block-uagb-image uagb-block-2cf36c8a wp-block-uagb-image--layout-default wp-block-uagb-image--effect-static wp-block-uagb-image--align-none\"><figure class=\"wp-block-uagb-image__figure\"><img decoding=\"async\" srcset=\"https:\/\/cargoflux.com\/wp-content\/uploads\/2025\/09\/mc_free.jpeg ,https:\/\/cargoflux.com\/wp-content\/uploads\/2025\/09\/mc_free.jpeg 780w, https:\/\/cargoflux.com\/wp-content\/uploads\/2025\/09\/mc_free.jpeg 360w\" sizes=\"auto, (max-width: 480px) 150px\" src=\"https:\/\/cargoflux.com\/wp-content\/uploads\/2025\/09\/mc_free.jpeg\" alt=\"\" class=\"uag-image-9784\" width=\"667\" height=\"675\" title=\"mc_free\" loading=\"lazy\" role=\"img\"\/><\/figure><\/div>\n<\/div>\n\n\n\n<div class=\"wp-block-uagb-container uagb-block-66e12f9d\">\n<div class=\"wp-block-uagb-advanced-heading uagb-block-8053f7f6\"><h3 class=\"uagb-heading-text\">\"We save time every single day, minimizing mistakes, and can focus a lot more on developing<br>our company and creating value for our customers. It's exactly the type of digitalization, that<br>makes a real difference.<br>\"For us, it isn't just about technology - but also about having the right partners. Together<br>with Ongoing and Cargoflux, we can create solutions, that grow in tandem with our customers'<br>needs.\"<\/h3><\/div>\n\n\n\n<div class=\"wp-block-uagb-advanced-heading uagb-block-ce5448da\"><h3 class=\"uagb-heading-text\"><br>Mathias Clausen, Project Manager - Freetrade Logistics<\/h3><\/div>\n<\/div>\n<\/div><\/div>\n<\/div><\/div>\n<\/div><\/div>\n\n\n\n<div class=\"wp-block-uagb-container anime-js-animation-container uagb-block-f2b44706 alignfull uagb-is-root-container\"><div class=\"uagb-container-inner-blocks-wrap\">\n<div class=\"wp-block-uagb-container uagb-block-6cc2f7aa alignfull uagb-is-root-container\"><div class=\"uagb-container-inner-blocks-wrap\">\n<div class=\"wp-block-uagb-container uagb-block-afa2bb81 alignfull uagb-is-root-container\">\n<div class=\"wp-block-uagb-container anime-js-animation uagb-block-66be1664\">\n<div class=\"wp-block-uagb-advanced-heading uagb-block-b4043b88\"><h3 class=\"uagb-heading-text\">Are you ready to optimize your logistics? <\/h3><\/div>\n\n\n\n<div class=\"wp-block-uagb-advanced-heading uagb-block-45c8dcd8\"><p class=\"uagb-heading-text\">Get a free demonstration, and find out how Cargoflux can help your company<\/p><\/div>\n<\/div>\n\n\n\n<div class=\"wp-block-uagb-container anime-js-animation uagb-block-c3019821\">\n<div class=\"wp-block-uagb-buttons uagb-buttons__outer-wrap uagb-btn__default-btn uagb-btn-tablet__default-btn uagb-btn-mobile__default-btn uagb-block-9cded3f1 is-style-default\"><div class=\"uagb-buttons__wrap uagb-buttons-layout-wrap\">\n<div class=\"wp-block-uagb-buttons-child uagb-buttons__outer-wrap uagb-block-325c75ff wp-block-button\"><div class=\"uagb-button__wrapper\"><a class=\"uagb-buttons-repeater wp-block-button__link\" aria-label=\"\" href=\"\/en\/kontakt\/\" rel=\"follow noopener\" target=\"_self\" role=\"button\"><div class=\"uagb-button__link\">Get in contact here<\/div><\/a><\/div><\/div>\n<\/div><\/div>\n<\/div>\n<\/div>\n<\/div><\/div>\n<\/div><\/div>","protected":false},"excerpt":{"rendered":"<p>Fra manuelle processer til fuldt integreret flow Freetrade havde brug for en logistikpartner, der kunne vokse med dem, faldt valget p\u00e5 Cargoflux og den gnidningsfrie integration med Ongoing WMS Udfordringen Hos FreeTrade Logistics har vi i mange \u00e5r arbejdet med b\u00e5de Ongoing WMS og Cargoflux hver for sig. Begge systemer skabte v\u00e6rdi \u2013 men vores [&hellip;]<\/p>\n","protected":false},"author":2,"featured_media":6652,"parent":0,"menu_order":0,"comment_status":"closed","ping_status":"closed","template":"","meta":{"_acf_changed":false,"_uag_custom_page_level_css":"","site-sidebar-layout":"default","site-content-layout":"","ast-site-content-layout":"default","site-content-style":"default","site-sidebar-style":"default","ast-global-header-display":"","ast-banner-title-visibility":"","ast-main-header-display":"","ast-hfb-above-header-display":"","ast-hfb-below-header-display":"","ast-hfb-mobile-header-display":"","site-post-title":"disabled","ast-breadcrumbs-content":"","ast-featured-img":"disabled","footer-sml-layout":"","ast-disable-related-posts":"","theme-transparent-header-meta":"","adv-header-id-meta":"","stick-header-meta":"","header-above-stick-meta":"","header-main-stick-meta":"","header-below-stick-meta":"","astra-migrate-meta-layouts":"default","ast-page-background-enabled":"default","ast-page-background-meta":{"desktop":{"background-color":"var(--ast-global-color-4)","background-image":"","background-repeat":"repeat","background-position":"center center","background-size":"auto","background-attachment":"scroll","background-type":"","background-media":"","overlay-type":"","overlay-color":"","overlay-opacity":"","overlay-gradient":""},"tablet":{"background-color":"","background-image":"","background-repeat":"repeat","background-position":"center center","background-size":"auto","background-attachment":"scroll","background-type":"","background-media":"","overlay-type":"","overlay-color":"","overlay-opacity":"","overlay-gradient":""},"mobile":{"background-color":"","background-image":"","background-repeat":"repeat","background-position":"center center","background-size":"auto","background-attachment":"scroll","background-type":"","background-media":"","overlay-type":"","overlay-color":"","overlay-opacity":"","overlay-gradient":""}},"ast-content-background-meta":{"desktop":{"background-color":"var(--ast-global-color-5)","background-image":"","background-repeat":"repeat","background-position":"center center","background-size":"auto","background-attachment":"scroll","background-type":"","background-media":"","overlay-type":"","overlay-color":"","overlay-opacity":"","overlay-gradient":""},"tablet":{"background-color":"var(--ast-global-color-5)","background-image":"","background-repeat":"repeat","background-position":"center center","background-size":"auto","background-attachment":"scroll","background-type":"","background-media":"","overlay-type":"","overlay-color":"","overlay-opacity":"","overlay-gradient":""},"mobile":{"background-color":"var(--ast-global-color-5)","background-image":"","background-repeat":"repeat","background-position":"center center","background-size":"auto","background-attachment":"scroll","background-type":"","background-media":"","overlay-type":"","overlay-color":"","overlay-opacity":"","overlay-gradient":""}},"footnotes":""},"class_list":["post-9782","page","type-page","status-publish","has-post-thumbnail","hentry"],"acf":[],"uagb_featured_image_src":{"full":false,"thumbnail":false,"medium":false,"medium_large":false,"large":false,"1536x1536":false,"2048x2048":false,"trp-custom-language-flag":false},"uagb_author_info":{"display_name":"Jannick Sloth","author_link":"https:\/\/cargoflux.com\/en\/author\/jannick\/"},"uagb_comment_info":0,"uagb_excerpt":"Fra manuelle processer til fuldt integreret flow Freetrade havde brug for en logistikpartner, der kunne vokse med dem, faldt valget p\u00e5 Cargoflux og den gnidningsfrie integration med Ongoing WMS Udfordringen Hos FreeTrade Logistics har vi i mange \u00e5r arbejdet med b\u00e5de Ongoing WMS og Cargoflux hver for sig. Begge systemer skabte v\u00e6rdi \u2013 men vores&hellip;","_links":{"self":[{"href":"https:\/\/cargoflux.com\/en\/wp-json\/wp\/v2\/pages\/9782","targetHints":{"allow":["GET"]}}],"collection":[{"href":"https:\/\/cargoflux.com\/en\/wp-json\/wp\/v2\/pages"}],"about":[{"href":"https:\/\/cargoflux.com\/en\/wp-json\/wp\/v2\/types\/page"}],"author":[{"embeddable":true,"href":"https:\/\/cargoflux.com\/en\/wp-json\/wp\/v2\/users\/2"}],"replies":[{"embeddable":true,"href":"https:\/\/cargoflux.com\/en\/wp-json\/wp\/v2\/comments?post=9782"}],"version-history":[{"count":3,"href":"https:\/\/cargoflux.com\/en\/wp-json\/wp\/v2\/pages\/9782\/revisions"}],"predecessor-version":[{"id":9826,"href":"https:\/\/cargoflux.com\/en\/wp-json\/wp\/v2\/pages\/9782\/revisions\/9826"}],"wp:featuredmedia":[{"embeddable":true,"href":"https:\/\/cargoflux.com\/en\/wp-json\/"}],"wp:attachment":[{"href":"https:\/\/cargoflux.com\/en\/wp-json\/wp\/v2\/media?parent=9782"}],"curies":[{"name":"wp","href":"https:\/\/api.w.org\/{rel}","templated":true}]}}