
{"id":9507,"date":"2025-03-20T11:27:41","date_gmt":"2025-03-20T11:27:41","guid":{"rendered":"https:\/\/rc.cargoflux.com\/?page_id=9507"},"modified":"2025-03-20T11:41:40","modified_gmt":"2025-03-20T11:41:40","slug":"harry-vs-larry","status":"publish","type":"page","link":"https:\/\/cargoflux.com\/en\/harry-vs-larry\/","title":{"rendered":"Harry vs Larry"},"content":{"rendered":"<div class=\"wp-block-uagb-container uagb-block-243195da alignfull uagb-is-root-container\">\n<div class=\"wp-block-uagb-container uagb-block-320d4c14 alignfull uagb-is-root-container\"><div class=\"uagb-container-inner-blocks-wrap\">\n<div class=\"wp-block-uagb-container uagb-block-193146e0\">\n<div class=\"wp-block-uagb-container anime-js-animation uagb-block-b919433e\">\n<div class=\"wp-block-uagb-advanced-heading uagb-block-b0f32548\"><h1 class=\"uagb-heading-text\">Efficient logistics behind Denmark\u2019s leading cargo bike manufacturer.<\/h1><\/div>\n\n\n\n<div class=\"wp-block-uagb-advanced-heading uagb-block-cab063f0\"><p class=\"uagb-heading-text\">When Larry vs Harry ships their popular Bullitt cargo bikes out into the world, it\u2019s not just design and quality that make the difference \u2014 it\u2019s also a smooth and automated logistics process. With the integration of Cargoflux in their Magento webshop, they have eliminated manual workflows and optimized both order and freight management. The result? Faster delivery, fewer errors, and a more efficient business.<\/p><\/div>\n<\/div>\n<\/div>\n<\/div><\/div>\n<\/div>\n\n\n\n<div class=\"wp-block-uagb-container anime-js-animation-container uagb-block-e8ab604b alignfull uagb-is-root-container\">\n<div class=\"wp-block-uagb-container uagb-block-b2d61fd5 alignfull uagb-is-root-container\"><div class=\"uagb-container-inner-blocks-wrap\">\n<div class=\"wp-block-uagb-container responsive uagb-block-5498cd5b alignfull uagb-is-root-container\"><div class=\"uagb-container-inner-blocks-wrap\">\n<div class=\"wp-block-uagb-container anime-js-animation uag-blocks-common-selector uagb-block-0571e8c6\">\n<div class=\"wp-block-uagb-image uagb-block-48203fd4 wp-block-uagb-image--layout-default wp-block-uagb-image--effect-static wp-block-uagb-image--align-none\"><figure class=\"wp-block-uagb-image__figure\"><img decoding=\"async\" srcset=\"https:\/\/cargoflux.com\/wp-content\/uploads\/2025\/03\/Disc-Rotors-cover-blog-story-1024x682.jpg ,https:\/\/cargoflux.com\/wp-content\/uploads\/2025\/03\/Disc-Rotors-cover-blog-story.jpg 780w, https:\/\/cargoflux.com\/wp-content\/uploads\/2025\/03\/Disc-Rotors-cover-blog-story.jpg 360w\" sizes=\"auto, (max-width: 480px) 150px\" src=\"https:\/\/cargoflux.com\/wp-content\/uploads\/2025\/03\/Disc-Rotors-cover-blog-story-1024x682.jpg\" alt=\"\" class=\"uag-image-9516\" width=\"1500\" height=\"1125\" title=\"Disc-Rotors-cover-blog-story\" loading=\"lazy\" role=\"img\"\/><\/figure><\/div>\n\n\n\n<div class=\"wp-block-uagb-container uag-blocks-common-selector uagb-block-354bb880\">\n<figure class=\"wp-block-image size-full is-resized has-custom-border is-style-custom-image-style wp-duotone-unset-1\" style=\"margin-top:0;margin-right:0;margin-bottom:0\"><img loading=\"lazy\" decoding=\"async\" width=\"48\" height=\"23\" src=\"http:\/\/cargoflux.com\/wp-content\/uploads\/2025\/03\/creative-elements_Creative-04.svg\" alt=\"\" class=\"wp-image-8225\" style=\"border-radius:0px;width:150px\"\/><\/figure>\n<\/div>\n<\/div>\n\n\n\n<div class=\"wp-block-uagb-container responsive anime-js-animation uag-blocks-common-selector uagb-block-4789c029\">\n<div class=\"wp-block-uagb-advanced-heading uagb-block-2ea4e812\"><h3 class=\"uagb-heading-text\">Larry vs Harry chooses smart logistics for its growth journey<\/h3><\/div>\n\n\n\n<p class=\"has-ast-global-color-1-color has-text-color has-link-color wp-elements-7b431d8e1b80cbfa928fa204411f5451\">In the heart of a sunny morning in Copenhagen, where cyclists glide through the city streets, we find Larry vs Harry \u2014 a prominent cargo bike manufacturer. Their Bullitt cargo bike, loved by both city residents and courier companies like DHL and FedEx and most recently Sweden\u2019s IKEA, has cemented their reputation as a pioneering company.<\/p>\n\n\n\n<p class=\"has-ast-global-color-1-color has-text-color has-link-color wp-elements-d51525030882824b5ce799aa2106996b\">But behind the successful facade lies an essential process working behind the scenes. Larry vs Harry\u2019s online presence, powered by a Magento-based webshop, is only the beginning. When a customer places an order, a comprehensive procedure is triggered, and that\u2019s where Cargoflux comes into play. Cargoflux is the silent working partner behind Larry vs Harry\u2019s smooth order and freight management processes.<\/p>\n\n\n\n<p class=\"has-ast-global-color-1-color has-text-color has-link-color wp-elements-8484841659c5c5eeaa30fb0492edab40\">The digital integration between Magento and Cargoflux is the key that unlocks a world of automation and efficiency. Where manual booking and handling were once the norm, Cargoflux now makes it an instantaneous process for Larry vs Harry.<\/p>\n<\/div>\n<\/div><\/div>\n<\/div><\/div>\n<\/div>\n\n\n\n<div class=\"wp-block-uagb-container anime-js-animation-container uagb-layout-flex uagb-block-56c0a00a alignfull uagb-is-root-container\"><div class=\"uagb-container-inner-blocks-wrap\">\n<div class=\"wp-block-uagb-container uagb-block-dc1a5cdb alignfull uagb-is-root-container\"><div class=\"uagb-container-inner-blocks-wrap\">\n<div class=\"wp-block-uagb-container uagb-block-0eaeba41 alignfull uagb-is-root-container\"><div class=\"uagb-container-inner-blocks-wrap\">\n<div class=\"wp-block-uagb-container uagb-block-2c3f9df7 alignfull uagb-is-root-container\"><div class=\"uagb-container-inner-blocks-wrap\">\n<div class=\"wp-block-uagb-container responsive anime-js-animation uagb-block-e2f5ab6a\">\n<div class=\"wp-block-uagb-advanced-heading uagb-block-dbcdf1c6\"><h3 class=\"uagb-heading-text\">Seamless checkout and smarter shipping choices<\/h3><\/div>\n\n\n\n<p class=\"has-white-color has-text-color has-link-color wp-elements-03393f6cb55724c25c7b2d3a409b3173\">Order information flows seamlessly, and addresses are entered correctly without errors. Time that used to be spent on manual tasks is now freed up for more productive activities. Efficiency and first-class service go hand in hand at Larry vs Harry.<\/p>\n\n\n\n<div class=\"wp-block-uagb-advanced-heading uagb-block-eb0d3598\"><h3 class=\"uagb-heading-text\"><strong>Advantages of the Cargoflux integration<\/strong><\/h3><\/div>\n\n\n\n<div class=\"wp-block-uagb-icon-list uagb-block-bc0843bb\"><div class=\"uagb-icon-list__wrap\">\n<div class=\"wp-block-uagb-icon-list-child uagb-block-9be002b7\"><span class=\"uagb-icon-list__source-wrap\"><svg xmlns=\"https:\/\/www.w3.org\/2000\/svg\" viewbox=\"0 0 512 512\"><path d=\"M256 0C114.6 0 0 114.6 0 256c0 141.4 114.6 256 256 256s256-114.6 256-256C512 114.6 397.4 0 256 0zM406.6 278.6l-103.1 103.1c-12.5 12.5-32.75 12.5-45.25 0s-12.5-32.75 0-45.25L306.8 288H128C110.3 288 96 273.7 96 256s14.31-32 32-32h178.8l-49.38-49.38c-12.5-12.5-12.5-32.75 0-45.25s32.75-12.5 45.25 0l103.1 103.1C414.6 241.3 416 251.1 416 256C416 260.9 414.6 270.7 406.6 278.6z\"><\/path><\/svg><\/span><span class=\"uagb-icon-list__label\"><strong>Automated order management<\/strong> \u2014 all data is transferred directly from the Magento webshop.<\/span><\/div>\n\n\n\n<div class=\"wp-block-uagb-icon-list-child uagb-block-36d58ead\"><span class=\"uagb-icon-list__source-wrap\"><svg xmlns=\"https:\/\/www.w3.org\/2000\/svg\" viewbox=\"0 0 512 512\"><path d=\"M256 0C114.6 0 0 114.6 0 256c0 141.4 114.6 256 256 256s256-114.6 256-256C512 114.6 397.4 0 256 0zM406.6 278.6l-103.1 103.1c-12.5 12.5-32.75 12.5-45.25 0s-12.5-32.75 0-45.25L306.8 288H128C110.3 288 96 273.7 96 256s14.31-32 32-32h178.8l-49.38-49.38c-12.5-12.5-12.5-32.75 0-45.25s32.75-12.5 45.25 0l103.1 103.1C414.6 241.3 416 251.1 416 256C416 260.9 414.6 270.7 406.6 278.6z\"><\/path><\/svg><\/span><span class=\"uagb-icon-list__label\"><strong>Error-free address entry<\/strong> \u2014 reduces the risk of delivery issues.<\/span><\/div>\n\n\n\n<div class=\"wp-block-uagb-icon-list-child uagb-block-873d28fc\"><span class=\"uagb-icon-list__source-wrap\"><svg xmlns=\"https:\/\/www.w3.org\/2000\/svg\" viewbox=\"0 0 512 512\"><path d=\"M256 0C114.6 0 0 114.6 0 256c0 141.4 114.6 256 256 256s256-114.6 256-256C512 114.6 397.4 0 256 0zM406.6 278.6l-103.1 103.1c-12.5 12.5-32.75 12.5-45.25 0s-12.5-32.75 0-45.25L306.8 288H128C110.3 288 96 273.7 96 256s14.31-32 32-32h178.8l-49.38-49.38c-12.5-12.5-12.5-32.75 0-45.25s32.75-12.5 45.25 0l103.1 103.1C414.6 241.3 416 251.1 416 256C416 260.9 414.6 270.7 406.6 278.6z\"><\/path><\/svg><\/span><span class=\"uagb-icon-list__label\"><strong>Faster shipping selection<\/strong> \u2014 at checkout, Larry vs Harry can choose between multiple carriers.<\/span><\/div>\n\n\n\n<div class=\"wp-block-uagb-icon-list-child uagb-block-0dd35188\"><span class=\"uagb-icon-list__source-wrap\"><svg xmlns=\"https:\/\/www.w3.org\/2000\/svg\" viewbox=\"0 0 512 512\"><path d=\"M256 0C114.6 0 0 114.6 0 256c0 141.4 114.6 256 256 256s256-114.6 256-256C512 114.6 397.4 0 256 0zM406.6 278.6l-103.1 103.1c-12.5 12.5-32.75 12.5-45.25 0s-12.5-32.75 0-45.25L306.8 288H128C110.3 288 96 273.7 96 256s14.31-32 32-32h178.8l-49.38-49.38c-12.5-12.5-12.5-32.75 0-45.25s32.75-12.5 45.25 0l103.1 103.1C414.6 241.3 416 251.1 416 256C416 260.9 414.6 270.7 406.6 278.6z\"><\/path><\/svg><\/span><span class=\"uagb-icon-list__label\"><strong>Price comparison in just a few clicks<\/strong> \u2014 makes it easy to find the most cost-effective solution.<\/span><\/div>\n\n\n\n<div class=\"wp-block-uagb-icon-list-child uagb-block-b3286d3b\"><span class=\"uagb-icon-list__source-wrap\"><svg xmlns=\"https:\/\/www.w3.org\/2000\/svg\" viewbox=\"0 0 512 512\"><path d=\"M256 0C114.6 0 0 114.6 0 256c0 141.4 114.6 256 256 256s256-114.6 256-256C512 114.6 397.4 0 256 0zM406.6 278.6l-103.1 103.1c-12.5 12.5-32.75 12.5-45.25 0s-12.5-32.75 0-45.25L306.8 288H128C110.3 288 96 273.7 96 256s14.31-32 32-32h178.8l-49.38-49.38c-12.5-12.5-12.5-32.75 0-45.25s32.75-12.5 45.25 0l103.1 103.1C414.6 241.3 416 251.1 416 256C416 260.9 414.6 270.7 406.6 278.6z\"><\/path><\/svg><\/span><span class=\"uagb-icon-list__label\"><strong>Less administration<\/strong> \u2014 frees up time for growth and development.<\/span><\/div>\n<\/div><\/div>\n<\/div>\n\n\n\n<div class=\"wp-block-uagb-container uag-blocks-common-selector uagb-block-214ad5fa\">\n<div class=\"wp-block-uagb-container uagb-block-aae51049\">\n<div class=\"wp-block-uagb-container anime-js-animation uag-blocks-common-selector uagb-block-87a0812a\">\n<div class=\"wp-block-uagb-container uagb-block-5ed2e71b\">\n<figure class=\"wp-block-image size-full has-custom-border is-style-default\" style=\"margin-top:0\"><img loading=\"lazy\" decoding=\"async\" width=\"1309\" height=\"979\" src=\"http:\/\/cargoflux.com\/wp-content\/uploads\/2025\/03\/b-106.jpg\" alt=\"\" class=\"wp-image-9518\" style=\"border-radius:20px\" srcset=\"https:\/\/cargoflux.com\/wp-content\/uploads\/2025\/03\/b-106.jpg 1309w, https:\/\/cargoflux.com\/wp-content\/uploads\/2025\/03\/b-106-300x224.jpg 300w, https:\/\/cargoflux.com\/wp-content\/uploads\/2025\/03\/b-106-1024x766.jpg 1024w, https:\/\/cargoflux.com\/wp-content\/uploads\/2025\/03\/b-106-768x574.jpg 768w\" sizes=\"auto, (max-width: 1309px) 100vw, 1309px\" \/><\/figure>\n<\/div>\n\n\n\n<div class=\"wp-block-uagb-container uag-blocks-common-selector uagb-block-54dfaf94\">\n<figure class=\"wp-block-image size-full is-resized has-custom-border is-style-custom-image-style\" style=\"margin-top:0;margin-right:0;margin-bottom:0\"><img loading=\"lazy\" decoding=\"async\" width=\"33\" height=\"33\" src=\"http:\/\/cargoflux.com\/wp-content\/uploads\/2025\/03\/creative-elements_Creative-05.svg\" alt=\"\" class=\"wp-image-8226\" style=\"border-radius:0px;width:110px\"\/><\/figure>\n<\/div>\n<\/div>\n<\/div>\n<\/div>\n<\/div><\/div>\n<\/div><\/div>\n\n\n\n<div class=\"wp-block-uagb-container uagb-block-a0e9a916 alignfull uagb-is-root-container\"><div class=\"uagb-container-inner-blocks-wrap\">\n<div class=\"wp-block-uagb-container uagb-layout-flex uagb-block-06c0f06e\">\n<div class=\"wp-block-uagb-image uagb-block-2cf36c8a wp-block-uagb-image--layout-default wp-block-uagb-image--effect-static wp-block-uagb-image--align-none\"><figure class=\"wp-block-uagb-image__figure\"><img decoding=\"async\" srcset=\"https:\/\/cargoflux.com\/wp-content\/uploads\/2025\/03\/hans_fogh-2-825x1024.jpeg ,https:\/\/cargoflux.com\/wp-content\/uploads\/2025\/03\/hans_fogh-2.jpeg 780w, https:\/\/cargoflux.com\/wp-content\/uploads\/2025\/03\/hans_fogh-2.jpeg 360w\" sizes=\"auto, (max-width: 480px) 150px\" src=\"https:\/\/cargoflux.com\/wp-content\/uploads\/2025\/03\/hans_fogh-2-825x1024.jpeg\" alt=\"\" class=\"uag-image-9513\" width=\"667\" height=\"675\" title=\"hans_fogh (2)\" loading=\"lazy\" role=\"img\"\/><\/figure><\/div>\n<\/div>\n\n\n\n<div class=\"wp-block-uagb-container uagb-block-66e12f9d\">\n<div class=\"wp-block-uagb-advanced-heading uagb-block-8053f7f6\"><h3 class=\"uagb-heading-text\">\u201cCargoflux gives us an excellent overview and an easy, smooth way to manage our transportation. We can easily compare offers from our regular suppliers and choose the best solution. We save many hours of work and avoid mistakes. It\u2019s a great system at a very affordable price.\u201d<\/h3><\/div>\n\n\n\n<div class=\"wp-block-uagb-advanced-heading uagb-block-ce5448da\"><h3 class=\"uagb-heading-text\">Hans Bullitt Fogh \u2013 CEO, Larry vs Harry<\/h3><\/div>\n<\/div>\n<\/div><\/div>\n<\/div><\/div>\n<\/div><\/div>\n\n\n\n<div class=\"wp-block-uagb-container anime-js-animation-container uagb-block-f2b44706 alignfull uagb-is-root-container\"><div class=\"uagb-container-inner-blocks-wrap\">\n<div class=\"wp-block-uagb-container uagb-block-6cc2f7aa alignfull uagb-is-root-container\"><div class=\"uagb-container-inner-blocks-wrap\">\n<div class=\"wp-block-uagb-container uagb-block-afa2bb81 alignfull uagb-is-root-container\">\n<div class=\"wp-block-uagb-container anime-js-animation uagb-block-66be1664\">\n<div class=\"wp-block-uagb-advanced-heading uagb-block-b4043b88\"><h3 class=\"uagb-heading-text\">Are you ready to optimize your logistics? <\/h3><\/div>\n\n\n\n<div class=\"wp-block-uagb-advanced-heading uagb-block-45c8dcd8\"><p class=\"uagb-heading-text\">Get a free demonstration, and find out how Cargoflux can help your company<\/p><\/div>\n<\/div>\n\n\n\n<div class=\"wp-block-uagb-container anime-js-animation uagb-block-c3019821\">\n<div class=\"wp-block-uagb-buttons uagb-buttons__outer-wrap uagb-btn__default-btn uagb-btn-tablet__default-btn uagb-btn-mobile__default-btn uagb-block-9cded3f1 is-style-default\"><div class=\"uagb-buttons__wrap uagb-buttons-layout-wrap\">\n<div class=\"wp-block-uagb-buttons-child uagb-buttons__outer-wrap uagb-block-325c75ff wp-block-button\"><div class=\"uagb-button__wrapper\"><a class=\"uagb-buttons-repeater wp-block-button__link\" aria-label=\"\" href=\"\/en\/kontakt\/\" rel=\"follow noopener\" target=\"_self\" role=\"button\"><div class=\"uagb-button__link\">Get in contact here<\/div><\/a><\/div><\/div>\n<\/div><\/div>\n<\/div>\n<\/div>\n<\/div><\/div>\n<\/div><\/div>","protected":false},"excerpt":{"rendered":"<p>Effektiv logistik bag Danmarks f\u00f8rende ladcykelproducent N\u00e5r Larry vs Harry sender deres popul\u00e6re Bullitt-ladcykler ud i verden, er det ikke kun design og kvalitet, der g\u00f8r forskellen \u2013 det er ogs\u00e5 en gnidningsfri og automatiseret logistikproces. Med integrationen af Cargoflux i deres Magento-webshop har de fjernet manuelle arbejdsgange og optimeret b\u00e5de ordre- og fragth\u00e5ndtering. Resultatet? [&hellip;]<\/p>\n","protected":false},"author":1,"featured_media":6652,"parent":0,"menu_order":0,"comment_status":"closed","ping_status":"closed","template":"","meta":{"_acf_changed":false,"_uag_custom_page_level_css":"","site-sidebar-layout":"default","site-content-layout":"","ast-site-content-layout":"default","site-content-style":"default","site-sidebar-style":"default","ast-global-header-display":"","ast-banner-title-visibility":"","ast-main-header-display":"","ast-hfb-above-header-display":"","ast-hfb-below-header-display":"","ast-hfb-mobile-header-display":"","site-post-title":"disabled","ast-breadcrumbs-content":"","ast-featured-img":"disabled","footer-sml-layout":"","ast-disable-related-posts":"","theme-transparent-header-meta":"","adv-header-id-meta":"","stick-header-meta":"","header-above-stick-meta":"","header-main-stick-meta":"","header-below-stick-meta":"","astra-migrate-meta-layouts":"default","ast-page-background-enabled":"default","ast-page-background-meta":{"desktop":{"background-color":"var(--ast-global-color-4)","background-image":"","background-repeat":"repeat","background-position":"center center","background-size":"auto","background-attachment":"scroll","background-type":"","background-media":"","overlay-type":"","overlay-color":"","overlay-opacity":"","overlay-gradient":""},"tablet":{"background-color":"","background-image":"","background-repeat":"repeat","background-position":"center center","background-size":"auto","background-attachment":"scroll","background-type":"","background-media":"","overlay-type":"","overlay-color":"","overlay-opacity":"","overlay-gradient":""},"mobile":{"background-color":"","background-image":"","background-repeat":"repeat","background-position":"center center","background-size":"auto","background-attachment":"scroll","background-type":"","background-media":"","overlay-type":"","overlay-color":"","overlay-opacity":"","overlay-gradient":""}},"ast-content-background-meta":{"desktop":{"background-color":"var(--ast-global-color-5)","background-image":"","background-repeat":"repeat","background-position":"center center","background-size":"auto","background-attachment":"scroll","background-type":"","background-media":"","overlay-type":"","overlay-color":"","overlay-opacity":"","overlay-gradient":""},"tablet":{"background-color":"var(--ast-global-color-5)","background-image":"","background-repeat":"repeat","background-position":"center center","background-size":"auto","background-attachment":"scroll","background-type":"","background-media":"","overlay-type":"","overlay-color":"","overlay-opacity":"","overlay-gradient":""},"mobile":{"background-color":"var(--ast-global-color-5)","background-image":"","background-repeat":"repeat","background-position":"center center","background-size":"auto","background-attachment":"scroll","background-type":"","background-media":"","overlay-type":"","overlay-color":"","overlay-opacity":"","overlay-gradient":""}},"footnotes":""},"class_list":["post-9507","page","type-page","status-publish","has-post-thumbnail","hentry"],"acf":[],"uagb_featured_image_src":{"full":false,"thumbnail":false,"medium":false,"medium_large":false,"large":false,"1536x1536":false,"2048x2048":false,"trp-custom-language-flag":false},"uagb_author_info":{"display_name":"cargoflux","author_link":"https:\/\/cargoflux.com\/en\/author\/cargoflux\/"},"uagb_comment_info":0,"uagb_excerpt":"Effektiv logistik bag Danmarks f\u00f8rende ladcykelproducent N\u00e5r Larry vs Harry sender deres popul\u00e6re Bullitt-ladcykler ud i verden, er det ikke kun design og kvalitet, der g\u00f8r forskellen \u2013 det er ogs\u00e5 en gnidningsfri og automatiseret logistikproces. Med integrationen af Cargoflux i deres Magento-webshop har de fjernet manuelle arbejdsgange og optimeret b\u00e5de ordre- og fragth\u00e5ndtering. Resultatet?&hellip;","_links":{"self":[{"href":"https:\/\/cargoflux.com\/en\/wp-json\/wp\/v2\/pages\/9507","targetHints":{"allow":["GET"]}}],"collection":[{"href":"https:\/\/cargoflux.com\/en\/wp-json\/wp\/v2\/pages"}],"about":[{"href":"https:\/\/cargoflux.com\/en\/wp-json\/wp\/v2\/types\/page"}],"author":[{"embeddable":true,"href":"https:\/\/cargoflux.com\/en\/wp-json\/wp\/v2\/users\/1"}],"replies":[{"embeddable":true,"href":"https:\/\/cargoflux.com\/en\/wp-json\/wp\/v2\/comments?post=9507"}],"version-history":[{"count":6,"href":"https:\/\/cargoflux.com\/en\/wp-json\/wp\/v2\/pages\/9507\/revisions"}],"predecessor-version":[{"id":9521,"href":"https:\/\/cargoflux.com\/en\/wp-json\/wp\/v2\/pages\/9507\/revisions\/9521"}],"wp:featuredmedia":[{"embeddable":true,"href":"https:\/\/cargoflux.com\/en\/wp-json\/"}],"wp:attachment":[{"href":"https:\/\/cargoflux.com\/en\/wp-json\/wp\/v2\/media?parent=9507"}],"curies":[{"name":"wp","href":"https:\/\/api.w.org\/{rel}","templated":true}]}}