
{"id":9485,"date":"2025-03-20T11:07:09","date_gmt":"2025-03-20T11:07:09","guid":{"rendered":"https:\/\/rc.cargoflux.com\/?page_id=9485"},"modified":"2025-03-20T11:25:14","modified_gmt":"2025-03-20T11:25:14","slug":"muuto","status":"publish","type":"page","link":"https:\/\/cargoflux.com\/en\/muuto\/","title":{"rendered":"Muuto"},"content":{"rendered":"<div class=\"wp-block-uagb-container uagb-block-243195da alignfull uagb-is-root-container\">\n<div class=\"wp-block-uagb-container uagb-block-320d4c14 alignfull uagb-is-root-container\"><div class=\"uagb-container-inner-blocks-wrap\">\n<div class=\"wp-block-uagb-container uagb-block-193146e0\">\n<div class=\"wp-block-uagb-container anime-js-animation uagb-block-b919433e\">\n<div class=\"wp-block-uagb-advanced-heading uagb-block-b0f32548\"><h1 class=\"uagb-heading-text\">How Muuto achieved better logistics with Cargoflux<\/h1><\/div>\n\n\n\n<div class=\"wp-block-uagb-advanced-heading uagb-block-cab063f0\"><p class=\"uagb-heading-text\">When Muuto needed a logistics partner that could grow with them, the choice fell on Cargoflux. The collaboration ensured efficiency, precision, and cost savings, and strengthened Muuto\u2019s global competitiveness.<\/p><\/div>\n<\/div>\n<\/div>\n<\/div><\/div>\n<\/div>\n\n\n\n<div class=\"wp-block-uagb-container anime-js-animation-container uagb-block-e8ab604b alignfull uagb-is-root-container\">\n<div class=\"wp-block-uagb-container uagb-block-b2d61fd5 alignfull uagb-is-root-container\"><div class=\"uagb-container-inner-blocks-wrap\">\n<div class=\"wp-block-uagb-container responsive uagb-block-5498cd5b alignfull uagb-is-root-container\"><div class=\"uagb-container-inner-blocks-wrap\">\n<div class=\"wp-block-uagb-container anime-js-animation uag-blocks-common-selector uagb-block-0571e8c6\">\n<div class=\"wp-block-uagb-image uagb-block-48203fd4 wp-block-uagb-image--layout-default wp-block-uagb-image--effect-static wp-block-uagb-image--align-none\"><figure class=\"wp-block-uagb-image__figure\"><img decoding=\"async\" srcset=\"https:\/\/cargoflux.com\/wp-content\/uploads\/2025\/03\/earnest-extendable-table-205-oak-fiber-soft-tube-hearth-8-grey-raise-carafe-glass-clear-burnt-orange-dark-blue-muuto-org-1024x768.webp ,https:\/\/cargoflux.com\/wp-content\/uploads\/2025\/03\/earnest-extendable-table-205-oak-fiber-soft-tube-hearth-8-grey-raise-carafe-glass-clear-burnt-orange-dark-blue-muuto-org.webp 780w, https:\/\/cargoflux.com\/wp-content\/uploads\/2025\/03\/earnest-extendable-table-205-oak-fiber-soft-tube-hearth-8-grey-raise-carafe-glass-clear-burnt-orange-dark-blue-muuto-org.webp 360w\" sizes=\"auto, (max-width: 480px) 150px\" src=\"https:\/\/cargoflux.com\/wp-content\/uploads\/2025\/03\/earnest-extendable-table-205-oak-fiber-soft-tube-hearth-8-grey-raise-carafe-glass-clear-burnt-orange-dark-blue-muuto-org-1024x768.webp\" alt=\"\" class=\"uag-image-9494\" width=\"1500\" height=\"1125\" title=\"earnest-extendable-table-205-oak-fiber-soft-tube-hearth-8-grey-raise-carafe-glass-clear-burnt-orange-dark-blue-muuto-org\" loading=\"lazy\" role=\"img\"\/><\/figure><\/div>\n\n\n\n<div class=\"wp-block-uagb-container uag-blocks-common-selector uagb-block-354bb880\">\n<figure class=\"wp-block-image size-full is-resized has-custom-border is-style-custom-image-style wp-duotone-unset-1\" style=\"margin-top:0;margin-right:0;margin-bottom:0\"><img loading=\"lazy\" decoding=\"async\" width=\"48\" height=\"23\" src=\"http:\/\/cargoflux.com\/wp-content\/uploads\/2025\/03\/creative-elements_Creative-04.svg\" alt=\"\" class=\"wp-image-8225\" style=\"border-radius:0px;width:150px\"\/><\/figure>\n<\/div>\n<\/div>\n\n\n\n<div class=\"wp-block-uagb-container responsive anime-js-animation uag-blocks-common-selector uagb-block-4789c029\">\n<div class=\"wp-block-uagb-advanced-heading uagb-block-2ea4e812\"><h3 class=\"uagb-heading-text\">When the biggest isn't always the best<\/h3><\/div>\n\n\n\n<p class=\"has-ast-global-color-1-color has-text-color has-link-color wp-elements-5824b326d76c99fcc6c961fa1a2e92b0\">Muuto, a leading furniture company, specializes in designing and producing furniture accessories. With an extensive product portfolio, Muuto serves a global market and sells its products through a network of retail stores and contract dealers.<\/p>\n\n\n\n<p class=\"has-ast-global-color-1-color has-text-color has-link-color wp-elements-27164fc06d77eb2728891a0123b13060\">Four years ago, Muuto faced a critical decision regarding its logistics partners. The company conducted an extensive tender process and was close to signing an agreement with one of the largest players in the transportation management industry. However, it quickly became clear that this provider was too large to meet Muuto\u2019s needs, and they also presented a significantly higher price than Muuto had expected.<\/p>\n\n\n\n<p class=\"has-ast-global-color-1-color has-text-color has-link-color wp-elements-c3c68697de1ac025ff5e9154228efef9\">Muuto now faced a challenge. They had to go back to the drawing board and find a partner that could offer reliable logistics that could scale to their needs while remaining cost-effective. That\u2019s where Muuto came across Cargoflux.<\/p>\n<\/div>\n<\/div><\/div>\n<\/div><\/div>\n<\/div>\n\n\n\n<div class=\"wp-block-uagb-container anime-js-animation-container uagb-layout-flex uagb-block-56c0a00a alignfull uagb-is-root-container\"><div class=\"uagb-container-inner-blocks-wrap\">\n<div class=\"wp-block-uagb-container uagb-block-dc1a5cdb alignfull uagb-is-root-container\"><div class=\"uagb-container-inner-blocks-wrap\">\n<div class=\"wp-block-uagb-container uagb-block-0eaeba41 alignfull uagb-is-root-container\"><div class=\"uagb-container-inner-blocks-wrap\">\n<div class=\"wp-block-uagb-container uagb-block-2c3f9df7 alignfull uagb-is-root-container\"><div class=\"uagb-container-inner-blocks-wrap\">\n<div class=\"wp-block-uagb-container responsive anime-js-animation uagb-block-e2f5ab6a\">\n<div class=\"wp-block-uagb-advanced-heading uagb-block-dbcdf1c6\"><h3 class=\"uagb-heading-text\">How Cargoflux optimized Muuto's shipments<\/h3><\/div>\n\n\n\n<p class=\"has-white-color has-text-color has-link-color wp-elements-540aef314996fc018557041395b4f3fb\">Cargoflux, with its intuitive and user-friendly interface and integration with Muuto\u2019s existing ERP solution, proved to be the perfect solution. Muuto began to take advantage of Cargoflux\u2019s comprehensive features, and they were especially impressed by the booking function.<\/p>\n\n\n\n<p class=\"has-white-color has-text-color has-link-color wp-elements-32cd2b1297d8b9185aac936760d3727c\">When Muuto now ships goods from their warehouse in Ringsted, they use Cargoflux to book transport with the carriers connected to the platform. This happens seamlessly through their existing ERP solution, where data is exchanged. Muuto then receives booking confirmation, label generation, and assignment of tracking numbers.<\/p>\n\n\n\n<div class=\"wp-block-uagb-advanced-heading uagb-block-eb0d3598\"><h3 class=\"uagb-heading-text\"><strong>After implementing Cargoflux, Muuto has achieved several noticeable results:<\/strong><\/h3><\/div>\n\n\n\n<div class=\"wp-block-uagb-icon-list uagb-block-bc0843bb\"><div class=\"uagb-icon-list__wrap\">\n<div class=\"wp-block-uagb-icon-list-child uagb-block-9be002b7\"><span class=\"uagb-icon-list__source-wrap\"><svg xmlns=\"https:\/\/www.w3.org\/2000\/svg\" viewbox=\"0 0 512 512\"><path d=\"M256 0C114.6 0 0 114.6 0 256c0 141.4 114.6 256 256 256s256-114.6 256-256C512 114.6 397.4 0 256 0zM406.6 278.6l-103.1 103.1c-12.5 12.5-32.75 12.5-45.25 0s-12.5-32.75 0-45.25L306.8 288H128C110.3 288 96 273.7 96 256s14.31-32 32-32h178.8l-49.38-49.38c-12.5-12.5-12.5-32.75 0-45.25s32.75-12.5 45.25 0l103.1 103.1C414.6 241.3 416 251.1 416 256C416 260.9 414.6 270.7 406.6 278.6z\"><\/path><\/svg><\/span><span class=\"uagb-icon-list__label\"><strong>Effectivity:<\/strong> Muuto has experienced a significant increase in shipping efficiency thanks to Cargoflux\u2019s automated booking process.<\/span><\/div>\n\n\n\n<div class=\"wp-block-uagb-icon-list-child uagb-block-36d58ead\"><span class=\"uagb-icon-list__source-wrap\"><svg xmlns=\"https:\/\/www.w3.org\/2000\/svg\" viewbox=\"0 0 512 512\"><path d=\"M256 0C114.6 0 0 114.6 0 256c0 141.4 114.6 256 256 256s256-114.6 256-256C512 114.6 397.4 0 256 0zM406.6 278.6l-103.1 103.1c-12.5 12.5-32.75 12.5-45.25 0s-12.5-32.75 0-45.25L306.8 288H128C110.3 288 96 273.7 96 256s14.31-32 32-32h178.8l-49.38-49.38c-12.5-12.5-12.5-32.75 0-45.25s32.75-12.5 45.25 0l103.1 103.1C414.6 241.3 416 251.1 416 256C416 260.9 414.6 270.7 406.6 278.6z\"><\/path><\/svg><\/span><span class=\"uagb-icon-list__label\"><strong>Precision:<\/strong> The integration with their ERP system has reduced the risk of errors and ensured accurate shipment information.<\/span><\/div>\n\n\n\n<div class=\"wp-block-uagb-icon-list-child uagb-block-873d28fc\"><span class=\"uagb-icon-list__source-wrap\"><svg xmlns=\"https:\/\/www.w3.org\/2000\/svg\" viewbox=\"0 0 512 512\"><path d=\"M256 0C114.6 0 0 114.6 0 256c0 141.4 114.6 256 256 256s256-114.6 256-256C512 114.6 397.4 0 256 0zM406.6 278.6l-103.1 103.1c-12.5 12.5-32.75 12.5-45.25 0s-12.5-32.75 0-45.25L306.8 288H128C110.3 288 96 273.7 96 256s14.31-32 32-32h178.8l-49.38-49.38c-12.5-12.5-12.5-32.75 0-45.25s32.75-12.5 45.25 0l103.1 103.1C414.6 241.3 416 251.1 416 256C416 260.9 414.6 270.7 406.6 278.6z\"><\/path><\/svg><\/span><span class=\"uagb-icon-list__label\"><strong>Customer satisfaction:<\/strong> Muuto is now better able to meet customers\u2019 needs by delivering products on time.<\/span><\/div>\n\n\n\n<div class=\"wp-block-uagb-icon-list-child uagb-block-0dd35188\"><span class=\"uagb-icon-list__source-wrap\"><svg xmlns=\"https:\/\/www.w3.org\/2000\/svg\" viewbox=\"0 0 512 512\"><path d=\"M256 0C114.6 0 0 114.6 0 256c0 141.4 114.6 256 256 256s256-114.6 256-256C512 114.6 397.4 0 256 0zM406.6 278.6l-103.1 103.1c-12.5 12.5-32.75 12.5-45.25 0s-12.5-32.75 0-45.25L306.8 288H128C110.3 288 96 273.7 96 256s14.31-32 32-32h178.8l-49.38-49.38c-12.5-12.5-12.5-32.75 0-45.25s32.75-12.5 45.25 0l103.1 103.1C414.6 241.3 416 251.1 416 256C416 260.9 414.6 270.7 406.6 278.6z\"><\/path><\/svg><\/span><span class=\"uagb-icon-list__label\"><strong>Cost reductions:<\/strong> By avoiding an expensive agreement with another supplier, Muuto has achieved significant cost savings.<\/span><\/div>\n<\/div><\/div>\n<\/div>\n\n\n\n<div class=\"wp-block-uagb-container uag-blocks-common-selector uagb-block-214ad5fa\">\n<div class=\"wp-block-uagb-container uagb-block-aae51049\">\n<div class=\"wp-block-uagb-container anime-js-animation uag-blocks-common-selector uagb-block-87a0812a\">\n<div class=\"wp-block-uagb-container uagb-block-5ed2e71b\">\n<figure class=\"wp-block-image size-full has-custom-border is-style-default\" style=\"margin-top:0\"><img loading=\"lazy\" decoding=\"async\" width=\"1500\" height=\"1056\" src=\"http:\/\/cargoflux.com\/wp-content\/uploads\/2025\/03\/settle-sofa-2-3-seater-lounge-chair-ribbed-weave-2-dark-green-linear-steel-coffee-table-dark-green-ease-portable-muuto-low-res.webp\" alt=\"\" class=\"wp-image-9498\" style=\"border-radius:20px\" srcset=\"https:\/\/cargoflux.com\/wp-content\/uploads\/2025\/03\/settle-sofa-2-3-seater-lounge-chair-ribbed-weave-2-dark-green-linear-steel-coffee-table-dark-green-ease-portable-muuto-low-res.webp 1500w, https:\/\/cargoflux.com\/wp-content\/uploads\/2025\/03\/settle-sofa-2-3-seater-lounge-chair-ribbed-weave-2-dark-green-linear-steel-coffee-table-dark-green-ease-portable-muuto-low-res-300x211.webp 300w, https:\/\/cargoflux.com\/wp-content\/uploads\/2025\/03\/settle-sofa-2-3-seater-lounge-chair-ribbed-weave-2-dark-green-linear-steel-coffee-table-dark-green-ease-portable-muuto-low-res-1024x721.webp 1024w, https:\/\/cargoflux.com\/wp-content\/uploads\/2025\/03\/settle-sofa-2-3-seater-lounge-chair-ribbed-weave-2-dark-green-linear-steel-coffee-table-dark-green-ease-portable-muuto-low-res-768x541.webp 768w\" sizes=\"auto, (max-width: 1500px) 100vw, 1500px\" \/><\/figure>\n<\/div>\n\n\n\n<div class=\"wp-block-uagb-container uag-blocks-common-selector uagb-block-54dfaf94\">\n<figure class=\"wp-block-image size-full is-resized has-custom-border is-style-custom-image-style\" style=\"margin-top:0;margin-right:0;margin-bottom:0\"><img loading=\"lazy\" decoding=\"async\" width=\"33\" height=\"33\" src=\"http:\/\/cargoflux.com\/wp-content\/uploads\/2025\/03\/creative-elements_Creative-05.svg\" alt=\"\" class=\"wp-image-8226\" style=\"border-radius:0px;width:110px\"\/><\/figure>\n<\/div>\n<\/div>\n<\/div>\n<\/div>\n<\/div><\/div>\n<\/div><\/div>\n\n\n\n<div class=\"wp-block-uagb-container uagb-block-a0e9a916 alignfull uagb-is-root-container\"><div class=\"uagb-container-inner-blocks-wrap\">\n<div class=\"wp-block-uagb-container uagb-layout-flex uagb-block-06c0f06e\">\n<div class=\"wp-block-uagb-image uagb-block-2cf36c8a wp-block-uagb-image--layout-default wp-block-uagb-image--effect-static wp-block-uagb-image--align-none\"><figure class=\"wp-block-uagb-image__figure\"><img decoding=\"async\" srcset=\"https:\/\/cargoflux.com\/wp-content\/uploads\/2025\/03\/1516340629981.jpeg ,https:\/\/cargoflux.com\/wp-content\/uploads\/2025\/03\/1516340629981.jpeg 780w, https:\/\/cargoflux.com\/wp-content\/uploads\/2025\/03\/1516340629981.jpeg 360w\" sizes=\"auto, (max-width: 480px) 150px\" src=\"https:\/\/cargoflux.com\/wp-content\/uploads\/2025\/03\/1516340629981.jpeg\" alt=\"\" class=\"uag-image-9499\" width=\"667\" height=\"675\" title=\"1516340629981\" loading=\"lazy\" role=\"img\"\/><\/figure><\/div>\n<\/div>\n\n\n\n<div class=\"wp-block-uagb-container uagb-block-66e12f9d\">\n<div class=\"wp-block-uagb-advanced-heading uagb-block-8053f7f6\"><h3 class=\"uagb-heading-text\">\u201cCargoflux has revolutionized our logistics process. It\u2019s incredibly easy to use and integrate with our ERP system. The booking function has enabled us to streamline our entire shipping process, resulting in increased efficiency and accuracy. We are now able to respond faster to customers\u2019 needs and deliver our products on time. Cargoflux has truly been a game changer for us.\u201d<\/h3><\/div>\n\n\n\n<div class=\"wp-block-uagb-advanced-heading uagb-block-ce5448da\"><h3 class=\"uagb-heading-text\">Barsel Catalg\u00f8l, Experienced IT Director, MUUTO<\/h3><\/div>\n<\/div>\n<\/div><\/div>\n<\/div><\/div>\n<\/div><\/div>\n\n\n\n<div class=\"wp-block-uagb-container anime-js-animation-container uagb-block-f2b44706 alignfull uagb-is-root-container\"><div class=\"uagb-container-inner-blocks-wrap\">\n<div class=\"wp-block-uagb-container uagb-block-6cc2f7aa alignfull uagb-is-root-container\"><div class=\"uagb-container-inner-blocks-wrap\">\n<div class=\"wp-block-uagb-container uagb-block-afa2bb81 alignfull uagb-is-root-container\">\n<div class=\"wp-block-uagb-container anime-js-animation uagb-block-66be1664\">\n<div class=\"wp-block-uagb-advanced-heading uagb-block-b4043b88\"><h3 class=\"uagb-heading-text\">Are you ready to optimize your logistics? <\/h3><\/div>\n\n\n\n<div class=\"wp-block-uagb-advanced-heading uagb-block-45c8dcd8\"><p class=\"uagb-heading-text\">Get a free demonstration, and find out how Cargoflux can help your company<\/p><\/div>\n<\/div>\n\n\n\n<div class=\"wp-block-uagb-container anime-js-animation uagb-block-c3019821\">\n<div class=\"wp-block-uagb-buttons uagb-buttons__outer-wrap uagb-btn__default-btn uagb-btn-tablet__default-btn uagb-btn-mobile__default-btn uagb-block-9cded3f1 is-style-default\"><div class=\"uagb-buttons__wrap uagb-buttons-layout-wrap\">\n<div class=\"wp-block-uagb-buttons-child uagb-buttons__outer-wrap uagb-block-325c75ff wp-block-button\"><div class=\"uagb-button__wrapper\"><a class=\"uagb-buttons-repeater wp-block-button__link\" aria-label=\"\" href=\"\/en\/kontakt\/\" rel=\"follow noopener\" target=\"_self\" role=\"button\"><div class=\"uagb-button__link\">Get in contact here<\/div><\/a><\/div><\/div>\n<\/div><\/div>\n<\/div>\n<\/div>\n<\/div><\/div>\n<\/div><\/div>","protected":false},"excerpt":{"rendered":"<p>Hvordan Muuto opn\u00e5ede bedre logistik med Cargoflux Da Muuto havde brug for en logistikpartner, der kunne vokse med dem, faldt valget p\u00e5 Cargoflux. Samarbejdet sikrede effektivitet, pr\u00e6cision og omkostningsbesparelser, og styrkede Muutos globale konkurrenceevne. N\u00e5r den st\u00f8rste ikke altid er den bedste Muuto, en f\u00f8rende m\u00f8belvirksomhed, specialiserer sig i at designe og producere m\u00f8belaccessories. Med [&hellip;]<\/p>\n","protected":false},"author":1,"featured_media":6652,"parent":0,"menu_order":0,"comment_status":"closed","ping_status":"closed","template":"","meta":{"_acf_changed":false,"_uag_custom_page_level_css":"","site-sidebar-layout":"default","site-content-layout":"","ast-site-content-layout":"default","site-content-style":"default","site-sidebar-style":"default","ast-global-header-display":"","ast-banner-title-visibility":"","ast-main-header-display":"","ast-hfb-above-header-display":"","ast-hfb-below-header-display":"","ast-hfb-mobile-header-display":"","site-post-title":"disabled","ast-breadcrumbs-content":"","ast-featured-img":"disabled","footer-sml-layout":"","ast-disable-related-posts":"","theme-transparent-header-meta":"","adv-header-id-meta":"","stick-header-meta":"","header-above-stick-meta":"","header-main-stick-meta":"","header-below-stick-meta":"","astra-migrate-meta-layouts":"default","ast-page-background-enabled":"default","ast-page-background-meta":{"desktop":{"background-color":"var(--ast-global-color-4)","background-image":"","background-repeat":"repeat","background-position":"center center","background-size":"auto","background-attachment":"scroll","background-type":"","background-media":"","overlay-type":"","overlay-color":"","overlay-opacity":"","overlay-gradient":""},"tablet":{"background-color":"","background-image":"","background-repeat":"repeat","background-position":"center center","background-size":"auto","background-attachment":"scroll","background-type":"","background-media":"","overlay-type":"","overlay-color":"","overlay-opacity":"","overlay-gradient":""},"mobile":{"background-color":"","background-image":"","background-repeat":"repeat","background-position":"center center","background-size":"auto","background-attachment":"scroll","background-type":"","background-media":"","overlay-type":"","overlay-color":"","overlay-opacity":"","overlay-gradient":""}},"ast-content-background-meta":{"desktop":{"background-color":"var(--ast-global-color-5)","background-image":"","background-repeat":"repeat","background-position":"center center","background-size":"auto","background-attachment":"scroll","background-type":"","background-media":"","overlay-type":"","overlay-color":"","overlay-opacity":"","overlay-gradient":""},"tablet":{"background-color":"var(--ast-global-color-5)","background-image":"","background-repeat":"repeat","background-position":"center center","background-size":"auto","background-attachment":"scroll","background-type":"","background-media":"","overlay-type":"","overlay-color":"","overlay-opacity":"","overlay-gradient":""},"mobile":{"background-color":"var(--ast-global-color-5)","background-image":"","background-repeat":"repeat","background-position":"center center","background-size":"auto","background-attachment":"scroll","background-type":"","background-media":"","overlay-type":"","overlay-color":"","overlay-opacity":"","overlay-gradient":""}},"footnotes":""},"class_list":["post-9485","page","type-page","status-publish","has-post-thumbnail","hentry"],"acf":[],"uagb_featured_image_src":{"full":false,"thumbnail":false,"medium":false,"medium_large":false,"large":false,"1536x1536":false,"2048x2048":false,"trp-custom-language-flag":false},"uagb_author_info":{"display_name":"cargoflux","author_link":"https:\/\/cargoflux.com\/en\/author\/cargoflux\/"},"uagb_comment_info":0,"uagb_excerpt":"Hvordan Muuto opn\u00e5ede bedre logistik med Cargoflux Da Muuto havde brug for en logistikpartner, der kunne vokse med dem, faldt valget p\u00e5 Cargoflux. Samarbejdet sikrede effektivitet, pr\u00e6cision og omkostningsbesparelser, og styrkede Muutos globale konkurrenceevne. N\u00e5r den st\u00f8rste ikke altid er den bedste Muuto, en f\u00f8rende m\u00f8belvirksomhed, specialiserer sig i at designe og producere m\u00f8belaccessories. Med&hellip;","_links":{"self":[{"href":"https:\/\/cargoflux.com\/en\/wp-json\/wp\/v2\/pages\/9485","targetHints":{"allow":["GET"]}}],"collection":[{"href":"https:\/\/cargoflux.com\/en\/wp-json\/wp\/v2\/pages"}],"about":[{"href":"https:\/\/cargoflux.com\/en\/wp-json\/wp\/v2\/types\/page"}],"author":[{"embeddable":true,"href":"https:\/\/cargoflux.com\/en\/wp-json\/wp\/v2\/users\/1"}],"replies":[{"embeddable":true,"href":"https:\/\/cargoflux.com\/en\/wp-json\/wp\/v2\/comments?post=9485"}],"version-history":[{"count":9,"href":"https:\/\/cargoflux.com\/en\/wp-json\/wp\/v2\/pages\/9485\/revisions"}],"predecessor-version":[{"id":9503,"href":"https:\/\/cargoflux.com\/en\/wp-json\/wp\/v2\/pages\/9485\/revisions\/9503"}],"wp:featuredmedia":[{"embeddable":true,"href":"https:\/\/cargoflux.com\/en\/wp-json\/"}],"wp:attachment":[{"href":"https:\/\/cargoflux.com\/en\/wp-json\/wp\/v2\/media?parent=9485"}],"curies":[{"name":"wp","href":"https:\/\/api.w.org\/{rel}","templated":true}]}}