
{"id":9359,"date":"2025-03-20T08:45:10","date_gmt":"2025-03-20T08:45:10","guid":{"rendered":"https:\/\/rc.cargoflux.com\/?page_id=9359"},"modified":"2025-03-20T11:26:04","modified_gmt":"2025-03-20T11:26:04","slug":"online-cargo","status":"publish","type":"page","link":"https:\/\/cargoflux.com\/en\/online-cargo\/","title":{"rendered":"Online cargo"},"content":{"rendered":"<div class=\"wp-block-uagb-container uagb-block-243195da alignfull uagb-is-root-container\">\n<div class=\"wp-block-uagb-container uagb-block-320d4c14 alignfull uagb-is-root-container\"><div class=\"uagb-container-inner-blocks-wrap\">\n<div class=\"wp-block-uagb-container uagb-block-193146e0\">\n<div class=\"wp-block-uagb-container anime-js-animation uagb-block-b919433e\">\n<div class=\"wp-block-uagb-advanced-heading uagb-block-b0f32548\"><h1 class=\"uagb-heading-text\">Online cargo<\/h1><\/div>\n\n\n\n<div class=\"wp-block-uagb-advanced-heading uagb-block-cab063f0\"><p class=\"uagb-heading-text\">With Cargoflux, Online Cargo went from promising startup to successful market leader in record time. The partnership ensured efficient operations, less administration, and made room for what mattered most: strategic growth and customer satisfaction.<\/p><\/div>\n<\/div>\n<\/div>\n<\/div><\/div>\n<\/div>\n\n\n\n<div class=\"wp-block-uagb-container anime-js-animation-container uagb-block-e8ab604b alignfull uagb-is-root-container\">\n<div class=\"wp-block-uagb-container uagb-block-b2d61fd5 alignfull uagb-is-root-container\"><div class=\"uagb-container-inner-blocks-wrap\">\n<div class=\"wp-block-uagb-container responsive uagb-block-5498cd5b alignfull uagb-is-root-container\"><div class=\"uagb-container-inner-blocks-wrap\">\n<div class=\"wp-block-uagb-container anime-js-animation uag-blocks-common-selector uagb-block-0571e8c6\">\n<iframe loading=\"lazy\" width=\"1024\" height=\"376\" src=\"https:\/\/www.youtube.com\/embed\/lTM82pkNvLQ?si=auz4huow36aiDPuB\" title=\"YouTube video player\" frameborder=\"0\" allow=\"accelerometer; autoplay; clipboard-write; encrypted-media; gyroscope; picture-in-picture; web-share\" referrerpolicy=\"strict-origin-when-cross-origin\" allowfullscreen><\/iframe>\n\n\n\n<div class=\"wp-block-uagb-container uag-blocks-common-selector uagb-block-354bb880\">\n<figure class=\"wp-block-image size-full is-resized has-custom-border is-style-custom-image-style wp-duotone-unset-1\" style=\"margin-top:0;margin-right:0;margin-bottom:0\"><img loading=\"lazy\" decoding=\"async\" width=\"48\" height=\"23\" src=\"http:\/\/cargoflux.com\/wp-content\/uploads\/2025\/03\/creative-elements_Creative-04.svg\" alt=\"\" class=\"wp-image-8225\" style=\"border-radius:0px;width:150px\"\/><\/figure>\n<\/div>\n<\/div>\n\n\n\n<div class=\"wp-block-uagb-container responsive anime-js-animation uag-blocks-common-selector uagb-block-4789c029\">\n<div class=\"wp-block-uagb-advanced-heading uagb-block-2ea4e812\"><h3 class=\"uagb-heading-text\">From ambitious idea to strategic partnership<\/h3><\/div>\n\n\n\n<p class=\"has-ast-global-color-1-color has-text-color has-link-color wp-elements-084902080380c85fa84c418a7c06cfe4\">In 2015, a dynamic and ambitious company called Online Cargo began a journey to revolutionize the transportation industry. Founded as a two-person team, Online Cargo was determined to tackle the challenges of handling different types of freight transport. Their mission was clear \u2014 to streamline processes, increase efficiency, and put innovation at the forefront of their operations. From the very start, Online Cargo recognized the importance of partnering with the right technology solution to advance their goals. In a strategic move, they entered into a partnership with Cargoflux in 2015. The decision to work with Cargoflux was made even before Online Cargo officially launched.<\/p>\n<\/div>\n<\/div><\/div>\n<\/div><\/div>\n<\/div>\n\n\n\n<div class=\"wp-block-uagb-container anime-js-animation-container uagb-layout-flex uagb-block-56c0a00a alignfull uagb-is-root-container\"><div class=\"uagb-container-inner-blocks-wrap\">\n<div class=\"wp-block-uagb-container uagb-block-dc1a5cdb alignfull uagb-is-root-container\"><div class=\"uagb-container-inner-blocks-wrap\">\n<div class=\"wp-block-uagb-container uagb-block-0eaeba41 alignfull uagb-is-root-container\"><div class=\"uagb-container-inner-blocks-wrap\">\n<div class=\"wp-block-uagb-container responsive anime-js-animation uagb-block-b78efe7f\">\n<div class=\"wp-block-uagb-advanced-heading uagb-block-be845b5b\"><h3 class=\"uagb-heading-text\">Automation that yields results on the bottom line<\/h3><\/div>\n\n\n\n<p class=\"has-white-color has-text-color has-link-color wp-elements-784d5c9283beeaa9d9033f0464d5a469\">By automating every aspect of the transport process \u2014 from booking flows to invoicing procedures \u2014 Cargoflux became an indispensable partner in Online Cargo\u2019s pursuit of efficiency. \u201cTime is money\u201d holds true in the logistics world, and the time saved by using Cargoflux\u2019s automation capabilities translated directly into savings on Online Cargo\u2019s bottom line.<\/p>\n<\/div>\n\n\n\n<div class=\"wp-block-uagb-container responsive anime-js-animation uagb-block-9df5abea\">\n<p class=\"has-white-color has-text-color has-link-color wp-elements-24cfa1cc654a5bab1189f47cac01e1cf\">During the selection process, Online Cargo evaluated several candidates. Among the competitors, Cargoflux stood out with its comprehensive range of features and solutions that naturally fit Online Cargo\u2019s needs. The compatibility and breadth of Cargoflux\u2019s offering ensured that Online Cargo could find tailored solutions for their unique requirements. One of the most notable impacts of the collaboration between<\/p>\n<\/div>\n\n\n\n<div class=\"wp-block-uagb-container responsive anime-js-animation uagb-block-3c35d5a1\">\n<p class=\"has-white-color has-text-color has-link-color wp-elements-af3bb632b368cb50c43ed93a0505031a\">Additionally, these efficiencies meant that Online Cargo could focus its resources on strategic decision-making and growth instead of being burdened by manual administrative tasks. With Cargoflux, Online Cargo transformed from a promising startup into a thriving company, known not only for its innovative approach but also for its ability to deliver flawless service to its customers. The partnership allows Online Cargo to differentiate itself in a competitive market by offering customers a seamless and efficient experience.<\/p>\n<\/div>\n<\/div><\/div>\n\n\n\n<div class=\"wp-block-uagb-container uagb-block-a0e9a916 alignfull uagb-is-root-container\"><div class=\"uagb-container-inner-blocks-wrap\">\n<div class=\"wp-block-uagb-container uagb-layout-flex uagb-block-06c0f06e\">\n<div class=\"wp-block-uagb-image uagb-block-2cf36c8a wp-block-uagb-image--layout-default wp-block-uagb-image--effect-static wp-block-uagb-image--align-none\"><figure class=\"wp-block-uagb-image__figure\"><img decoding=\"async\" srcset=\"https:\/\/cargoflux.com\/wp-content\/uploads\/2025\/03\/david-loth.jpeg ,https:\/\/cargoflux.com\/wp-content\/uploads\/2025\/03\/david-loth.jpeg 780w, https:\/\/cargoflux.com\/wp-content\/uploads\/2025\/03\/david-loth.jpeg 360w\" sizes=\"auto, (max-width: 480px) 150px\" src=\"https:\/\/cargoflux.com\/wp-content\/uploads\/2025\/03\/david-loth.jpeg\" alt=\"\" class=\"uag-image-9431\" width=\"667\" height=\"675\" title=\"david l\u00f8th\" loading=\"lazy\" role=\"img\"\/><\/figure><\/div>\n<\/div>\n\n\n\n<div class=\"wp-block-uagb-container uagb-block-66e12f9d\">\n<div class=\"wp-block-uagb-advanced-heading uagb-block-8053f7f6\"><h3 class=\"uagb-heading-text\">&#8220;Vi sparer mange timers arbejde og mange tusinde kroner hver eneste dag \u2013 i bogholderiet og operationen \u2013 og vi er via Cargoflux tilg\u00e6ngelig d\u00f8gnet rundt, uden at belaste medarbejderne. Med mange tusinde forsendelser dagligt, ville vi ikke kunne fungere uden Cargoflux &#8211; fremragende system&#8221;<\/h3><\/div>\n\n\n\n<div class=\"wp-block-uagb-advanced-heading uagb-block-ce5448da\"><h3 class=\"uagb-heading-text\">David L\u00f8th \u2013 CEO, OnlineCargo<\/h3><\/div>\n<\/div>\n<\/div><\/div>\n<\/div><\/div>\n<\/div><\/div>\n\n\n\n<div class=\"wp-block-uagb-container anime-js-animation-container uagb-block-f2b44706 alignfull uagb-is-root-container\"><div class=\"uagb-container-inner-blocks-wrap\">\n<div class=\"wp-block-uagb-container uagb-block-6cc2f7aa alignfull uagb-is-root-container\"><div class=\"uagb-container-inner-blocks-wrap\">\n<div class=\"wp-block-uagb-container uagb-block-afa2bb81 alignfull uagb-is-root-container\">\n<div class=\"wp-block-uagb-container anime-js-animation uagb-block-66be1664\">\n<div class=\"wp-block-uagb-advanced-heading uagb-block-b4043b88\"><h3 class=\"uagb-heading-text\">Are you ready to optimize your logistics? <\/h3><\/div>\n\n\n\n<div class=\"wp-block-uagb-advanced-heading uagb-block-45c8dcd8\"><p class=\"uagb-heading-text\">Get a free demonstration, and find out how Cargoflux can help your company<\/p><\/div>\n<\/div>\n\n\n\n<div class=\"wp-block-uagb-container anime-js-animation uagb-block-c3019821\">\n<div class=\"wp-block-uagb-buttons uagb-buttons__outer-wrap uagb-btn__default-btn uagb-btn-tablet__default-btn uagb-btn-mobile__default-btn uagb-block-9cded3f1 is-style-default\"><div class=\"uagb-buttons__wrap uagb-buttons-layout-wrap\">\n<div class=\"wp-block-uagb-buttons-child uagb-buttons__outer-wrap uagb-block-325c75ff wp-block-button\"><div class=\"uagb-button__wrapper\"><a class=\"uagb-buttons-repeater wp-block-button__link\" aria-label=\"\" href=\"\/en\/kontakt\/\" rel=\"follow noopener\" target=\"_self\" role=\"button\"><div class=\"uagb-button__link\">Get in contact here<\/div><\/a><\/div><\/div>\n<\/div><\/div>\n<\/div>\n<\/div>\n<\/div><\/div>\n<\/div><\/div>","protected":false},"excerpt":{"rendered":"<p>Online cargo Med Cargoflux gik Online Cargo p\u00e5 rekordtid fra lovende startup til succesfuld markedsleder. Partnerskabet sikrede en effektiv drift, mindre administration og gav plads til det vigtigste: strategisk v\u00e6kst og kundetilfredshed. Fra ambiti\u00f8s id\u00e9 til strategisk partnerskab I 2015 begyndte en dynamisk og ambiti\u00f8s virksomhed ved navn Online Cargo en rejse for at revolutionere [&hellip;]<\/p>\n","protected":false},"author":1,"featured_media":6652,"parent":0,"menu_order":0,"comment_status":"closed","ping_status":"closed","template":"","meta":{"_acf_changed":false,"_uag_custom_page_level_css":"","site-sidebar-layout":"default","site-content-layout":"","ast-site-content-layout":"default","site-content-style":"default","site-sidebar-style":"default","ast-global-header-display":"","ast-banner-title-visibility":"","ast-main-header-display":"","ast-hfb-above-header-display":"","ast-hfb-below-header-display":"","ast-hfb-mobile-header-display":"","site-post-title":"disabled","ast-breadcrumbs-content":"","ast-featured-img":"disabled","footer-sml-layout":"","ast-disable-related-posts":"","theme-transparent-header-meta":"","adv-header-id-meta":"","stick-header-meta":"","header-above-stick-meta":"","header-main-stick-meta":"","header-below-stick-meta":"","astra-migrate-meta-layouts":"default","ast-page-background-enabled":"default","ast-page-background-meta":{"desktop":{"background-color":"var(--ast-global-color-4)","background-image":"","background-repeat":"repeat","background-position":"center center","background-size":"auto","background-attachment":"scroll","background-type":"","background-media":"","overlay-type":"","overlay-color":"","overlay-opacity":"","overlay-gradient":""},"tablet":{"background-color":"","background-image":"","background-repeat":"repeat","background-position":"center center","background-size":"auto","background-attachment":"scroll","background-type":"","background-media":"","overlay-type":"","overlay-color":"","overlay-opacity":"","overlay-gradient":""},"mobile":{"background-color":"","background-image":"","background-repeat":"repeat","background-position":"center center","background-size":"auto","background-attachment":"scroll","background-type":"","background-media":"","overlay-type":"","overlay-color":"","overlay-opacity":"","overlay-gradient":""}},"ast-content-background-meta":{"desktop":{"background-color":"var(--ast-global-color-5)","background-image":"","background-repeat":"repeat","background-position":"center center","background-size":"auto","background-attachment":"scroll","background-type":"","background-media":"","overlay-type":"","overlay-color":"","overlay-opacity":"","overlay-gradient":""},"tablet":{"background-color":"var(--ast-global-color-5)","background-image":"","background-repeat":"repeat","background-position":"center center","background-size":"auto","background-attachment":"scroll","background-type":"","background-media":"","overlay-type":"","overlay-color":"","overlay-opacity":"","overlay-gradient":""},"mobile":{"background-color":"var(--ast-global-color-5)","background-image":"","background-repeat":"repeat","background-position":"center center","background-size":"auto","background-attachment":"scroll","background-type":"","background-media":"","overlay-type":"","overlay-color":"","overlay-opacity":"","overlay-gradient":""}},"footnotes":""},"class_list":["post-9359","page","type-page","status-publish","has-post-thumbnail","hentry"],"acf":[],"uagb_featured_image_src":{"full":false,"thumbnail":false,"medium":false,"medium_large":false,"large":false,"1536x1536":false,"2048x2048":false,"trp-custom-language-flag":false},"uagb_author_info":{"display_name":"cargoflux","author_link":"https:\/\/cargoflux.com\/en\/author\/cargoflux\/"},"uagb_comment_info":0,"uagb_excerpt":"Online cargo Med Cargoflux gik Online Cargo p\u00e5 rekordtid fra lovende startup til succesfuld markedsleder. Partnerskabet sikrede en effektiv drift, mindre administration og gav plads til det vigtigste: strategisk v\u00e6kst og kundetilfredshed. Fra ambiti\u00f8s id\u00e9 til strategisk partnerskab I 2015 begyndte en dynamisk og ambiti\u00f8s virksomhed ved navn Online Cargo en rejse for at revolutionere&hellip;","_links":{"self":[{"href":"https:\/\/cargoflux.com\/en\/wp-json\/wp\/v2\/pages\/9359","targetHints":{"allow":["GET"]}}],"collection":[{"href":"https:\/\/cargoflux.com\/en\/wp-json\/wp\/v2\/pages"}],"about":[{"href":"https:\/\/cargoflux.com\/en\/wp-json\/wp\/v2\/types\/page"}],"author":[{"embeddable":true,"href":"https:\/\/cargoflux.com\/en\/wp-json\/wp\/v2\/users\/1"}],"replies":[{"embeddable":true,"href":"https:\/\/cargoflux.com\/en\/wp-json\/wp\/v2\/comments?post=9359"}],"version-history":[{"count":76,"href":"https:\/\/cargoflux.com\/en\/wp-json\/wp\/v2\/pages\/9359\/revisions"}],"predecessor-version":[{"id":9504,"href":"https:\/\/cargoflux.com\/en\/wp-json\/wp\/v2\/pages\/9359\/revisions\/9504"}],"wp:featuredmedia":[{"embeddable":true,"href":"https:\/\/cargoflux.com\/en\/wp-json\/"}],"wp:attachment":[{"href":"https:\/\/cargoflux.com\/en\/wp-json\/wp\/v2\/media?parent=9359"}],"curies":[{"name":"wp","href":"https:\/\/api.w.org\/{rel}","templated":true}]}}