
{"id":9241,"date":"2025-03-19T12:03:40","date_gmt":"2025-03-19T12:03:40","guid":{"rendered":"https:\/\/rc.cargoflux.com\/?page_id=9241"},"modified":"2025-09-22T09:09:29","modified_gmt":"2025-09-22T09:09:29","slug":"case-stories","status":"publish","type":"page","link":"https:\/\/cargoflux.com\/en\/case-stories\/","title":{"rendered":"Case Stories"},"content":{"rendered":"<div class=\"wp-block-uagb-container uagb-block-243195da alignfull uagb-is-root-container\">\n<div class=\"wp-block-uagb-container uagb-block-320d4c14 alignfull uagb-is-root-container\"><div class=\"uagb-container-inner-blocks-wrap\">\n<div class=\"wp-block-uagb-container uagb-block-193146e0\">\n<div class=\"wp-block-uagb-container anime-js-animation uagb-block-b919433e\">\n<div class=\"wp-block-uagb-advanced-heading uagb-block-b0f32548\"><h1 class=\"uagb-heading-text\">Case Stories<\/h1><\/div>\n\n\n\n<div class=\"wp-block-uagb-advanced-heading uagb-block-cab063f0\"><p class=\"uagb-heading-text\">We love sharing our customer success stories, because their success is ours, too.<br><br>On this page you can dive into some of the exciting challenges<br>that our customers have faced, and the impressive solutions we delivered.<br><\/p><\/div>\n<\/div>\n<\/div>\n<\/div><\/div>\n<\/div>\n\n\n\n<div class=\"wp-block-uagb-container gallery-apply-white-background-to-images uagb-layout-grid uagb-block-b2d61fd5 alignfull uagb-is-root-container\"><div class=\"uagb-container-inner-blocks-wrap\">\n<div class=\"wp-block-uagb-container responsive hover-animation uagb-block-5498cd5b alignfull uagb-is-root-container\"><div class=\"uagb-container-inner-blocks-wrap\">\n<div class=\"wp-block-uagb-container uagb-block-c521c924\">\n<figure class=\"wp-block-image size-full has-custom-border is-style-default\" style=\"margin-top:0\"><img loading=\"lazy\" decoding=\"async\" width=\"640\" height=\"480\" src=\"http:\/\/cargoflux.com\/wp-content\/uploads\/2025\/03\/OnlineCargo.jpg\" alt=\"\" class=\"wp-image-9295\" style=\"border-radius:20px;aspect-ratio:4\/3;object-fit:cover\" srcset=\"https:\/\/cargoflux.com\/wp-content\/uploads\/2025\/03\/OnlineCargo.jpg 640w, https:\/\/cargoflux.com\/wp-content\/uploads\/2025\/03\/OnlineCargo-300x225.jpg 300w\" sizes=\"auto, (max-width: 640px) 100vw, 640px\" \/><\/figure>\n<\/div>\n<\/div><a class=\"spectra-container-link-overlay\" rel=\"noopener\" href=\"\/en\/online-cargo\/\"> <\/a><\/div>\n\n\n\n<div class=\"wp-block-uagb-container responsive hover-animation uagb-block-e25edaa4 alignfull uagb-is-root-container\"><div class=\"uagb-container-inner-blocks-wrap\">\n<div class=\"wp-block-uagb-container uagb-block-1d2a717d\">\n<figure class=\"wp-block-gallery has-nested-images columns-default is-cropped wp-block-gallery-1 is-layout-flex wp-block-gallery-is-layout-flex\">\n<figure class=\"wp-block-image size-full has-custom-border is-style-default\" style=\"margin-top:0\"><img loading=\"lazy\" decoding=\"async\" width=\"1200\" height=\"402\" data-id=\"9781\" src=\"https:\/\/cargoflux.com\/wp-content\/uploads\/2025\/09\/freetrade_logo_web.png\" alt=\"\" class=\"wp-image-9781\" style=\"border-radius:20px;aspect-ratio:4\/3;object-fit:cover\" srcset=\"https:\/\/cargoflux.com\/wp-content\/uploads\/2025\/09\/freetrade_logo_web.png 1200w, https:\/\/cargoflux.com\/wp-content\/uploads\/2025\/09\/freetrade_logo_web-300x101.png 300w, https:\/\/cargoflux.com\/wp-content\/uploads\/2025\/09\/freetrade_logo_web-1024x343.png 1024w, https:\/\/cargoflux.com\/wp-content\/uploads\/2025\/09\/freetrade_logo_web-768x257.png 768w\" sizes=\"auto, (max-width: 1200px) 100vw, 1200px\" \/><\/figure>\n<\/figure>\n<\/div>\n<\/div><a class=\"spectra-container-link-overlay\" rel=\"noopener\" href=\"\/en\/freetrade-logistics\/\"> <\/a><\/div>\n\n\n\n<div class=\"wp-block-uagb-container responsive hover-animation uagb-block-b47598f2 alignfull uagb-is-root-container\"><div class=\"uagb-container-inner-blocks-wrap\">\n<div class=\"wp-block-uagb-container uagb-block-e0bce746\">\n<figure class=\"wp-block-image size-full has-custom-border is-style-default\" style=\"margin-top:0\"><img loading=\"lazy\" decoding=\"async\" width=\"640\" height=\"480\" src=\"http:\/\/cargoflux.com\/wp-content\/uploads\/2025\/03\/muuto.jpg\" alt=\"\" class=\"wp-image-9294\" style=\"border-radius:20px;aspect-ratio:4\/3;object-fit:cover\" srcset=\"https:\/\/cargoflux.com\/wp-content\/uploads\/2025\/03\/muuto.jpg 640w, https:\/\/cargoflux.com\/wp-content\/uploads\/2025\/03\/muuto-300x225.jpg 300w\" sizes=\"auto, (max-width: 640px) 100vw, 640px\" \/><\/figure>\n<\/div>\n<\/div><a class=\"spectra-container-link-overlay\" rel=\"noopener\" href=\"\/en\/muuto\/\"> <\/a><\/div>\n\n\n\n<div class=\"wp-block-uagb-container responsive hover-animation uagb-block-01877044 alignfull uagb-is-root-container\"><div class=\"uagb-container-inner-blocks-wrap\">\n<div class=\"wp-block-uagb-container uagb-block-51a19a90\">\n<figure class=\"wp-block-image size-full has-custom-border is-style-default\" style=\"margin-top:0\"><img loading=\"lazy\" decoding=\"async\" width=\"640\" height=\"480\" src=\"http:\/\/cargoflux.com\/wp-content\/uploads\/2025\/03\/larry_vs_harry.jpg\" alt=\"\" class=\"wp-image-9293\" style=\"border-radius:20px;aspect-ratio:4\/3;object-fit:cover\" srcset=\"https:\/\/cargoflux.com\/wp-content\/uploads\/2025\/03\/larry_vs_harry.jpg 640w, https:\/\/cargoflux.com\/wp-content\/uploads\/2025\/03\/larry_vs_harry-300x225.jpg 300w\" sizes=\"auto, (max-width: 640px) 100vw, 640px\" \/><\/figure>\n<\/div>\n<\/div><a class=\"spectra-container-link-overlay\" rel=\"noopener\" href=\"\/en\/harry-vs-larry\/\"> <\/a><\/div>\n<\/div><\/div>\n\n\n\n<div class=\"wp-block-uagb-container anime-js-animation-container uagb-block-f2b44706 alignfull uagb-is-root-container\"><div class=\"uagb-container-inner-blocks-wrap\">\n<div class=\"wp-block-uagb-container uagb-block-6cc2f7aa alignfull uagb-is-root-container\"><div class=\"uagb-container-inner-blocks-wrap\">\n<div class=\"wp-block-uagb-container uagb-block-afa2bb81 alignfull uagb-is-root-container\">\n<div class=\"wp-block-uagb-container anime-js-animation uagb-block-66be1664\">\n<div class=\"wp-block-uagb-advanced-heading uagb-block-b4043b88\"><h3 class=\"uagb-heading-text\">Are you ready to optimize your logistics? <\/h3><\/div>\n\n\n\n<div class=\"wp-block-uagb-advanced-heading uagb-block-45c8dcd8\"><p class=\"uagb-heading-text\">Get a free demonstration, and find out how Cargoflux can help your company<\/p><\/div>\n<\/div>\n\n\n\n<div class=\"wp-block-uagb-container anime-js-animation uagb-block-c3019821\">\n<div class=\"wp-block-uagb-buttons uagb-buttons__outer-wrap uagb-btn__default-btn uagb-btn-tablet__default-btn uagb-btn-mobile__default-btn uagb-block-9cded3f1 is-style-default\"><div class=\"uagb-buttons__wrap uagb-buttons-layout-wrap\">\n<div class=\"wp-block-uagb-buttons-child uagb-buttons__outer-wrap uagb-block-325c75ff wp-block-button\"><div class=\"uagb-button__wrapper\"><a class=\"uagb-buttons-repeater wp-block-button__link\" aria-label=\"\" href=\"\/en\/kontakt\/\" rel=\"follow noopener\" target=\"_self\" role=\"button\"><div class=\"uagb-button__link\">Get in contact here<\/div><\/a><\/div><\/div>\n<\/div><\/div>\n<\/div>\n<\/div>\n<\/div><\/div>\n<\/div><\/div>","protected":false},"excerpt":{"rendered":"<p>Case stories Vi elsker at dele vores kunders succeser, fordi de er vores succes. P\u00e5 denne side kan du dykke ned i nogle af de sp\u00e6ndende udfordringer,vores kunder har st\u00e5et overfor, og de imponerende l\u00f8sninger der er leveret.<\/p>","protected":false},"author":1,"featured_media":6652,"parent":0,"menu_order":0,"comment_status":"closed","ping_status":"closed","template":"","meta":{"_acf_changed":false,"_uag_custom_page_level_css":"","site-sidebar-layout":"default","site-content-layout":"","ast-site-content-layout":"default","site-content-style":"default","site-sidebar-style":"default","ast-global-header-display":"","ast-banner-title-visibility":"","ast-main-header-display":"","ast-hfb-above-header-display":"","ast-hfb-below-header-display":"","ast-hfb-mobile-header-display":"","site-post-title":"disabled","ast-breadcrumbs-content":"","ast-featured-img":"disabled","footer-sml-layout":"","ast-disable-related-posts":"","theme-transparent-header-meta":"","adv-header-id-meta":"","stick-header-meta":"","header-above-stick-meta":"","header-main-stick-meta":"","header-below-stick-meta":"","astra-migrate-meta-layouts":"default","ast-page-background-enabled":"default","ast-page-background-meta":{"desktop":{"background-color":"var(--ast-global-color-4)","background-image":"","background-repeat":"repeat","background-position":"center center","background-size":"auto","background-attachment":"scroll","background-type":"","background-media":"","overlay-type":"","overlay-color":"","overlay-opacity":"","overlay-gradient":""},"tablet":{"background-color":"","background-image":"","background-repeat":"repeat","background-position":"center center","background-size":"auto","background-attachment":"scroll","background-type":"","background-media":"","overlay-type":"","overlay-color":"","overlay-opacity":"","overlay-gradient":""},"mobile":{"background-color":"","background-image":"","background-repeat":"repeat","background-position":"center center","background-size":"auto","background-attachment":"scroll","background-type":"","background-media":"","overlay-type":"","overlay-color":"","overlay-opacity":"","overlay-gradient":""}},"ast-content-background-meta":{"desktop":{"background-color":"var(--ast-global-color-5)","background-image":"","background-repeat":"repeat","background-position":"center center","background-size":"auto","background-attachment":"scroll","background-type":"","background-media":"","overlay-type":"","overlay-color":"","overlay-opacity":"","overlay-gradient":""},"tablet":{"background-color":"var(--ast-global-color-5)","background-image":"","background-repeat":"repeat","background-position":"center center","background-size":"auto","background-attachment":"scroll","background-type":"","background-media":"","overlay-type":"","overlay-color":"","overlay-opacity":"","overlay-gradient":""},"mobile":{"background-color":"var(--ast-global-color-5)","background-image":"","background-repeat":"repeat","background-position":"center center","background-size":"auto","background-attachment":"scroll","background-type":"","background-media":"","overlay-type":"","overlay-color":"","overlay-opacity":"","overlay-gradient":""}},"footnotes":""},"class_list":["post-9241","page","type-page","status-publish","has-post-thumbnail","hentry"],"acf":[],"uagb_featured_image_src":{"full":false,"thumbnail":false,"medium":false,"medium_large":false,"large":false,"1536x1536":false,"2048x2048":false,"trp-custom-language-flag":false},"uagb_author_info":{"display_name":"cargoflux","author_link":"https:\/\/cargoflux.com\/en\/author\/cargoflux\/"},"uagb_comment_info":0,"uagb_excerpt":"Case stories Vi elsker at dele vores kunders succeser, fordi de er vores succes. P\u00e5 denne side kan du dykke ned i nogle af de sp\u00e6ndende udfordringer,vores kunder har st\u00e5et overfor, og de imponerende l\u00f8sninger der er leveret.","_links":{"self":[{"href":"https:\/\/cargoflux.com\/en\/wp-json\/wp\/v2\/pages\/9241","targetHints":{"allow":["GET"]}}],"collection":[{"href":"https:\/\/cargoflux.com\/en\/wp-json\/wp\/v2\/pages"}],"about":[{"href":"https:\/\/cargoflux.com\/en\/wp-json\/wp\/v2\/types\/page"}],"author":[{"embeddable":true,"href":"https:\/\/cargoflux.com\/en\/wp-json\/wp\/v2\/users\/1"}],"replies":[{"embeddable":true,"href":"https:\/\/cargoflux.com\/en\/wp-json\/wp\/v2\/comments?post=9241"}],"version-history":[{"count":104,"href":"https:\/\/cargoflux.com\/en\/wp-json\/wp\/v2\/pages\/9241\/revisions"}],"predecessor-version":[{"id":9808,"href":"https:\/\/cargoflux.com\/en\/wp-json\/wp\/v2\/pages\/9241\/revisions\/9808"}],"wp:featuredmedia":[{"embeddable":true,"href":"https:\/\/cargoflux.com\/en\/wp-json\/"}],"wp:attachment":[{"href":"https:\/\/cargoflux.com\/en\/wp-json\/wp\/v2\/media?parent=9241"}],"curies":[{"name":"wp","href":"https:\/\/api.w.org\/{rel}","templated":true}]}}