
{"id":9024,"date":"2025-03-18T11:15:16","date_gmt":"2025-03-18T11:15:16","guid":{"rendered":"https:\/\/rc.cargoflux.com\/?page_id=9024"},"modified":"2025-09-05T08:24:32","modified_gmt":"2025-09-05T08:24:32","slug":"erp","status":"publish","type":"page","link":"https:\/\/cargoflux.com\/en\/erp\/","title":{"rendered":"ERP"},"content":{"rendered":"<div class=\"wp-block-uagb-container uagb-block-0f65a8c8 alignfull uagb-is-root-container\">\n<div class=\"wp-block-uagb-container uagb-block-e3b89608 alignfull uagb-is-root-container\"><div class=\"uagb-container-inner-blocks-wrap\">\n<div class=\"wp-block-uagb-container uagb-block-c2bf33aa\">\n<div class=\"wp-block-uagb-container anime-js-animation uagb-block-529710e4\">\n<div class=\"wp-block-uagb-advanced-heading uagb-block-40a3404d\"><h1 class=\"uagb-heading-text\">Connect your ERP system to Cargoflux<\/h1><\/div>\n\n\n\n<div class=\"wp-block-uagb-advanced-heading uagb-block-cc3b9805\"><p class=\"uagb-heading-text\">Create a more streamlined and efficient supply chain with Cargoflux, working in harmony with your ERP system to achieve optimal operations and improved business performance.<\/p><\/div>\n\n\n\n<div class=\"wp-block-uagb-container uagb-block-af0c6f11\">\n<div class=\"wp-block-uagb-buttons uagb-buttons__outer-wrap uagb-btn__default-btn uagb-btn-tablet__default-btn uagb-btn-mobile__default-btn uagb-block-90146b68 is-style-default\"><div class=\"uagb-buttons__wrap uagb-buttons-layout-wrap\">\n<div class=\"wp-block-uagb-buttons-child uagb-buttons__outer-wrap uagb-block-e91fe2f3 wp-block-button\"><div class=\"uagb-button__wrapper\"><a class=\"uagb-buttons-repeater wp-block-button__link\" aria-label=\"\" href=\"\/en\/kontakt\/\" rel=\"follow noopener\" target=\"_self\" role=\"button\"><div class=\"uagb-button__link\">Get in contact<\/div><\/a><\/div><\/div>\n<\/div><\/div>\n<\/div>\n<\/div>\n<\/div>\n<\/div><\/div>\n<\/div>\n\n\n\n<div class=\"wp-block-uagb-container anime-js-animation-container uagb-block-e8ab604b alignfull uagb-is-root-container\">\n<div class=\"wp-block-uagb-container uagb-block-b2d61fd5 alignfull uagb-is-root-container\"><div class=\"uagb-container-inner-blocks-wrap\">\n<div class=\"wp-block-uagb-container responsive uagb-block-5498cd5b alignfull uagb-is-root-container\"><div class=\"uagb-container-inner-blocks-wrap\">\n<div class=\"wp-block-uagb-container uagb-block-c521c924\">\n<div class=\"wp-block-uagb-container uagb-block-72e86752\">\n<div class=\"wp-block-uagb-container anime-js-animation uag-blocks-common-selector uagb-block-0571e8c6\">\n<div class=\"wp-block-uagb-container uagb-block-de8d19ea\">\n<figure class=\"wp-block-image size-full has-custom-border is-style-default\" style=\"margin-top:0\"><img loading=\"lazy\" decoding=\"async\" width=\"1500\" height=\"1000\" src=\"http:\/\/cargoflux.com\/wp-content\/uploads\/2025\/03\/uniconta-1.jpg\" alt=\"\" class=\"wp-image-9576\" style=\"border-radius:20px\" srcset=\"https:\/\/cargoflux.com\/wp-content\/uploads\/2025\/03\/uniconta-1.jpg 1500w, https:\/\/cargoflux.com\/wp-content\/uploads\/2025\/03\/uniconta-1-300x200.jpg 300w, https:\/\/cargoflux.com\/wp-content\/uploads\/2025\/03\/uniconta-1-1024x683.jpg 1024w, https:\/\/cargoflux.com\/wp-content\/uploads\/2025\/03\/uniconta-1-768x512.jpg 768w\" sizes=\"auto, (max-width: 1500px) 100vw, 1500px\" \/><\/figure>\n<\/div>\n\n\n\n<div class=\"wp-block-uagb-container uag-blocks-common-selector uagb-block-354bb880\">\n<figure class=\"wp-block-image size-full is-resized has-custom-border is-style-custom-image-style wp-duotone-unset-1\" style=\"margin-top:0;margin-right:0;margin-bottom:0\"><img loading=\"lazy\" decoding=\"async\" width=\"33\" height=\"33\" src=\"http:\/\/cargoflux.com\/wp-content\/uploads\/2025\/03\/creative-elements_Creative-05.svg\" alt=\"\" class=\"wp-image-8226\" style=\"border-radius:0px;width:100px\"\/><\/figure>\n<\/div>\n<\/div>\n<\/div>\n<\/div>\n\n\n\n<div class=\"wp-block-uagb-container responsive anime-js-animation uag-blocks-common-selector uagb-block-4789c029\">\n<div class=\"wp-block-uagb-advanced-heading uagb-block-2ea4e812\"><h3 class=\"uagb-heading-text\">Uniconta<\/h3><\/div>\n\n\n\n<div class=\"wp-block-uagb-advanced-heading uagb-block-303ad435\"><p class=\"uagb-heading-text\">Uniconta is a cloud-based ERP solution designed to handle accounting, inventory management, and sales processes. When integrated with Cargoflux, users can achieve a seamless connection between inventory and shipment planning. This enables real-time data exchange and optimizes the entire supply chain by ensuring accurate information on inventory status and availability.<\/p><\/div>\n<\/div>\n<\/div><\/div>\n<\/div><\/div>\n<\/div>\n\n\n\n<div class=\"wp-block-uagb-container anime-js-animation-container uagb-block-084674ec alignfull uagb-is-root-container\">\n<div class=\"wp-block-uagb-container uagb-block-e5fba14f alignfull uagb-is-root-container\"><div class=\"uagb-container-inner-blocks-wrap\">\n<div class=\"wp-block-uagb-container uagb-block-2c3f9df7 alignfull uagb-is-root-container\"><div class=\"uagb-container-inner-blocks-wrap\">\n<div class=\"wp-block-uagb-container responsive anime-js-animation uagb-block-e2f5ab6a\">\n<div class=\"wp-block-uagb-advanced-heading uagb-block-dbcdf1c6\"><h3 class=\"uagb-heading-text\">NAV versions 2009-2018<\/h3><\/div>\n\n\n\n<div class=\"wp-block-uagb-advanced-heading uagb-block-a69ece4d\"><p class=\"uagb-heading-text\">Microsoft Dynamics NAV (Navision) is a well-known ERP solution that has been popular for decades. By integrating with Cargoflux, NAV users can automate updates to shipment information and improve traceability of goods throughout the supply chain. This integration also enables more efficient inventory management by allowing users to respond quickly to changes in demand.<\/p><\/div>\n<\/div>\n\n\n\n<div class=\"wp-block-uagb-container uag-blocks-common-selector uagb-block-214ad5fa\">\n<div class=\"wp-block-uagb-container uagb-block-aae51049\">\n<div class=\"wp-block-uagb-container anime-js-animation uag-blocks-common-selector uagb-block-87a0812a\">\n<div class=\"wp-block-uagb-container uagb-block-5ed2e71b\">\n<figure class=\"wp-block-image size-full has-custom-border is-style-default\" style=\"margin-top:0\"><img loading=\"lazy\" decoding=\"async\" width=\"1500\" height=\"1000\" src=\"http:\/\/cargoflux.com\/wp-content\/uploads\/2025\/03\/microsoft-dynamics.jpg\" alt=\"\" class=\"wp-image-9578\" style=\"border-radius:0px\" srcset=\"https:\/\/cargoflux.com\/wp-content\/uploads\/2025\/03\/microsoft-dynamics.jpg 1500w, https:\/\/cargoflux.com\/wp-content\/uploads\/2025\/03\/microsoft-dynamics-300x200.jpg 300w, https:\/\/cargoflux.com\/wp-content\/uploads\/2025\/03\/microsoft-dynamics-1024x683.jpg 1024w, https:\/\/cargoflux.com\/wp-content\/uploads\/2025\/03\/microsoft-dynamics-768x512.jpg 768w\" sizes=\"auto, (max-width: 1500px) 100vw, 1500px\" \/><\/figure>\n<\/div>\n\n\n\n<div class=\"wp-block-uagb-container uag-blocks-common-selector uagb-block-54dfaf94\">\n<figure class=\"wp-block-image size-full is-resized has-custom-border is-style-custom-image-style\" style=\"margin-top:0;margin-right:0;margin-bottom:0\"><img loading=\"lazy\" decoding=\"async\" width=\"48\" height=\"23\" src=\"http:\/\/cargoflux.com\/wp-content\/uploads\/2025\/03\/creative-elements_Creative-04.svg\" alt=\"\" class=\"wp-image-8225\" style=\"border-radius:0px;width:180px;height:auto\"\/><\/figure>\n<\/div>\n<\/div>\n<\/div>\n<\/div>\n<\/div><\/div>\n<\/div><\/div>\n<\/div>\n\n\n\n<div class=\"wp-block-uagb-container anime-js-animation-container uagb-block-a46a13e8 alignfull uagb-is-root-container\">\n<div class=\"wp-block-uagb-container uagb-block-b16fe84d alignfull uagb-is-root-container\"><div class=\"uagb-container-inner-blocks-wrap\">\n<div class=\"wp-block-uagb-container responsive uagb-block-3493d622 alignfull uagb-is-root-container\"><div class=\"uagb-container-inner-blocks-wrap\">\n<div class=\"wp-block-uagb-container uagb-block-8272f2b2\">\n<div class=\"wp-block-uagb-container uagb-block-ab46674f\">\n<div class=\"wp-block-uagb-container anime-js-animation uagb-block-b6cae585\">\n<div class=\"wp-block-uagb-container uagb-block-954fe354\">\n<figure class=\"wp-block-image size-full has-custom-border is-style-default\" style=\"margin-top:0\"><img loading=\"lazy\" decoding=\"async\" width=\"1500\" height=\"1000\" src=\"http:\/\/cargoflux.com\/wp-content\/uploads\/2025\/03\/dynamics.jpg\" alt=\"\" class=\"wp-image-9579\" style=\"border-radius:20px\" srcset=\"https:\/\/cargoflux.com\/wp-content\/uploads\/2025\/03\/dynamics.jpg 1500w, https:\/\/cargoflux.com\/wp-content\/uploads\/2025\/03\/dynamics-300x200.jpg 300w, https:\/\/cargoflux.com\/wp-content\/uploads\/2025\/03\/dynamics-1024x683.jpg 1024w, https:\/\/cargoflux.com\/wp-content\/uploads\/2025\/03\/dynamics-768x512.jpg 768w\" sizes=\"auto, (max-width: 1500px) 100vw, 1500px\" \/><\/figure>\n<\/div>\n<\/div>\n<\/div>\n\n\n\n<div class=\"wp-block-uagb-container uag-blocks-common-selector uagb-block-9ef3bb6f\">\n<figure class=\"wp-block-image size-full is-resized has-custom-border is-style-custom-image-style wp-duotone-unset-2\" style=\"margin-top:0;margin-right:0;margin-bottom:0\"><img loading=\"lazy\" decoding=\"async\" width=\"28\" height=\"28\" src=\"http:\/\/cargoflux.com\/wp-content\/uploads\/2025\/03\/CF_check.svg\" alt=\"\" class=\"wp-image-8442\" style=\"border-radius:0px;width:100px\"\/><\/figure>\n<\/div>\n<\/div>\n\n\n\n<div class=\"wp-block-uagb-container responsive anime-js-animation uag-blocks-common-selector uagb-block-5c0b0994\">\n<div class=\"wp-block-uagb-advanced-heading uagb-block-3ffd769a\"><h3 class=\"uagb-heading-text\">Business central<\/h3><\/div>\n\n\n\n<div class=\"wp-block-uagb-advanced-heading uagb-block-1b1fa380\"><p class=\"uagb-heading-text\">Microsoft Dynamics 365 Business Central is a modern cloud-based ERP solution that can also be implemented on-premises. When integrated with Cargoflux, companies gain comprehensive control of their supply chain. Real-time updates from Business Central to Cargoflux enable more accurate shipment planning and efficient inventory management.<\/p><\/div>\n<\/div>\n<\/div><\/div>\n<\/div><\/div>\n<\/div>\n\n\n\n<div class=\"wp-block-uagb-container anime-js-animation-container uagb-block-af2577e4 alignfull uagb-is-root-container\">\n<div class=\"wp-block-uagb-container uagb-block-7f04c6d0 alignfull uagb-is-root-container\"><div class=\"uagb-container-inner-blocks-wrap\">\n<div class=\"wp-block-uagb-container uagb-block-fd4874a4 alignfull uagb-is-root-container\"><div class=\"uagb-container-inner-blocks-wrap\">\n<div class=\"wp-block-uagb-container responsive anime-js-animation uagb-block-16af0ac7\">\n<div class=\"wp-block-uagb-advanced-heading uagb-block-66c3d7cf\"><h3 class=\"uagb-heading-text\">Keybalance<\/h3><\/div>\n\n\n\n<div class=\"wp-block-uagb-advanced-heading uagb-block-06e0bac9\"><p class=\"uagb-heading-text\">KeyBalance is an efficient ERP solution that handles financial management, inventory, and sales processes. With the integration to Cargoflux, the shipping process is automated so order information is transferred directly from KeyBalance. This streamlines packing and shipping, reduces manual tasks, and ensures accurate real-time data on inventory status and deliveries, optimizing the entire supply chain.<\/p><\/div>\n<\/div>\n\n\n\n<div class=\"wp-block-uagb-container uag-blocks-common-selector uagb-block-ad260818\">\n<div class=\"wp-block-uagb-container uagb-block-c22412d4\">\n<div class=\"wp-block-uagb-container anime-js-animation uag-blocks-common-selector uagb-block-b81cc949\">\n<div class=\"wp-block-uagb-container uagb-block-d7b7e758\">\n<figure class=\"wp-block-image size-full has-custom-border is-style-default\" style=\"margin-top:0\"><img loading=\"lazy\" decoding=\"async\" width=\"1500\" height=\"1000\" src=\"http:\/\/cargoflux.com\/wp-content\/uploads\/2025\/03\/keybalance.jpg\" alt=\"\" class=\"wp-image-9580\" style=\"border-radius:0px\" srcset=\"https:\/\/cargoflux.com\/wp-content\/uploads\/2025\/03\/keybalance.jpg 1500w, https:\/\/cargoflux.com\/wp-content\/uploads\/2025\/03\/keybalance-300x200.jpg 300w, https:\/\/cargoflux.com\/wp-content\/uploads\/2025\/03\/keybalance-1024x683.jpg 1024w, https:\/\/cargoflux.com\/wp-content\/uploads\/2025\/03\/keybalance-768x512.jpg 768w\" sizes=\"auto, (max-width: 1500px) 100vw, 1500px\" \/><\/figure>\n<\/div>\n\n\n\n<div class=\"wp-block-uagb-container uag-blocks-common-selector uagb-block-04b15b6b\">\n<figure class=\"wp-block-image size-full is-resized has-custom-border is-style-custom-image-style\" style=\"margin-top:0;margin-right:0;margin-bottom:0\"><img loading=\"lazy\" decoding=\"async\" width=\"48\" height=\"23\" src=\"http:\/\/cargoflux.com\/wp-content\/uploads\/2025\/03\/creative-elements_Creative-04.svg\" alt=\"\" class=\"wp-image-8225\" style=\"border-radius:0px;width:180px;height:auto\"\/><\/figure>\n<\/div>\n<\/div>\n<\/div>\n<\/div>\n<\/div><\/div>\n<\/div><\/div>\n<\/div>\n\n\n\n<div class=\"wp-block-uagb-container anime-js-animation-container uagb-block-f2b44706 alignfull uagb-is-root-container\"><div class=\"uagb-container-inner-blocks-wrap\">\n<div class=\"wp-block-uagb-container uagb-block-6cc2f7aa alignfull uagb-is-root-container\"><div class=\"uagb-container-inner-blocks-wrap\">\n<div class=\"wp-block-uagb-container uagb-block-afa2bb81 alignfull uagb-is-root-container\">\n<div class=\"wp-block-uagb-container anime-js-animation uagb-block-66be1664\">\n<div class=\"wp-block-uagb-advanced-heading uagb-block-b4043b88\"><h3 class=\"uagb-heading-text\">Are you ready to optimize your logistics? <\/h3><\/div>\n\n\n\n<div class=\"wp-block-uagb-advanced-heading uagb-block-45c8dcd8\"><p class=\"uagb-heading-text\">Get a free demonstration, and find out how Cargoflux can help your company<\/p><\/div>\n<\/div>\n\n\n\n<div class=\"wp-block-uagb-container anime-js-animation uagb-block-c3019821\">\n<div class=\"wp-block-uagb-buttons uagb-buttons__outer-wrap uagb-btn__default-btn uagb-btn-tablet__default-btn uagb-btn-mobile__default-btn uagb-block-9cded3f1 is-style-default\"><div class=\"uagb-buttons__wrap uagb-buttons-layout-wrap\">\n<div class=\"wp-block-uagb-buttons-child uagb-buttons__outer-wrap uagb-block-325c75ff wp-block-button\"><div class=\"uagb-button__wrapper\"><a class=\"uagb-buttons-repeater wp-block-button__link\" aria-label=\"\" href=\"\/en\/kontakt\/\" rel=\"follow noopener\" target=\"_self\" role=\"button\"><div class=\"uagb-button__link\">Get in contact here<\/div><\/a><\/div><\/div>\n<\/div><\/div>\n<\/div>\n<\/div>\n<\/div><\/div>\n<\/div><\/div>","protected":false},"excerpt":{"rendered":"<p>Forbind dit ERP system Skab en mere str\u00f8mlinet og effektiv forsyningsk\u00e6de med Cargoflux, der arbejder i harmoni med dit ERP-system for at opn\u00e5 optimal drift og forbedret forretningsydelse. Uniconta Uniconta er en cloud-baseret ERP-l\u00f8sning designet til at h\u00e5ndtere regnskab, lagerstyring og salgsprocesser. N\u00e5r det er integreret med Cargoflux, kan brugerne opn\u00e5 en s\u00f8ml\u00f8s forbindelse mellem [&hellip;]<\/p>\n","protected":false},"author":1,"featured_media":6652,"parent":0,"menu_order":0,"comment_status":"closed","ping_status":"closed","template":"","meta":{"_acf_changed":false,"_uag_custom_page_level_css":"","site-sidebar-layout":"default","site-content-layout":"","ast-site-content-layout":"default","site-content-style":"default","site-sidebar-style":"default","ast-global-header-display":"","ast-banner-title-visibility":"","ast-main-header-display":"","ast-hfb-above-header-display":"","ast-hfb-below-header-display":"","ast-hfb-mobile-header-display":"","site-post-title":"disabled","ast-breadcrumbs-content":"","ast-featured-img":"disabled","footer-sml-layout":"","ast-disable-related-posts":"","theme-transparent-header-meta":"","adv-header-id-meta":"","stick-header-meta":"","header-above-stick-meta":"","header-main-stick-meta":"","header-below-stick-meta":"","astra-migrate-meta-layouts":"default","ast-page-background-enabled":"default","ast-page-background-meta":{"desktop":{"background-color":"var(--ast-global-color-4)","background-image":"","background-repeat":"repeat","background-position":"center center","background-size":"auto","background-attachment":"scroll","background-type":"","background-media":"","overlay-type":"","overlay-color":"","overlay-opacity":"","overlay-gradient":""},"tablet":{"background-color":"","background-image":"","background-repeat":"repeat","background-position":"center center","background-size":"auto","background-attachment":"scroll","background-type":"","background-media":"","overlay-type":"","overlay-color":"","overlay-opacity":"","overlay-gradient":""},"mobile":{"background-color":"","background-image":"","background-repeat":"repeat","background-position":"center center","background-size":"auto","background-attachment":"scroll","background-type":"","background-media":"","overlay-type":"","overlay-color":"","overlay-opacity":"","overlay-gradient":""}},"ast-content-background-meta":{"desktop":{"background-color":"var(--ast-global-color-5)","background-image":"","background-repeat":"repeat","background-position":"center center","background-size":"auto","background-attachment":"scroll","background-type":"","background-media":"","overlay-type":"","overlay-color":"","overlay-opacity":"","overlay-gradient":""},"tablet":{"background-color":"var(--ast-global-color-5)","background-image":"","background-repeat":"repeat","background-position":"center center","background-size":"auto","background-attachment":"scroll","background-type":"","background-media":"","overlay-type":"","overlay-color":"","overlay-opacity":"","overlay-gradient":""},"mobile":{"background-color":"var(--ast-global-color-5)","background-image":"","background-repeat":"repeat","background-position":"center center","background-size":"auto","background-attachment":"scroll","background-type":"","background-media":"","overlay-type":"","overlay-color":"","overlay-opacity":"","overlay-gradient":""}},"footnotes":""},"class_list":["post-9024","page","type-page","status-publish","has-post-thumbnail","hentry"],"acf":[],"uagb_featured_image_src":{"full":false,"thumbnail":false,"medium":false,"medium_large":false,"large":false,"1536x1536":false,"2048x2048":false,"trp-custom-language-flag":false},"uagb_author_info":{"display_name":"cargoflux","author_link":"https:\/\/cargoflux.com\/en\/author\/cargoflux\/"},"uagb_comment_info":0,"uagb_excerpt":"Forbind dit ERP system Skab en mere str\u00f8mlinet og effektiv forsyningsk\u00e6de med Cargoflux, der arbejder i harmoni med dit ERP-system for at opn\u00e5 optimal drift og forbedret forretningsydelse. Uniconta Uniconta er en cloud-baseret ERP-l\u00f8sning designet til at h\u00e5ndtere regnskab, lagerstyring og salgsprocesser. N\u00e5r det er integreret med Cargoflux, kan brugerne opn\u00e5 en s\u00f8ml\u00f8s forbindelse mellem&hellip;","_links":{"self":[{"href":"https:\/\/cargoflux.com\/en\/wp-json\/wp\/v2\/pages\/9024","targetHints":{"allow":["GET"]}}],"collection":[{"href":"https:\/\/cargoflux.com\/en\/wp-json\/wp\/v2\/pages"}],"about":[{"href":"https:\/\/cargoflux.com\/en\/wp-json\/wp\/v2\/types\/page"}],"author":[{"embeddable":true,"href":"https:\/\/cargoflux.com\/en\/wp-json\/wp\/v2\/users\/1"}],"replies":[{"embeddable":true,"href":"https:\/\/cargoflux.com\/en\/wp-json\/wp\/v2\/comments?post=9024"}],"version-history":[{"count":14,"href":"https:\/\/cargoflux.com\/en\/wp-json\/wp\/v2\/pages\/9024\/revisions"}],"predecessor-version":[{"id":9738,"href":"https:\/\/cargoflux.com\/en\/wp-json\/wp\/v2\/pages\/9024\/revisions\/9738"}],"wp:featuredmedia":[{"embeddable":true,"href":"https:\/\/cargoflux.com\/en\/wp-json\/"}],"wp:attachment":[{"href":"https:\/\/cargoflux.com\/en\/wp-json\/wp\/v2\/media?parent=9024"}],"curies":[{"name":"wp","href":"https:\/\/api.w.org\/{rel}","templated":true}]}}