
{"id":9013,"date":"2025-03-18T10:53:00","date_gmt":"2025-03-18T10:53:00","guid":{"rendered":"https:\/\/rc.cargoflux.com\/?page_id=9013"},"modified":"2025-03-19T09:12:49","modified_gmt":"2025-03-19T09:12:49","slug":"fragt-label","status":"publish","type":"page","link":"https:\/\/cargoflux.com\/en\/fragt-label\/","title":{"rendered":"Shipment labels"},"content":{"rendered":"<div class=\"wp-block-uagb-container anime-js-animation-container uagb-block-084674ec alignfull uagb-is-root-container\">\n<div class=\"wp-block-uagb-container uagb-block-e5fba14f alignfull uagb-is-root-container\"><div class=\"uagb-container-inner-blocks-wrap\">\n<div class=\"wp-block-uagb-buttons uagb-buttons__outer-wrap uagb-btn__default-btn uagb-btn-tablet__default-btn uagb-btn-mobile__default-btn uagb-block-4f37b622 is-style-secondary-button back-button-productpage\"><div class=\"uagb-buttons__wrap uagb-buttons-layout-wrap\">\n<div class=\"wp-block-uagb-buttons-child uagb-buttons__outer-wrap uagb-block-bfb90d16 wp-block-button\"><div class=\"uagb-button__wrapper\"><a class=\"uagb-buttons-repeater wp-block-button__link\" aria-label=\"\" href=\"javascript:history.back();\" rel=\"follow noopener\" target=\"_self\" role=\"button\"><div class=\"uagb-button__link\">Tilbage<\/div><\/a><\/div><\/div>\n<\/div><\/div>\n\n\n\n<div class=\"wp-block-uagb-container uagb-block-2c3f9df7 alignfull uagb-is-root-container\"><div class=\"uagb-container-inner-blocks-wrap\">\n<div class=\"wp-block-uagb-container responsive anime-js-animation uagb-block-e2f5ab6a\">\n<div class=\"wp-block-uagb-advanced-heading uagb-block-dbcdf1c6\"><h3 class=\"uagb-heading-text\">Shipment labels<\/h3><\/div>\n\n\n\n<div class=\"wp-block-uagb-advanced-heading uagb-block-cab063f0\"><p class=\"uagb-heading-text\">CargoFlux g\u00f8r det nemt at lave professionelle og skr\u00e6ddersyede fragtlabels, der styrker din virksomheds brand og sikrer effektiv h\u00e5ndtering af dokumenter.<\/p><\/div>\n\n\n\n<div class=\"wp-block-uagb-icon-list uagb-block-bc0843bb\"><div class=\"uagb-icon-list__wrap\">\n<div class=\"wp-block-uagb-icon-list-child uagb-block-9be002b7\"><span class=\"uagb-icon-list__source-wrap\"><svg xmlns=\"https:\/\/www.w3.org\/2000\/svg\" viewbox=\"0 0 512 512\"><path d=\"M256 0C114.6 0 0 114.6 0 256c0 141.4 114.6 256 256 256s256-114.6 256-256C512 114.6 397.4 0 256 0zM406.6 278.6l-103.1 103.1c-12.5 12.5-32.75 12.5-45.25 0s-12.5-32.75 0-45.25L306.8 288H128C110.3 288 96 273.7 96 256s14.31-32 32-32h178.8l-49.38-49.38c-12.5-12.5-12.5-32.75 0-45.25s32.75-12.5 45.25 0l103.1 103.1C414.6 241.3 416 251.1 416 256C416 260.9 414.6 270.7 406.6 278.6z\"><\/path><\/svg><\/span><span class=\"uagb-icon-list__label\"><strong>Opret unikke, brandede fragtlabels<\/strong><\/span><\/div>\n\n\n\n<div class=\"wp-block-uagb-icon-list-child uagb-block-36d58ead\"><span class=\"uagb-icon-list__source-wrap\"><svg xmlns=\"https:\/\/www.w3.org\/2000\/svg\" viewbox=\"0 0 512 512\"><path d=\"M256 0C114.6 0 0 114.6 0 256c0 141.4 114.6 256 256 256s256-114.6 256-256C512 114.6 397.4 0 256 0zM406.6 278.6l-103.1 103.1c-12.5 12.5-32.75 12.5-45.25 0s-12.5-32.75 0-45.25L306.8 288H128C110.3 288 96 273.7 96 256s14.31-32 32-32h178.8l-49.38-49.38c-12.5-12.5-12.5-32.75 0-45.25s32.75-12.5 45.25 0l103.1 103.1C414.6 241.3 416 251.1 416 256C416 260.9 414.6 270.7 406.6 278.6z\"><\/path><\/svg><\/span><span class=\"uagb-icon-list__label\"><strong>Print nemt Bill of Lading, CMR Fragtbrev og Airway Bill<\/strong><\/span><\/div>\n\n\n\n<div class=\"wp-block-uagb-icon-list-child uagb-block-873d28fc\"><span class=\"uagb-icon-list__source-wrap\"><svg xmlns=\"https:\/\/www.w3.org\/2000\/svg\" viewbox=\"0 0 512 512\"><path d=\"M256 0C114.6 0 0 114.6 0 256c0 141.4 114.6 256 256 256s256-114.6 256-256C512 114.6 397.4 0 256 0zM406.6 278.6l-103.1 103.1c-12.5 12.5-32.75 12.5-45.25 0s-12.5-32.75 0-45.25L306.8 288H128C110.3 288 96 273.7 96 256s14.31-32 32-32h178.8l-49.38-49.38c-12.5-12.5-12.5-32.75 0-45.25s32.75-12.5 45.25 0l103.1 103.1C414.6 241.3 416 251.1 416 256C416 260.9 414.6 270.7 406.6 278.6z\"><\/path><\/svg><\/span><span class=\"uagb-icon-list__label\"><strong>Spar tid med hurtig og effektiv dokumentudskrivning<\/strong><\/span><\/div>\n\n\n\n<div class=\"wp-block-uagb-icon-list-child uagb-block-6275579a\"><span class=\"uagb-icon-list__source-wrap\"><svg xmlns=\"https:\/\/www.w3.org\/2000\/svg\" viewbox=\"0 0 512 512\"><path d=\"M256 0C114.6 0 0 114.6 0 256c0 141.4 114.6 256 256 256s256-114.6 256-256C512 114.6 397.4 0 256 0zM406.6 278.6l-103.1 103.1c-12.5 12.5-32.75 12.5-45.25 0s-12.5-32.75 0-45.25L306.8 288H128C110.3 288 96 273.7 96 256s14.31-32 32-32h178.8l-49.38-49.38c-12.5-12.5-12.5-32.75 0-45.25s32.75-12.5 45.25 0l103.1 103.1C414.6 241.3 416 251.1 416 256C416 260.9 414.6 270.7 406.6 278.6z\"><\/path><\/svg><\/span><span class=\"uagb-icon-list__label\"><strong>F\u00e5 fuld kontrol og overblik over dine forsendelser<\/strong><\/span><\/div>\n<\/div><\/div>\n\n\n\n<div class=\"wp-block-uagb-buttons uagb-buttons__outer-wrap uagb-btn__default-btn uagb-btn-tablet__default-btn uagb-btn-mobile__default-btn uagb-block-eac2f8bc is-style-default\"><div class=\"uagb-buttons__wrap uagb-buttons-layout-wrap\">\n<div class=\"wp-block-uagb-buttons-child uagb-buttons__outer-wrap uagb-block-ccc04501 wp-block-button\"><div class=\"uagb-button__wrapper\"><a class=\"uagb-buttons-repeater wp-block-button__link\" aria-label=\"\" href=\"\/en\/kontakt\/\" rel=\"follow noopener\" target=\"_self\" role=\"button\"><div class=\"uagb-button__link\">Kontakt os for at h\u00f8re mere<\/div><\/a><\/div><\/div>\n<\/div><\/div>\n<\/div>\n\n\n\n<div class=\"wp-block-uagb-container uag-blocks-common-selector uagb-block-df895e7f alignfull uagb-is-root-container\"><div class=\"uagb-container-inner-blocks-wrap\">\n<figure class=\"wp-block-image size-full is-resized has-custom-border is-style-default\" style=\"margin-top:0\"><img loading=\"lazy\" decoding=\"async\" width=\"250\" height=\"250\" src=\"http:\/\/cargoflux.com\/wp-content\/uploads\/2025\/03\/creative-elements_Auto-print-2.svg\" alt=\"\" class=\"wp-image-8240\" style=\"border-radius:20px;aspect-ratio:3\/2;object-fit:cover;width:500px\"\/><\/figure>\n<\/div><\/div>\n<\/div><\/div>\n<\/div><\/div>\n<\/div>\n\n\n\n<div class=\"wp-block-uagb-container anime-js-animation-container uagb-block-f2b44706 alignfull uagb-is-root-container\"><div class=\"uagb-container-inner-blocks-wrap\">\n<div class=\"wp-block-uagb-container uagb-block-6cc2f7aa alignfull uagb-is-root-container\"><div class=\"uagb-container-inner-blocks-wrap\">\n<div class=\"wp-block-uagb-container uagb-block-afa2bb81 alignfull uagb-is-root-container\">\n<div class=\"wp-block-uagb-container anime-js-animation uagb-block-66be1664\">\n<div class=\"wp-block-uagb-advanced-heading uagb-block-b4043b88\"><h3 class=\"uagb-heading-text\">Are you ready to optimize your logistics? <\/h3><\/div>\n\n\n\n<div class=\"wp-block-uagb-advanced-heading uagb-block-45c8dcd8\"><p class=\"uagb-heading-text\">Get a free demonstration, and find out how Cargoflux can help your company<\/p><\/div>\n<\/div>\n\n\n\n<div class=\"wp-block-uagb-container anime-js-animation uagb-block-c3019821\">\n<div class=\"wp-block-uagb-buttons uagb-buttons__outer-wrap uagb-btn__default-btn uagb-btn-tablet__default-btn uagb-btn-mobile__default-btn uagb-block-9cded3f1 is-style-default\"><div class=\"uagb-buttons__wrap uagb-buttons-layout-wrap\">\n<div class=\"wp-block-uagb-buttons-child uagb-buttons__outer-wrap uagb-block-325c75ff wp-block-button\"><div class=\"uagb-button__wrapper\"><a class=\"uagb-buttons-repeater wp-block-button__link\" aria-label=\"\" href=\"\/en\/kontakt\/\" rel=\"follow noopener\" target=\"_self\" role=\"button\"><div class=\"uagb-button__link\">Get in contact here<\/div><\/a><\/div><\/div>\n<\/div><\/div>\n<\/div>\n<\/div>\n<\/div><\/div>\n<\/div><\/div>\n\n\n\n<div class=\"wp-block-uagb-advanced-heading uagb-block-2112aa23\"><h2 class=\"uagb-heading-text\">Your Attractive Heading<\/h2><\/div>","protected":false},"excerpt":{"rendered":"<p>Fragt label CargoFlux g\u00f8r det nemt at lave professionelle og skr\u00e6ddersyede fragtlabels, der styrker din virksomheds brand og sikrer effektiv h\u00e5ndtering af dokumenter. Your Attractive Heading<\/p>","protected":false},"author":1,"featured_media":6652,"parent":0,"menu_order":0,"comment_status":"closed","ping_status":"closed","template":"","meta":{"_acf_changed":false,"_uag_custom_page_level_css":"","site-sidebar-layout":"default","site-content-layout":"","ast-site-content-layout":"default","site-content-style":"default","site-sidebar-style":"default","ast-global-header-display":"","ast-banner-title-visibility":"","ast-main-header-display":"","ast-hfb-above-header-display":"","ast-hfb-below-header-display":"","ast-hfb-mobile-header-display":"","site-post-title":"disabled","ast-breadcrumbs-content":"","ast-featured-img":"disabled","footer-sml-layout":"","ast-disable-related-posts":"","theme-transparent-header-meta":"","adv-header-id-meta":"","stick-header-meta":"","header-above-stick-meta":"","header-main-stick-meta":"","header-below-stick-meta":"","astra-migrate-meta-layouts":"default","ast-page-background-enabled":"default","ast-page-background-meta":{"desktop":{"background-color":"var(--ast-global-color-4)","background-image":"","background-repeat":"repeat","background-position":"center center","background-size":"auto","background-attachment":"scroll","background-type":"","background-media":"","overlay-type":"","overlay-color":"","overlay-opacity":"","overlay-gradient":""},"tablet":{"background-color":"","background-image":"","background-repeat":"repeat","background-position":"center center","background-size":"auto","background-attachment":"scroll","background-type":"","background-media":"","overlay-type":"","overlay-color":"","overlay-opacity":"","overlay-gradient":""},"mobile":{"background-color":"","background-image":"","background-repeat":"repeat","background-position":"center center","background-size":"auto","background-attachment":"scroll","background-type":"","background-media":"","overlay-type":"","overlay-color":"","overlay-opacity":"","overlay-gradient":""}},"ast-content-background-meta":{"desktop":{"background-color":"var(--ast-global-color-5)","background-image":"","background-repeat":"repeat","background-position":"center center","background-size":"auto","background-attachment":"scroll","background-type":"","background-media":"","overlay-type":"","overlay-color":"","overlay-opacity":"","overlay-gradient":""},"tablet":{"background-color":"var(--ast-global-color-5)","background-image":"","background-repeat":"repeat","background-position":"center center","background-size":"auto","background-attachment":"scroll","background-type":"","background-media":"","overlay-type":"","overlay-color":"","overlay-opacity":"","overlay-gradient":""},"mobile":{"background-color":"var(--ast-global-color-5)","background-image":"","background-repeat":"repeat","background-position":"center center","background-size":"auto","background-attachment":"scroll","background-type":"","background-media":"","overlay-type":"","overlay-color":"","overlay-opacity":"","overlay-gradient":""}},"footnotes":""},"class_list":["post-9013","page","type-page","status-publish","has-post-thumbnail","hentry"],"acf":[],"uagb_featured_image_src":{"full":false,"thumbnail":false,"medium":false,"medium_large":false,"large":false,"1536x1536":false,"2048x2048":false,"trp-custom-language-flag":false},"uagb_author_info":{"display_name":"cargoflux","author_link":"https:\/\/cargoflux.com\/en\/author\/cargoflux\/"},"uagb_comment_info":0,"uagb_excerpt":"Fragt label CargoFlux g\u00f8r det nemt at lave professionelle og skr\u00e6ddersyede fragtlabels, der styrker din virksomheds brand og sikrer effektiv h\u00e5ndtering af dokumenter. Your Attractive Heading","_links":{"self":[{"href":"https:\/\/cargoflux.com\/en\/wp-json\/wp\/v2\/pages\/9013","targetHints":{"allow":["GET"]}}],"collection":[{"href":"https:\/\/cargoflux.com\/en\/wp-json\/wp\/v2\/pages"}],"about":[{"href":"https:\/\/cargoflux.com\/en\/wp-json\/wp\/v2\/types\/page"}],"author":[{"embeddable":true,"href":"https:\/\/cargoflux.com\/en\/wp-json\/wp\/v2\/users\/1"}],"replies":[{"embeddable":true,"href":"https:\/\/cargoflux.com\/en\/wp-json\/wp\/v2\/comments?post=9013"}],"version-history":[{"count":4,"href":"https:\/\/cargoflux.com\/en\/wp-json\/wp\/v2\/pages\/9013\/revisions"}],"predecessor-version":[{"id":9168,"href":"https:\/\/cargoflux.com\/en\/wp-json\/wp\/v2\/pages\/9013\/revisions\/9168"}],"wp:featuredmedia":[{"embeddable":true,"href":"https:\/\/cargoflux.com\/en\/wp-json\/"}],"wp:attachment":[{"href":"https:\/\/cargoflux.com\/en\/wp-json\/wp\/v2\/media?parent=9013"}],"curies":[{"name":"wp","href":"https:\/\/api.w.org\/{rel}","templated":true}]}}