
{"id":8627,"date":"2025-03-14T09:15:47","date_gmt":"2025-03-14T09:15:47","guid":{"rendered":"https:\/\/rc.cargoflux.com\/?page_id=8627"},"modified":"2026-02-21T18:41:46","modified_gmt":"2026-02-21T18:41:46","slug":"priser-og-pakker","status":"publish","type":"page","link":"https:\/\/cargoflux.com\/en\/priser-og-pakker\/","title":{"rendered":"Prices and Packages"},"content":{"rendered":"<div class=\"wp-block-uagb-container uagb-block-243195da alignfull uagb-is-root-container\">\n<div class=\"wp-block-uagb-container uagb-block-320d4c14 alignfull uagb-is-root-container\"><div class=\"uagb-container-inner-blocks-wrap\">\n<div class=\"wp-block-uagb-container uagb-block-193146e0\">\n<div class=\"wp-block-uagb-container anime-js-animation uagb-block-b919433e\">\n<div class=\"wp-block-uagb-advanced-heading uagb-block-b0f32548\"><h1 class=\"uagb-heading-text\">Prices and Packages<\/h1><\/div>\n\n\n\n<div class=\"wp-block-uagb-advanced-heading uagb-block-cab063f0\"><p class=\"uagb-heading-text\">We know that businesses are different \u2014 and that your needs can change over time. That\u2019s why we offer flexible packages, so you only pay for the features you truly need. As your business grows, you can easily upgrade to access more tools and greater capacity.<\/p><\/div>\n\n\n\n<div class=\"wp-block-uagb-container uagb-block-9a611ef1\"><\/div>\n\n\n\n<div class=\"wp-block-uagb-buttons uagb-buttons__outer-wrap uagb-btn__default-btn uagb-btn-tablet__default-btn uagb-btn-mobile__default-btn uagb-block-90146b68 is-style-default\"><div class=\"uagb-buttons__wrap uagb-buttons-layout-wrap\">\n<div class=\"wp-block-uagb-buttons-child uagb-buttons__outer-wrap uagb-block-e91fe2f3 wp-block-button\"><div class=\"uagb-button__wrapper\"><a class=\"uagb-buttons-repeater wp-block-button__link\" aria-label=\"\" href=\"\/en\/kontakt\/\" rel=\"follow noopener\" target=\"_self\" role=\"button\"><div class=\"uagb-button__link\">Get in contact<\/div><\/a><\/div><\/div>\n<\/div><\/div>\n<\/div>\n<\/div>\n<\/div><\/div>\n<\/div>\n\n\n\n<div class=\"wp-block-uagb-container uagb-block-a4aadfb7 alignfull uagb-is-root-container\">\n<div class=\"wp-block-uagb-container uagb-block-3d28ceb7\">\n<div class=\"wp-block-uagb-container uagb-block-cf56a560\">\n<div class=\"wp-block-uagb-advanced-heading uagb-block-884d5a53\"><h3 class=\"uagb-heading-text\">Cargoflux Products<\/h3><\/div>\n\n\n\n<div class=\"wp-block-uagb-advanced-heading uagb-block-495f0162\"><p class=\"uagb-heading-text\">Our platform offers simple integration with webshops, freight agreements, finance and warehouse systems, giving you full control and efficiency in your shipping processes. See how our features can improve your logistics.<\/p><\/div>\n<\/div>\n\n\n<div class=\"price-section-grid-container anime-js-animation\"><div class=\"price-section-item\"><h2 class=\"price-section-headline\">Basic<\/h2><h3 class=\"price-section-product-title\">For most teams<\/h3><h4 class=\"price-section-product-price\">EUR 123<\/h4><div class=\"price-section-product-list\"><ul>\n<li>Cost Based Shipping Rates<\/li>\n<li>Paperless<\/li>\n<li>Invoice\u00a0 Validation<\/li>\n<li>Automated tracking<\/li>\n<\/ul>\n<\/div><a href=\"\/en\/Would you like to hear from us\/\" class=\"price-section-button wp-block-button__link-extra\">Would you like to hear from us?<\/a><\/div><div class=\"price-section-item\"><h2 class=\"price-section-headline\">Plus<\/h2><h3 class=\"price-section-product-title\">Growing teams<\/h3><h4 class=\"price-section-product-price\">EUR 250<\/h4><div class=\"price-section-product-list\"><ul>\n<li>Automated Reports<\/li>\n<li>Pre-check Booking<\/li>\n<li>Shipment Updates<\/li>\n<li>Analytics Module<\/li>\n<\/ul>\n<\/div><a href=\"\/en\/Would you like to hear from us\/\" class=\"price-section-button wp-block-button__link-extra\">Would you like to hear from us?<\/a><\/div><div class=\"price-section-item\"><h2 class=\"price-section-headline\">Premium<\/h2><h3 class=\"price-section-product-title\">Ekstra growing teams<\/h3><h4 class=\"price-section-product-price\">EUR 518<\/h4><div class=\"price-section-product-list\"><ul>\n<li>Advanced Pricing<\/li>\n<li>Branded Website<\/li>\n<li>Notification System<\/li>\n<li>Invoice <span style=\"font-size: 16px;\">Control<\/span><\/li>\n<li>Custom Rules<\/li>\n<\/ul>\n<\/div><a href=\"\/en\/Would you like to hear from us\/\" class=\"price-section-button wp-block-button__link-extra\">Would you like to hear from us?<\/a><\/div><\/div><button class=\"price-section-button button-text-only wp-block-button__link-extra\">Show comparison<\/button><\/div>\n\n\n\n<div class=\"wp-block-uagb-container configuration-tabel-container uagb-block-c15bc013 alignfull uagb-is-root-container\"><div class=\"uagb-container-inner-blocks-wrap\">\n<div class=\"wp-block-uagb-container uagb-block-7a6ff46e alignfull uagb-is-root-container\"><div class=\"uagb-container-inner-blocks-wrap\">\n<figure class=\"wp-block-table configuration-tabel\"><table class=\"has-ast-global-color-5-color has-text-color has-link-color has-fixed-layout\" style=\"border-top-style:none;border-top-width:0px;border-right-style:none;border-right-width:0px;border-bottom-width:1px;border-left-style:none;border-left-width:0px\"><thead><tr><th><\/th><th><strong>Basic<\/strong><\/th><th><strong>Plus<\/strong><\/th><th><strong>Premium<\/strong><\/th><\/tr><\/thead><tbody><tr><td><strong>Shipments \/ Month<\/strong><\/td><td>500<\/td><td>2085<\/td><td>4000<\/td><\/tr><tr><td><strong>Carriers<\/strong><\/td><td>Unlimited<\/td><td>Unlimited<\/td><td>Unlimited<\/td><\/tr><tr><td><strong>Departments<\/strong><\/td><td>2<\/td><td>3<\/td><td>6<\/td><\/tr><tr><td><strong>Users<\/strong><\/td><td>2<\/td><td>5<\/td><td>10<\/td><\/tr><tr><td><strong>User-Groups<\/strong><\/td><td>&#8211;<\/td><td>&#8211;<\/td><td>X<\/td><\/tr><tr><td><strong>Notifications<\/strong><\/td><td>X<\/td><td>X<\/td><td>X<\/td><\/tr><tr><td><strong>Notification System<\/strong><\/td><td>&#8211;<\/td><td>X<\/td><td>X<\/td><\/tr><tr><td><strong>General Updates<\/strong><\/td><td>X<\/td><td>X<\/td><td>X<\/td><\/tr><tr><td><strong>Pickup Point<\/strong><\/td><td>X<\/td><td>X<\/td><td>X<\/td><\/tr><tr><td><strong>Paperless Customs<\/strong><\/td><td>X<\/td><td>X<\/td><td>X<\/td><\/tr><tr><td><strong>Waybills<\/strong><\/td><td>X<\/td><td>X<\/td><td>X<\/td><\/tr><tr><td><strong>User Rules<\/strong><\/td><td>&#8211;<\/td><td>X<\/td><td>X<\/td><\/tr><tr><td><\/td><td><\/td><td><\/td><td><\/td><\/tr><tr><td><strong>E-commerce Checkout<\/strong><\/td><td>Unlimited<\/td><td>Unlimited<\/td><td>Unlimited<\/td><\/tr><tr><td><strong>Cost Based Shipping Rates<\/strong><\/td><td>X<\/td><td>X<\/td><td>X<\/td><\/tr><tr><td><strong>Advanced Shipping Rules<\/strong><\/td><td>&#8211;<\/td><td>X<\/td><td>X<\/td><\/tr><tr><td><strong>Product Rules<\/strong><\/td><td>&#8211;<\/td><td>X<\/td><td>X<\/td><\/tr><tr><td><strong>Advanced Pricing<\/strong><\/td><td>&#8211;<\/td><td>X<\/td><td>X<\/td><\/tr><tr><td><strong>Automated Pricing<\/strong><\/td><td>&#8211;<\/td><td>X<\/td><td>X<\/td><\/tr><tr><td><strong>Orders<\/strong><\/td><td>&#8211;<\/td><td>&#8211;<\/td><td>X<\/td><\/tr><tr><td><strong>Pre-check Booking<\/strong><\/td><td>&#8211;<\/td><td>X<\/td><td>X<\/td><\/tr><tr><td><strong>Advanced Fuel<\/strong><\/td><td>&#8211;<\/td><td>X<\/td><td>X<\/td><\/tr><tr><td><strong>Automated Tracking<\/strong><\/td><td>X<\/td><td>X<\/td><td>X<\/td><\/tr><tr><td><\/td><td><\/td><td><\/td><td><\/td><\/tr><tr><td><strong>Invoice Validation<\/strong><\/td><td>&#8211;<\/td><td>X<\/td><td>X<\/td><\/tr><tr><td><strong>Auto Inv. Validation<\/strong><\/td><td>&#8211;<\/td><td>&#8211;<\/td><td>X<\/td><\/tr><tr><td><strong>Rate Sheets<\/strong><\/td><td>&#8211;<\/td><td>X<\/td><td>X<\/td><\/tr><tr><td><\/td><td><\/td><td><\/td><td><\/td><\/tr><tr><td><strong>Dashboard<\/strong><\/td><td>X<\/td><td>X<\/td><td>X<\/td><\/tr><tr><td><strong>Customised Reports<\/strong><\/td><td>X<\/td><td>X<\/td><td>X<\/td><\/tr><tr><td><strong>Automated Reports<\/strong><\/td><td>&#8211;<\/td><td>X<\/td><td>X<\/td><\/tr><tr><td><strong>Projects \/ Chartek<\/strong><\/td><td>&#8211;<\/td><td>&#8211;<\/td><td>X<\/td><\/tr><tr><td><strong>Shipment Updates<\/strong><\/td><td>&#8211;<\/td><td>&#8211;<\/td><td>X<\/td><\/tr><tr><td><strong>Analytics Module<\/strong><\/td><td>&#8211;<\/td><td>X<\/td><td>X<\/td><\/tr><tr><td><strong>Invoice Control<\/strong><\/td><td><\/td><td><\/td><td>X<\/td><\/tr><tr><td><\/td><td><\/td><td><\/td><td><\/td><\/tr><tr><td><strong>Branded Shipping Slips<\/strong><\/td><td>X<\/td><td>X<\/td><td>X<\/td><\/tr><tr><td><strong>Domain<\/strong><\/td><td>&#8211;<\/td><td>X<\/td><td>X<\/td><\/tr><tr><td><strong>Branded Website<\/strong><\/td><td>&#8211;<\/td><td>&#8211;<\/td><td>X<\/td><\/tr><tr><td><\/td><td><\/td><td><\/td><td><\/td><\/tr><tr><td><strong>Chat Support<\/strong><\/td><td>&#8211;<\/td><td>&#8211;<\/td><td>X<\/td><\/tr><tr><td><strong>E-mail Support<\/strong><\/td><td>X<\/td><td>X<\/td><td>X<\/td><\/tr><tr><td><strong>Phone Support<\/strong><\/td><td>&#8211;<\/td><td>&#8211;<\/td><td>X<\/td><\/tr><tr><td><strong>SLA<\/strong><\/td><td>&#8211;<\/td><td>&#8211;<\/td><td>&#8211;<\/td><\/tr><tr><td><\/td><td><\/td><td><\/td><td><\/td><\/tr><tr><td><strong>ERP, WMS<\/strong>, <strong>CSV, XML, EDI<\/strong><\/td><td>X<\/td><td>X<\/td><td>X<\/td><\/tr><tr><td><strong>Truck &amp; Route Module Rate<\/strong><\/td><td>&#8211;<\/td><td>&#8211;<\/td><td>&#8211;<\/td><\/tr><tr><td><strong>Sheet Creation<\/strong><\/td><td>&#8211;<\/td><td>&#8211;<\/td><td>&#8211;<\/td><\/tr><\/tbody><\/table><\/figure>\n<\/div><\/div>\n<\/div><\/div>\n<\/div>\n\n\n\n<div class=\"wp-block-uagb-container anime-js-animation-container uagb-block-e8ab604b alignfull uagb-is-root-container\">\n<div class=\"wp-block-uagb-advanced-heading uagb-block-2ea4e812\"><h2 class=\"uagb-heading-text\">Do the above packages not<br>work for your company?<\/h2><\/div>\n\n\n\n<div class=\"wp-block-uagb-container uagb-block-ece7b8b3\">\n<div class=\"wp-block-uagb-container uagb-block-bbe5a320 alignfull uagb-is-root-container\"><div class=\"uagb-container-inner-blocks-wrap\">\n<div class=\"wp-block-uagb-container uagb-block-715aa342 alignfull uagb-is-root-container\"><div class=\"uagb-container-inner-blocks-wrap\">\n<div class=\"wp-block-uagb-container anime-js-animation uag-blocks-common-selector uagb-block-2aedee95\">\n<div class=\"wp-block-uagb-advanced-heading uagb-block-19a3ad94\"><h3 class=\"uagb-heading-text\">Enterprise<\/h3><\/div>\n\n\n\n<div class=\"wp-block-uagb-icon-list uagb-block-c5029798\"><div class=\"uagb-icon-list__wrap\">\n<div class=\"wp-block-uagb-icon-list-child uagb-block-0b945bce\"><span class=\"uagb-icon-list__source-wrap\"><svg xmlns=\"https:\/\/www.w3.org\/2000\/svg\" viewbox=\"0 0 512 512\"><path d=\"M256 0C114.6 0 0 114.6 0 256c0 141.4 114.6 256 256 256s256-114.6 256-256C512 114.6 397.4 0 256 0zM406.6 278.6l-103.1 103.1c-12.5 12.5-32.75 12.5-45.25 0s-12.5-32.75 0-45.25L306.8 288H128C110.3 288 96 273.7 96 256s14.31-32 32-32h178.8l-49.38-49.38c-12.5-12.5-12.5-32.75 0-45.25s32.75-12.5 45.25 0l103.1 103.1C414.6 241.3 416 251.1 416 256C416 260.9 414.6 270.7 406.6 278.6z\"><\/path><\/svg><\/span><span class=\"uagb-icon-list__label\"><strong>Cargoflux Shipper Product<\/strong><\/span><\/div>\n\n\n\n<div class=\"wp-block-uagb-icon-list-child uagb-block-bb882b37\"><span class=\"uagb-icon-list__source-wrap\"><svg xmlns=\"https:\/\/www.w3.org\/2000\/svg\" viewbox=\"0 0 512 512\"><path d=\"M256 0C114.6 0 0 114.6 0 256c0 141.4 114.6 256 256 256s256-114.6 256-256C512 114.6 397.4 0 256 0zM406.6 278.6l-103.1 103.1c-12.5 12.5-32.75 12.5-45.25 0s-12.5-32.75 0-45.25L306.8 288H128C110.3 288 96 273.7 96 256s14.31-32 32-32h178.8l-49.38-49.38c-12.5-12.5-12.5-32.75 0-45.25s32.75-12.5 45.25 0l103.1 103.1C414.6 241.3 416 251.1 416 256C416 260.9 414.6 270.7 406.6 278.6z\"><\/path><\/svg><\/span><span class=\"uagb-icon-list__label\"><strong>Customize your Cargoflux package<\/strong><\/span><\/div>\n\n\n\n<div class=\"wp-block-uagb-icon-list-child uagb-block-6b7c2d72\"><span class=\"uagb-icon-list__source-wrap\"><svg xmlns=\"https:\/\/www.w3.org\/2000\/svg\" viewbox=\"0 0 512 512\"><path d=\"M256 0C114.6 0 0 114.6 0 256c0 141.4 114.6 256 256 256s256-114.6 256-256C512 114.6 397.4 0 256 0zM406.6 278.6l-103.1 103.1c-12.5 12.5-32.75 12.5-45.25 0s-12.5-32.75 0-45.25L306.8 288H128C110.3 288 96 273.7 96 256s14.31-32 32-32h178.8l-49.38-49.38c-12.5-12.5-12.5-32.75 0-45.25s32.75-12.5 45.25 0l103.1 103.1C414.6 241.3 416 251.1 416 256C416 260.9 414.6 270.7 406.6 278.6z\"><\/path><\/svg><\/span><span class=\"uagb-icon-list__label\"><strong>Track your shipments in real-time<\/strong><\/span><\/div>\n<\/div><\/div>\n\n\n\n<div class=\"wp-block-uagb-advanced-heading uagb-block-8f082d07\"><p class=\"uagb-heading-text\">If you have any additional questions, don't hesitate to get in contact with us!<\/p><\/div>\n\n\n\n<div class=\"wp-block-uagb-buttons uagb-buttons__outer-wrap uagb-btn__default-btn uagb-btn-tablet__default-btn uagb-btn-mobile__default-btn uagb-block-eac2f8bc is-style-default\"><div class=\"uagb-buttons__wrap uagb-buttons-layout-wrap\">\n<div class=\"wp-block-uagb-buttons-child uagb-buttons__outer-wrap uagb-block-ccc04501 wp-block-button\"><div class=\"uagb-button__wrapper\"><a class=\"uagb-buttons-repeater wp-block-button__link\" aria-label=\"\" href=\"https:\/\/calendly.com\/cargoflux-support\/15min\" rel=\"follow noopener\" target=\"_self\" role=\"button\"><div class=\"uagb-button__link\">Book a meeting<\/div><\/a><\/div><\/div>\n<\/div><\/div>\n<\/div>\n<\/div><\/div>\n<\/div><\/div>\n\n\n\n<div class=\"wp-block-uagb-container uagb-block-ddcc62ce alignfull uagb-is-root-container\"><div class=\"uagb-container-inner-blocks-wrap\">\n<div class=\"wp-block-uagb-container uagb-block-5a980890 alignfull uagb-is-root-container\"><div class=\"uagb-container-inner-blocks-wrap\">\n<div class=\"wp-block-uagb-container anime-js-animation uag-blocks-common-selector uagb-block-f65b20a4\">\n<div class=\"wp-block-uagb-advanced-heading uagb-block-64bffb47\"><h3 class=\"uagb-heading-text\">Freight Forwarder<\/h3><\/div>\n\n\n\n<div class=\"wp-block-uagb-icon-list uagb-block-5f672455\"><div class=\"uagb-icon-list__wrap\">\n<div class=\"wp-block-uagb-icon-list-child uagb-block-3ec78f2d\"><span class=\"uagb-icon-list__source-wrap\"><svg xmlns=\"https:\/\/www.w3.org\/2000\/svg\" viewbox=\"0 0 512 512\"><path d=\"M256 0C114.6 0 0 114.6 0 256c0 141.4 114.6 256 256 256s256-114.6 256-256C512 114.6 397.4 0 256 0zM406.6 278.6l-103.1 103.1c-12.5 12.5-32.75 12.5-45.25 0s-12.5-32.75 0-45.25L306.8 288H128C110.3 288 96 273.7 96 256s14.31-32 32-32h178.8l-49.38-49.38c-12.5-12.5-12.5-32.75 0-45.25s32.75-12.5 45.25 0l103.1 103.1C414.6 241.3 416 251.1 416 256C416 260.9 414.6 270.7 406.6 278.6z\"><\/path><\/svg><\/span><span class=\"uagb-icon-list__label\"><strong>Cargoflux Shipper Product<\/strong><\/span><\/div>\n\n\n\n<div class=\"wp-block-uagb-icon-list-child uagb-block-47b6ac42\"><span class=\"uagb-icon-list__source-wrap\"><svg xmlns=\"https:\/\/www.w3.org\/2000\/svg\" viewbox=\"0 0 512 512\"><path d=\"M256 0C114.6 0 0 114.6 0 256c0 141.4 114.6 256 256 256s256-114.6 256-256C512 114.6 397.4 0 256 0zM406.6 278.6l-103.1 103.1c-12.5 12.5-32.75 12.5-45.25 0s-12.5-32.75 0-45.25L306.8 288H128C110.3 288 96 273.7 96 256s14.31-32 32-32h178.8l-49.38-49.38c-12.5-12.5-12.5-32.75 0-45.25s32.75-12.5 45.25 0l103.1 103.1C414.6 241.3 416 251.1 416 256C416 260.9 414.6 270.7 406.6 278.6z\"><\/path><\/svg><\/span><span class=\"uagb-icon-list__label\"><strong>Customize your Cargoflux package<\/strong><\/span><\/div>\n\n\n\n<div class=\"wp-block-uagb-icon-list-child uagb-block-cda187ba\"><span class=\"uagb-icon-list__source-wrap\"><svg xmlns=\"https:\/\/www.w3.org\/2000\/svg\" viewbox=\"0 0 512 512\"><path d=\"M256 0C114.6 0 0 114.6 0 256c0 141.4 114.6 256 256 256s256-114.6 256-256C512 114.6 397.4 0 256 0zM406.6 278.6l-103.1 103.1c-12.5 12.5-32.75 12.5-45.25 0s-12.5-32.75 0-45.25L306.8 288H128C110.3 288 96 273.7 96 256s14.31-32 32-32h178.8l-49.38-49.38c-12.5-12.5-12.5-32.75 0-45.25s32.75-12.5 45.25 0l103.1 103.1C414.6 241.3 416 251.1 416 256C416 260.9 414.6 270.7 406.6 278.6z\"><\/path><\/svg><\/span><span class=\"uagb-icon-list__label\"><strong>Track your shipments in real-time<\/strong><\/span><\/div>\n<\/div><\/div>\n\n\n\n<div class=\"wp-block-uagb-advanced-heading uagb-block-8e57cb2f\"><p class=\"uagb-heading-text\">If you have any additional questions, don't hesitate to get in contact with us!<\/p><\/div>\n\n\n\n<div class=\"wp-block-uagb-buttons uagb-buttons__outer-wrap uagb-btn__default-btn uagb-btn-tablet__default-btn uagb-btn-mobile__default-btn uagb-block-a0bab39e is-style-default\"><div class=\"uagb-buttons__wrap uagb-buttons-layout-wrap\">\n<div class=\"wp-block-uagb-buttons-child uagb-buttons__outer-wrap uagb-block-dd72c010 wp-block-button\"><div class=\"uagb-button__wrapper\"><a class=\"uagb-buttons-repeater wp-block-button__link\" aria-label=\"\" href=\"https:\/\/calendly.com\/cargoflux-support\/15min\" rel=\"follow noopener\" target=\"_self\" role=\"button\"><div class=\"uagb-button__link\">Book a meeting<\/div><\/a><\/div><\/div>\n<\/div><\/div>\n<\/div>\n<\/div><\/div>\n<\/div><\/div>\n<\/div>\n<\/div>\n\n\n\n<div class=\"wp-block-uagb-container anime-js-animation-container uagb-block-f2b44706 alignfull uagb-is-root-container\"><div class=\"uagb-container-inner-blocks-wrap\">\n<div class=\"wp-block-uagb-container uagb-block-6cc2f7aa alignfull uagb-is-root-container\"><div class=\"uagb-container-inner-blocks-wrap\">\n<div class=\"wp-block-uagb-container uagb-block-afa2bb81 alignfull uagb-is-root-container\">\n<div class=\"wp-block-uagb-container anime-js-animation uagb-block-66be1664\">\n<div class=\"wp-block-uagb-advanced-heading uagb-block-b4043b88\"><h3 class=\"uagb-heading-text\">Are you ready to optimize your logistics? <\/h3><\/div>\n\n\n\n<div class=\"wp-block-uagb-advanced-heading uagb-block-45c8dcd8\"><p class=\"uagb-heading-text\">Get a free demonstration, and find out how Cargoflux can help your company<\/p><\/div>\n<\/div>\n\n\n\n<div class=\"wp-block-uagb-container anime-js-animation uagb-block-c3019821\">\n<div class=\"wp-block-uagb-buttons uagb-buttons__outer-wrap uagb-btn__default-btn uagb-btn-tablet__default-btn uagb-btn-mobile__default-btn uagb-block-9cded3f1 is-style-default\"><div class=\"uagb-buttons__wrap uagb-buttons-layout-wrap\">\n<div class=\"wp-block-uagb-buttons-child uagb-buttons__outer-wrap uagb-block-325c75ff wp-block-button\"><div class=\"uagb-button__wrapper\"><a class=\"uagb-buttons-repeater wp-block-button__link\" aria-label=\"\" href=\"\/en\/kontakt\/\" rel=\"follow noopener\" target=\"_self\" role=\"button\"><div class=\"uagb-button__link\">Get in contact here<\/div><\/a><\/div><\/div>\n<\/div><\/div>\n<\/div>\n<\/div>\n<\/div><\/div>\n<\/div><\/div>","protected":false},"excerpt":{"rendered":"<p>Priser &amp; pakker Vi ved, at virksomheder er forskellige \u2013 og at dine behov kan \u00e6ndre sig med tiden. Derfor tilbyder vi fleksible pakker, s\u00e5 du kun betaler for de funktioner, du virkelig har brug for. N\u00e5r din virksomhed vokser, kan du nemt opgradere for at f\u00e5 adgang til flere v\u00e6rkt\u00f8jer og st\u00f8rre kapacitet. Passer [&hellip;]<\/p>\n","protected":false},"author":1,"featured_media":6652,"parent":0,"menu_order":0,"comment_status":"closed","ping_status":"closed","template":"","meta":{"_acf_changed":false,"_uag_custom_page_level_css":"","site-sidebar-layout":"default","site-content-layout":"","ast-site-content-layout":"default","site-content-style":"default","site-sidebar-style":"default","ast-global-header-display":"","ast-banner-title-visibility":"","ast-main-header-display":"","ast-hfb-above-header-display":"","ast-hfb-below-header-display":"","ast-hfb-mobile-header-display":"","site-post-title":"disabled","ast-breadcrumbs-content":"","ast-featured-img":"disabled","footer-sml-layout":"","ast-disable-related-posts":"","theme-transparent-header-meta":"","adv-header-id-meta":"","stick-header-meta":"","header-above-stick-meta":"","header-main-stick-meta":"","header-below-stick-meta":"","astra-migrate-meta-layouts":"default","ast-page-background-enabled":"default","ast-page-background-meta":{"desktop":{"background-color":"var(--ast-global-color-4)","background-image":"","background-repeat":"repeat","background-position":"center center","background-size":"auto","background-attachment":"scroll","background-type":"","background-media":"","overlay-type":"","overlay-color":"","overlay-opacity":"","overlay-gradient":""},"tablet":{"background-color":"","background-image":"","background-repeat":"repeat","background-position":"center center","background-size":"auto","background-attachment":"scroll","background-type":"","background-media":"","overlay-type":"","overlay-color":"","overlay-opacity":"","overlay-gradient":""},"mobile":{"background-color":"","background-image":"","background-repeat":"repeat","background-position":"center center","background-size":"auto","background-attachment":"scroll","background-type":"","background-media":"","overlay-type":"","overlay-color":"","overlay-opacity":"","overlay-gradient":""}},"ast-content-background-meta":{"desktop":{"background-color":"var(--ast-global-color-5)","background-image":"","background-repeat":"repeat","background-position":"center center","background-size":"auto","background-attachment":"scroll","background-type":"","background-media":"","overlay-type":"","overlay-color":"","overlay-opacity":"","overlay-gradient":""},"tablet":{"background-color":"var(--ast-global-color-5)","background-image":"","background-repeat":"repeat","background-position":"center center","background-size":"auto","background-attachment":"scroll","background-type":"","background-media":"","overlay-type":"","overlay-color":"","overlay-opacity":"","overlay-gradient":""},"mobile":{"background-color":"var(--ast-global-color-5)","background-image":"","background-repeat":"repeat","background-position":"center center","background-size":"auto","background-attachment":"scroll","background-type":"","background-media":"","overlay-type":"","overlay-color":"","overlay-opacity":"","overlay-gradient":""}},"footnotes":""},"class_list":["post-8627","page","type-page","status-publish","has-post-thumbnail","hentry"],"acf":[],"uagb_featured_image_src":{"full":false,"thumbnail":false,"medium":false,"medium_large":false,"large":false,"1536x1536":false,"2048x2048":false,"trp-custom-language-flag":false},"uagb_author_info":{"display_name":"cargoflux","author_link":"https:\/\/cargoflux.com\/en\/author\/cargoflux\/"},"uagb_comment_info":0,"uagb_excerpt":"Priser &amp; pakker Vi ved, at virksomheder er forskellige \u2013 og at dine behov kan \u00e6ndre sig med tiden. Derfor tilbyder vi fleksible pakker, s\u00e5 du kun betaler for de funktioner, du virkelig har brug for. N\u00e5r din virksomhed vokser, kan du nemt opgradere for at f\u00e5 adgang til flere v\u00e6rkt\u00f8jer og st\u00f8rre kapacitet. Passer&hellip;","_links":{"self":[{"href":"https:\/\/cargoflux.com\/en\/wp-json\/wp\/v2\/pages\/8627","targetHints":{"allow":["GET"]}}],"collection":[{"href":"https:\/\/cargoflux.com\/en\/wp-json\/wp\/v2\/pages"}],"about":[{"href":"https:\/\/cargoflux.com\/en\/wp-json\/wp\/v2\/types\/page"}],"author":[{"embeddable":true,"href":"https:\/\/cargoflux.com\/en\/wp-json\/wp\/v2\/users\/1"}],"replies":[{"embeddable":true,"href":"https:\/\/cargoflux.com\/en\/wp-json\/wp\/v2\/comments?post=8627"}],"version-history":[{"count":46,"href":"https:\/\/cargoflux.com\/en\/wp-json\/wp\/v2\/pages\/8627\/revisions"}],"predecessor-version":[{"id":9779,"href":"https:\/\/cargoflux.com\/en\/wp-json\/wp\/v2\/pages\/8627\/revisions\/9779"}],"wp:featuredmedia":[{"embeddable":true,"href":"https:\/\/cargoflux.com\/en\/wp-json\/"}],"wp:attachment":[{"href":"https:\/\/cargoflux.com\/en\/wp-json\/wp\/v2\/media?parent=8627"}],"curies":[{"name":"wp","href":"https:\/\/api.w.org\/{rel}","templated":true}]}}