
{"id":8610,"date":"2025-03-14T08:55:43","date_gmt":"2025-03-14T08:55:43","guid":{"rendered":"https:\/\/rc.cargoflux.com\/?page_id=8610"},"modified":"2025-09-22T12:01:42","modified_gmt":"2025-09-22T12:01:42","slug":"wms","status":"publish","type":"page","link":"https:\/\/cargoflux.com\/en\/wms\/","title":{"rendered":"WMS"},"content":{"rendered":"<div class=\"wp-block-uagb-container uagb-block-243195da alignfull uagb-is-root-container\">\n<div class=\"wp-block-uagb-container uagb-block-320d4c14 alignfull uagb-is-root-container\"><div class=\"uagb-container-inner-blocks-wrap\">\n<div class=\"wp-block-uagb-container uagb-block-193146e0\">\n<div class=\"wp-block-uagb-container anime-js-animation uagb-block-b919433e\">\n<div class=\"wp-block-uagb-advanced-heading uagb-block-b0f32548\"><h1 class=\"uagb-heading-text\">Optimer din lagerstyring med Cargoflux WMS<\/h1><\/div>\n\n\n\n<div class=\"wp-block-uagb-advanced-heading uagb-block-cab063f0\"><p class=\"uagb-heading-text\">Optimer din logistik og forbedr kundeoplevelsen ved at forbinde dit WMS system til Cargoflux. Denne integration sikrer effektiv h\u00e5ndtering af lager- og forsendelsesprocesser, hvilket giver dig realtidsdata og mulighed for hurtig respons p\u00e5 eftersp\u00f8rgslen. Oplev fordelene ved pr\u00e6cis forsyningsk\u00e6destyring og lever en enest\u00e5ende kundeoplevelse<br>med Cargoflux og dit WMS.<\/p><\/div>\n\n\n\n<div class=\"wp-block-uagb-container uagb-block-9a611ef1\">\n<div class=\"wp-block-uagb-buttons uagb-buttons__outer-wrap uagb-btn__default-btn uagb-btn-tablet__default-btn uagb-btn-mobile__default-btn uagb-block-90146b68 is-style-default\"><div class=\"uagb-buttons__wrap uagb-buttons-layout-wrap\">\n<div class=\"wp-block-uagb-buttons-child uagb-buttons__outer-wrap uagb-block-e91fe2f3 wp-block-button\"><div class=\"uagb-button__wrapper\"><a class=\"uagb-buttons-repeater wp-block-button__link\" aria-label=\"\" href=\"\/en\/kontakt\/\" rel=\"follow noopener\" target=\"_self\" role=\"button\"><div class=\"uagb-button__link\">Get in contact<\/div><\/a><\/div><\/div>\n<\/div><\/div>\n<\/div>\n<\/div>\n<\/div>\n<\/div><\/div>\n<\/div>\n\n\n\n<div class=\"wp-block-uagb-container anime-js-animation-container uagb-block-e8ab604b alignfull uagb-is-root-container\">\n<div class=\"wp-block-uagb-container uagb-block-b2d61fd5 alignfull uagb-is-root-container\"><div class=\"uagb-container-inner-blocks-wrap\">\n<div class=\"wp-block-uagb-container responsive uagb-block-5498cd5b alignfull uagb-is-root-container\"><div class=\"uagb-container-inner-blocks-wrap\">\n<div class=\"wp-block-uagb-container uagb-block-c521c924\">\n<div class=\"wp-block-uagb-container uagb-block-72e86752\">\n<div class=\"wp-block-uagb-container anime-js-animation uag-blocks-common-selector uagb-block-0571e8c6\">\n<div class=\"wp-block-uagb-container uagb-block-de8d19ea\">\n<figure class=\"wp-block-image size-full has-custom-border is-style-default\" style=\"margin-top:0\"><img loading=\"lazy\" decoding=\"async\" width=\"1000\" height=\"678\" src=\"http:\/\/cargoflux.com\/wp-content\/uploads\/2025\/03\/pexels-fauxels-3184357.jpg\" alt=\"\" class=\"wp-image-8469\" style=\"border-radius:20px\" srcset=\"https:\/\/cargoflux.com\/wp-content\/uploads\/2025\/03\/pexels-fauxels-3184357.jpg 1000w, https:\/\/cargoflux.com\/wp-content\/uploads\/2025\/03\/pexels-fauxels-3184357-300x203.jpg 300w, https:\/\/cargoflux.com\/wp-content\/uploads\/2025\/03\/pexels-fauxels-3184357-768x521.jpg 768w\" sizes=\"auto, (max-width: 1000px) 100vw, 1000px\" \/><\/figure>\n<\/div>\n\n\n\n<div class=\"wp-block-uagb-container uag-blocks-common-selector uagb-block-354bb880\">\n<figure class=\"wp-block-image size-full is-resized has-custom-border is-style-custom-image-style wp-duotone-unset-1\" style=\"margin-top:0;margin-right:0;margin-bottom:0\"><img loading=\"lazy\" decoding=\"async\" width=\"48\" height=\"23\" src=\"http:\/\/cargoflux.com\/wp-content\/uploads\/2025\/03\/creative-elements_Creative-04.svg\" alt=\"\" class=\"wp-image-8225\" style=\"border-radius:0px;width:150px\"\/><\/figure>\n<\/div>\n<\/div>\n<\/div>\n<\/div>\n\n\n\n<div class=\"wp-block-uagb-container responsive anime-js-animation uag-blocks-common-selector uagb-block-4789c029\">\n<div class=\"wp-block-uagb-advanced-heading uagb-block-2ea4e812\"><h3 class=\"uagb-heading-text\">Funktioner og fordele<\/h3><\/div>\n\n\n\n<div class=\"wp-block-uagb-advanced-heading uagb-block-303ad435\"><p class=\"uagb-heading-text\">Med vores WMS integrationer f\u00e5r du adgang til en kraftfuld, fleksibel og skr\u00e6ddersyet platform, der g\u00f8r det muligt at optimere din lagerlogistik, forbedre dine processer og \u00f8ge din effektivitet.<\/p><\/div>\n\n\n\n<div class=\"wp-block-uagb-icon-list uagb-block-c85d5df3\"><div class=\"uagb-icon-list__wrap\">\n<div class=\"wp-block-uagb-icon-list-child uagb-block-a83989d4\"><span class=\"uagb-icon-list__source-wrap\"><svg xmlns=\"https:\/\/www.w3.org\/2000\/svg\" viewbox=\"0 0 512 512\"><path d=\"M256 0C114.6 0 0 114.6 0 256c0 141.4 114.6 256 256 256s256-114.6 256-256C512 114.6 397.4 0 256 0zM406.6 278.6l-103.1 103.1c-12.5 12.5-32.75 12.5-45.25 0s-12.5-32.75 0-45.25L306.8 288H128C110.3 288 96 273.7 96 256s14.31-32 32-32h178.8l-49.38-49.38c-12.5-12.5-12.5-32.75 0-45.25s32.75-12.5 45.25 0l103.1 103.1C414.6 241.3 416 251.1 416 256C416 260.9 414.6 270.7 406.6 278.6z\"><\/path><\/svg><\/span><span class=\"uagb-icon-list__label\"><strong>Fleksibilitet og tilpasning<\/strong> \u2013 CF WMS g\u00f8r det muligt for dig at udvikle et lagerstyringssystem, der pr\u00e6cist matcher dine behov.<\/span><\/div>\n\n\n\n<div class=\"wp-block-uagb-icon-list-child uagb-block-993d7bbe\"><span class=\"uagb-icon-list__source-wrap\"><svg xmlns=\"https:\/\/www.w3.org\/2000\/svg\" viewbox=\"0 0 512 512\"><path d=\"M256 0C114.6 0 0 114.6 0 256c0 141.4 114.6 256 256 256s256-114.6 256-256C512 114.6 397.4 0 256 0zM406.6 278.6l-103.1 103.1c-12.5 12.5-32.75 12.5-45.25 0s-12.5-32.75 0-45.25L306.8 288H128C110.3 288 96 273.7 96 256s14.31-32 32-32h178.8l-49.38-49.38c-12.5-12.5-12.5-32.75 0-45.25s32.75-12.5 45.25 0l103.1 103.1C414.6 241.3 416 251.1 416 256C416 260.9 414.6 270.7 406.6 278.6z\"><\/path><\/svg><\/span><span class=\"uagb-icon-list__label\"><strong>Forbedret lagerkontrol<\/strong> \u2013 F\u00e5 fuld synlighed over dine lagerbeholdninger, automatisk opdatering af lagerdata i realtid og effektiviser din lagerh\u00e5ndtering.<\/span><\/div>\n\n\n\n<div class=\"wp-block-uagb-icon-list-child uagb-block-cab28e02\"><span class=\"uagb-icon-list__source-wrap\"><svg xmlns=\"https:\/\/www.w3.org\/2000\/svg\" viewbox=\"0 0 512 512\"><path d=\"M256 0C114.6 0 0 114.6 0 256c0 141.4 114.6 256 256 256s256-114.6 256-256C512 114.6 397.4 0 256 0zM406.6 278.6l-103.1 103.1c-12.5 12.5-32.75 12.5-45.25 0s-12.5-32.75 0-45.25L306.8 288H128C110.3 288 96 273.7 96 256s14.31-32 32-32h178.8l-49.38-49.38c-12.5-12.5-12.5-32.75 0-45.25s32.75-12.5 45.25 0l103.1 103.1C414.6 241.3 416 251.1 416 256C416 260.9 414.6 270.7 406.6 278.6z\"><\/path><\/svg><\/span><span class=\"uagb-icon-list__label\"><strong>Skalerbar og robust<\/strong> \u2013 Systemet er designet til at vokse med din virksomhed. Uanset om du opererer p\u00e5 et lille lager eller administrerer et stort, komplekst distributionscenter, giver systemet dig den n\u00f8dvendige fleksibilitet og skalerbarhed.<\/span><\/div>\n<\/div><\/div>\n\n\n\n<div class=\"wp-block-uagb-buttons uagb-buttons__outer-wrap uagb-btn__default-btn uagb-btn-tablet__default-btn uagb-btn-mobile__default-btn uagb-block-742b7bd0 is-style-secondary-button\"><div class=\"uagb-buttons__wrap uagb-buttons-layout-wrap\">\n<div class=\"wp-block-uagb-buttons-child uagb-buttons__outer-wrap uagb-block-7b855672 wp-block-button\"><div class=\"uagb-button__wrapper\"><a class=\"uagb-buttons-repeater wp-block-button__link\" aria-label=\"\" href=\"\/en\/Would you like to hear from us\/\" rel=\"follow noopener\" target=\"_blank\" role=\"button\"><div class=\"uagb-button__link\">Start i dag \u2014 tilslut jeres foretrukne WMS<\/div><\/a><\/div><\/div>\n<\/div><\/div>\n<\/div>\n<\/div><\/div>\n<\/div><\/div>\n<\/div>\n\n\n\n<div class=\"wp-block-uagb-container anime-js-animation-container uagb-block-084674ec alignfull uagb-is-root-container\">\n<div class=\"wp-block-uagb-container uagb-block-e5fba14f alignfull uagb-is-root-container\"><div class=\"uagb-container-inner-blocks-wrap\">\n<div class=\"wp-block-uagb-container uagb-block-2c3f9df7 alignfull uagb-is-root-container\"><div class=\"uagb-container-inner-blocks-wrap\">\n<div class=\"wp-block-uagb-container responsive anime-js-animation uagb-block-e2f5ab6a\">\n<div class=\"wp-block-uagb-advanced-heading uagb-block-dbcdf1c6\"><h3 class=\"uagb-heading-text\">Hvorfor v\u00e6lge Cargoflux WMS?<\/h3><\/div>\n\n\n\n<p>Med Cargoflux WMS kan du opn\u00e5 h\u00f8jere produktivitet, lavere omkostninger og bedre lagerstyring. Vores l\u00f8sning er udviklet til at v\u00e6re brugervenlig, men samtidig kraftfuld nok til at h\u00e5ndtere selv de mest komplekse logistikbehov. F\u00e5 det bedste ud af dine lagerressourcer med et system, der kan tilpasses dine unikke krav.<\/p>\n\n\n\n<div class=\"wp-block-uagb-buttons uagb-buttons__outer-wrap uagb-btn__default-btn uagb-btn-tablet__default-btn uagb-btn-mobile__default-btn uagb-block-eac2f8bc is-style-default\"><div class=\"uagb-buttons__wrap uagb-buttons-layout-wrap\">\n<div class=\"wp-block-uagb-buttons-child uagb-buttons__outer-wrap uagb-block-ccc04501 wp-block-button\"><div class=\"uagb-button__wrapper\"><a class=\"uagb-buttons-repeater wp-block-button__link\" aria-label=\"\" href=\"\/en\/kontakt\/\" rel=\"follow noopener\" target=\"_self\" role=\"button\"><div class=\"uagb-button__link\">Contact us<\/div><\/a><\/div><\/div>\n<\/div><\/div>\n<\/div>\n\n\n\n<div class=\"wp-block-uagb-container uag-blocks-common-selector uagb-block-214ad5fa\">\n<div class=\"wp-block-uagb-container uagb-block-aae51049\">\n<div class=\"wp-block-uagb-container anime-js-animation uag-blocks-common-selector uagb-block-87a0812a\">\n<div class=\"wp-block-uagb-container uagb-block-5ed2e71b\">\n<figure class=\"wp-block-image size-full has-custom-border is-style-default\" style=\"margin-top:0\"><img loading=\"lazy\" decoding=\"async\" width=\"1500\" height=\"672\" src=\"http:\/\/cargoflux.com\/wp-content\/uploads\/2025\/03\/pexels-pixabay-221284-1.jpg\" alt=\"\" class=\"wp-image-9108\" style=\"border-radius:20px;aspect-ratio:3\/2;object-fit:cover\" srcset=\"https:\/\/cargoflux.com\/wp-content\/uploads\/2025\/03\/pexels-pixabay-221284-1.jpg 1500w, https:\/\/cargoflux.com\/wp-content\/uploads\/2025\/03\/pexels-pixabay-221284-1-300x134.jpg 300w, https:\/\/cargoflux.com\/wp-content\/uploads\/2025\/03\/pexels-pixabay-221284-1-1024x459.jpg 1024w, https:\/\/cargoflux.com\/wp-content\/uploads\/2025\/03\/pexels-pixabay-221284-1-768x344.jpg 768w\" sizes=\"auto, (max-width: 1500px) 100vw, 1500px\" \/><\/figure>\n<\/div>\n\n\n\n<div class=\"wp-block-uagb-container uag-blocks-common-selector uagb-block-54dfaf94\">\n<figure class=\"wp-block-image size-full is-resized has-custom-border is-style-custom-image-style\" style=\"margin-top:0;margin-right:0;margin-bottom:0\"><img loading=\"lazy\" decoding=\"async\" width=\"33\" height=\"33\" src=\"http:\/\/cargoflux.com\/wp-content\/uploads\/2025\/03\/creative-elements_Creative-05.svg\" alt=\"\" class=\"wp-image-8226\" style=\"border-radius:0px;width:110px\"\/><\/figure>\n<\/div>\n<\/div>\n<\/div>\n<\/div>\n<\/div><\/div>\n<\/div><\/div>\n<\/div>\n\n\n\n<div class=\"wp-block-uagb-container anime-js-animation-container uagb-block-a6b738bd alignfull uagb-is-root-container\">\n<div class=\"wp-block-uagb-container uagb-block-c30f112d alignfull uagb-is-root-container\"><div class=\"uagb-container-inner-blocks-wrap\">\n<div class=\"wp-block-uagb-container responsive uagb-block-726406cc alignfull uagb-is-root-container\"><div class=\"uagb-container-inner-blocks-wrap\">\n<div class=\"wp-block-uagb-slider uagb-block-33adc0ae uagb-slider-container\"><div class=\"uagb-slides uagb-swiper\"><div class=\"swiper-wrapper\">\n<div class=\"wp-block-uagb-slider-child uagb-slider-child-wrap swiper-slide uagb-block-4d6a1908\"><div class=\"swiper-content\">\n<div class=\"wp-block-uagb-container uagb-block-92650d88\">\n<div class=\"wp-block-uagb-container uagb-block-2050a9f7\">\n<div class=\"wp-block-uagb-image uagb-block-f90c50e7 wp-block-uagb-image--layout-default wp-block-uagb-image--effect-static wp-block-uagb-image--align-none\"><figure class=\"wp-block-uagb-image__figure\"><img decoding=\"async\" srcset=\"https:\/\/cargoflux.com\/wp-content\/uploads\/2025\/03\/david-loth.jpeg ,https:\/\/cargoflux.com\/wp-content\/uploads\/2025\/03\/david-loth.jpeg 780w, https:\/\/cargoflux.com\/wp-content\/uploads\/2025\/03\/david-loth.jpeg 360w\" sizes=\"auto, (max-width: 480px) 150px\" src=\"https:\/\/cargoflux.com\/wp-content\/uploads\/2025\/03\/david-loth.jpeg\" alt=\"\" class=\"uag-image-9431\" width=\"667\" height=\"675\" title=\"david l\u00f8th\" loading=\"lazy\" role=\"img\"\/><\/figure><\/div>\n<\/div>\n\n\n\n<div class=\"wp-block-uagb-container uagb-block-df93312f\">\n<div class=\"wp-block-uagb-advanced-heading uagb-block-486cfa23\"><h3 class=\"uagb-heading-text\">We save many hours of work and a lot of money every single day \u2014 in accounting and operations \u2014 and through Cargoflux we\u2019re available around the clock without burdening our employees. With many thousands of shipments daily, we wouldn\u2019t be able to operate without Cargoflux \u2014 an excellent system.<\/h3><\/div>\n\n\n\n<div class=\"wp-block-uagb-advanced-heading uagb-block-f8286f4b\"><h4 class=\"uagb-heading-text\">David L\u00f8th \u2013 CEO, OnlineCargo<\/h4><\/div>\n<\/div>\n<\/div>\n<\/div><\/div>\n\n\n\n<div class=\"wp-block-uagb-slider-child uagb-slider-child-wrap swiper-slide uagb-block-1fd1664f\"><div class=\"swiper-content\">\n<div class=\"wp-block-uagb-container uagb-block-e6886c97\">\n<div class=\"wp-block-uagb-container uagb-block-e368bd75\">\n<div class=\"wp-block-uagb-image uagb-block-1a654d0d wp-block-uagb-image--layout-default wp-block-uagb-image--effect-static wp-block-uagb-image--align-none\"><figure class=\"wp-block-uagb-image__figure\"><img decoding=\"async\" srcset=\"https:\/\/cargoflux.com\/wp-content\/uploads\/2025\/03\/hans_fogh-2.jpg ,https:\/\/cargoflux.com\/wp-content\/uploads\/2025\/03\/hans_fogh-2.jpg 780w, https:\/\/cargoflux.com\/wp-content\/uploads\/2025\/03\/hans_fogh-2.jpg 360w\" sizes=\"auto, (max-width: 480px) 150px\" src=\"https:\/\/cargoflux.com\/wp-content\/uploads\/2025\/03\/hans_fogh-2.jpg\" alt=\"\" class=\"uag-image-9528\" width=\"667\" height=\"675\" title=\"hans_fogh-(2)\" loading=\"lazy\" role=\"img\"\/><\/figure><\/div>\n<\/div>\n\n\n\n<div class=\"wp-block-uagb-container uagb-block-af49c2db\">\n<div class=\"wp-block-uagb-advanced-heading uagb-block-f512042d\"><h3 class=\"uagb-heading-text\">Cargoflux gives us an excellent overview and an easy, smooth way to manage our transportation. We can easily compare offers from our regular suppliers and choose the best solution. We save many hours of work and avoid mistakes. It\u2019s a great system at a very affordable price.<\/h3><\/div>\n\n\n\n<div class=\"wp-block-uagb-advanced-heading uagb-block-074479de\"><h4 class=\"uagb-heading-text\">Hans Bullitt Fogh \u2013 CEO, Larry vs Harry<\/h4><\/div>\n<\/div>\n<\/div>\n<\/div><\/div>\n<\/div><\/div><div class=\"swiper-pagination\"><\/div><div class=\"swiper-button-prev\"><\/div><div class=\"swiper-button-next\"><\/div><\/div>\n<\/div><\/div>\n<\/div><\/div>\n<\/div>\n\n\n\n<div class=\"wp-block-uagb-container uagb-block-f4595ec8 alignfull uagb-is-root-container\"><div class=\"uagb-container-inner-blocks-wrap\">\n<div class=\"wp-block-uagb-container uagb-block-7445d33f\">\n<div class=\"wp-block-uagb-advanced-heading uagb-block-90a27aa3\"><h3 class=\"uagb-heading-text\">Optimize your freight management with Cargoflux<\/h3><\/div>\n\n\n\n<div class=\"wp-block-uagb-advanced-heading uagb-block-6e37f95e\"><h3 class=\"uagb-heading-text\">Our platform offers simple integration with webshops, freight agreements, finance and warehouse systems, giving you full control and efficiency in your shipping processes. See how our features can improve your logistics.<\/h3><\/div>\n<\/div>\n\n\n<\/div><\/div>\n\n\n\n<div class=\"wp-block-uagb-container anime-js-animation-container uagb-block-f2b44706 alignfull uagb-is-root-container\"><div class=\"uagb-container-inner-blocks-wrap\">\n<div class=\"wp-block-uagb-container uagb-block-6cc2f7aa alignfull uagb-is-root-container\"><div class=\"uagb-container-inner-blocks-wrap\">\n<div class=\"wp-block-uagb-container uagb-block-afa2bb81 alignfull uagb-is-root-container\">\n<div class=\"wp-block-uagb-container anime-js-animation uagb-block-66be1664\">\n<div class=\"wp-block-uagb-advanced-heading uagb-block-b4043b88\"><h3 class=\"uagb-heading-text\">Are you ready to optimize your logistics? <\/h3><\/div>\n\n\n\n<div class=\"wp-block-uagb-advanced-heading uagb-block-45c8dcd8\"><p class=\"uagb-heading-text\">Get a free demonstration, and find out how Cargoflux can help your company<\/p><\/div>\n<\/div>\n\n\n\n<div class=\"wp-block-uagb-container anime-js-animation uagb-block-c3019821\">\n<div class=\"wp-block-uagb-buttons uagb-buttons__outer-wrap uagb-btn__default-btn uagb-btn-tablet__default-btn uagb-btn-mobile__default-btn uagb-block-9cded3f1 is-style-default\"><div class=\"uagb-buttons__wrap uagb-buttons-layout-wrap\">\n<div class=\"wp-block-uagb-buttons-child uagb-buttons__outer-wrap uagb-block-325c75ff wp-block-button\"><div class=\"uagb-button__wrapper\"><a class=\"uagb-buttons-repeater wp-block-button__link\" aria-label=\"\" href=\"\/en\/kontakt\/\" rel=\"follow noopener\" target=\"_self\" role=\"button\"><div class=\"uagb-button__link\">Get in contact here<\/div><\/a><\/div><\/div>\n<\/div><\/div>\n<\/div>\n<\/div>\n<\/div><\/div>\n<\/div><\/div>","protected":false},"excerpt":{"rendered":"<p>Optimer din lagerstyring med Cargoflux WMS Optimer din logistik og forbedr kundeoplevelsen ved at forbinde dit WMS system til Cargoflux. Denne integration sikrer effektiv h\u00e5ndtering af lager- og forsendelsesprocesser, hvilket giver dig realtidsdata og mulighed for hurtig respons p\u00e5 eftersp\u00f8rgslen. Oplev fordelene ved pr\u00e6cis forsyningsk\u00e6destyring og lever en enest\u00e5ende kundeoplevelsemed Cargoflux og dit WMS. Funktioner [&hellip;]<\/p>\n","protected":false},"author":1,"featured_media":6652,"parent":0,"menu_order":0,"comment_status":"closed","ping_status":"closed","template":"","meta":{"_acf_changed":false,"_uag_custom_page_level_css":"","site-sidebar-layout":"default","site-content-layout":"","ast-site-content-layout":"default","site-content-style":"default","site-sidebar-style":"default","ast-global-header-display":"","ast-banner-title-visibility":"","ast-main-header-display":"","ast-hfb-above-header-display":"","ast-hfb-below-header-display":"","ast-hfb-mobile-header-display":"","site-post-title":"disabled","ast-breadcrumbs-content":"","ast-featured-img":"disabled","footer-sml-layout":"","ast-disable-related-posts":"","theme-transparent-header-meta":"","adv-header-id-meta":"","stick-header-meta":"","header-above-stick-meta":"","header-main-stick-meta":"","header-below-stick-meta":"","astra-migrate-meta-layouts":"default","ast-page-background-enabled":"default","ast-page-background-meta":{"desktop":{"background-color":"var(--ast-global-color-4)","background-image":"","background-repeat":"repeat","background-position":"center center","background-size":"auto","background-attachment":"scroll","background-type":"","background-media":"","overlay-type":"","overlay-color":"","overlay-opacity":"","overlay-gradient":""},"tablet":{"background-color":"","background-image":"","background-repeat":"repeat","background-position":"center center","background-size":"auto","background-attachment":"scroll","background-type":"","background-media":"","overlay-type":"","overlay-color":"","overlay-opacity":"","overlay-gradient":""},"mobile":{"background-color":"","background-image":"","background-repeat":"repeat","background-position":"center center","background-size":"auto","background-attachment":"scroll","background-type":"","background-media":"","overlay-type":"","overlay-color":"","overlay-opacity":"","overlay-gradient":""}},"ast-content-background-meta":{"desktop":{"background-color":"var(--ast-global-color-5)","background-image":"","background-repeat":"repeat","background-position":"center center","background-size":"auto","background-attachment":"scroll","background-type":"","background-media":"","overlay-type":"","overlay-color":"","overlay-opacity":"","overlay-gradient":""},"tablet":{"background-color":"var(--ast-global-color-5)","background-image":"","background-repeat":"repeat","background-position":"center center","background-size":"auto","background-attachment":"scroll","background-type":"","background-media":"","overlay-type":"","overlay-color":"","overlay-opacity":"","overlay-gradient":""},"mobile":{"background-color":"var(--ast-global-color-5)","background-image":"","background-repeat":"repeat","background-position":"center center","background-size":"auto","background-attachment":"scroll","background-type":"","background-media":"","overlay-type":"","overlay-color":"","overlay-opacity":"","overlay-gradient":""}},"footnotes":""},"class_list":["post-8610","page","type-page","status-publish","has-post-thumbnail","hentry"],"acf":[],"uagb_featured_image_src":{"full":false,"thumbnail":false,"medium":false,"medium_large":false,"large":false,"1536x1536":false,"2048x2048":false,"trp-custom-language-flag":false},"uagb_author_info":{"display_name":"cargoflux","author_link":"https:\/\/cargoflux.com\/en\/author\/cargoflux\/"},"uagb_comment_info":0,"uagb_excerpt":"Optimer din lagerstyring med Cargoflux WMS Optimer din logistik og forbedr kundeoplevelsen ved at forbinde dit WMS system til Cargoflux. Denne integration sikrer effektiv h\u00e5ndtering af lager- og forsendelsesprocesser, hvilket giver dig realtidsdata og mulighed for hurtig respons p\u00e5 eftersp\u00f8rgslen. Oplev fordelene ved pr\u00e6cis forsyningsk\u00e6destyring og lever en enest\u00e5ende kundeoplevelsemed Cargoflux og dit WMS. Funktioner&hellip;","_links":{"self":[{"href":"https:\/\/cargoflux.com\/en\/wp-json\/wp\/v2\/pages\/8610","targetHints":{"allow":["GET"]}}],"collection":[{"href":"https:\/\/cargoflux.com\/en\/wp-json\/wp\/v2\/pages"}],"about":[{"href":"https:\/\/cargoflux.com\/en\/wp-json\/wp\/v2\/types\/page"}],"author":[{"embeddable":true,"href":"https:\/\/cargoflux.com\/en\/wp-json\/wp\/v2\/users\/1"}],"replies":[{"embeddable":true,"href":"https:\/\/cargoflux.com\/en\/wp-json\/wp\/v2\/comments?post=8610"}],"version-history":[{"count":21,"href":"https:\/\/cargoflux.com\/en\/wp-json\/wp\/v2\/pages\/8610\/revisions"}],"predecessor-version":[{"id":9821,"href":"https:\/\/cargoflux.com\/en\/wp-json\/wp\/v2\/pages\/8610\/revisions\/9821"}],"wp:featuredmedia":[{"embeddable":true,"href":"https:\/\/cargoflux.com\/en\/wp-json\/"}],"wp:attachment":[{"href":"https:\/\/cargoflux.com\/en\/wp-json\/wp\/v2\/media?parent=8610"}],"curies":[{"name":"wp","href":"https:\/\/api.w.org\/{rel}","templated":true}]}}