
{"id":8312,"date":"2025-03-11T10:02:33","date_gmt":"2025-03-11T10:02:33","guid":{"rendered":"https:\/\/rc.cargoflux.com\/?page_id=8312"},"modified":"2025-09-25T10:18:25","modified_gmt":"2025-09-25T10:18:25","slug":"om-os","status":"publish","type":"page","link":"https:\/\/cargoflux.com\/en\/om-os\/","title":{"rendered":"About Us"},"content":{"rendered":"<div class=\"wp-block-uagb-container uagb-block-0f65a8c8 alignfull uagb-is-root-container\">\n<div class=\"wp-block-uagb-container uagb-block-e3b89608 alignfull uagb-is-root-container\"><div class=\"uagb-container-inner-blocks-wrap\">\n<div class=\"wp-block-uagb-container uagb-block-c2bf33aa\">\n<div class=\"wp-block-uagb-container anime-js-animation uagb-block-529710e4\">\n<div class=\"wp-block-uagb-advanced-heading uagb-block-40a3404d\"><h1 class=\"uagb-heading-text\">About Cargoflux<\/h1><\/div>\n\n\n\n<div class=\"wp-block-uagb-advanced-heading uagb-block-cc3b9805\"><p class=\"uagb-heading-text\">Our mission is to deliver tailored logistics solutions that exceed expectations. We strive to connect people, businesses, and markets by creating efficient transportation management solutions.<\/p><\/div>\n\n\n\n<div class=\"wp-block-uagb-container uagb-block-af0c6f11\">\n<div class=\"wp-block-uagb-buttons uagb-buttons__outer-wrap uagb-btn__default-btn uagb-btn-tablet__default-btn uagb-btn-mobile__default-btn uagb-block-fb8044be is-style-default\"><div class=\"uagb-buttons__wrap uagb-buttons-layout-wrap\">\n<div class=\"wp-block-uagb-buttons-child uagb-buttons__outer-wrap uagb-block-5b2d87ae wp-block-button\"><div class=\"uagb-button__wrapper\"><a class=\"uagb-buttons-repeater wp-block-button__link\" aria-label=\"\" href=\"\/en\/kontakt\/\" rel=\"follow noopener\" target=\"_self\" role=\"button\"><div class=\"uagb-button__link\">Contact us<\/div><\/a><\/div><\/div>\n<\/div><\/div>\n<\/div>\n<\/div>\n<\/div>\n<\/div><\/div>\n<\/div>\n\n\n\n<div class=\"wp-block-uagb-container anime-js-animation-container uagb-block-b5e388d2 alignfull uagb-is-root-container\">\n<div class=\"wp-block-uagb-container uagb-block-de5168c3 alignfull uagb-is-root-container\"><div class=\"uagb-container-inner-blocks-wrap\">\n<div class=\"wp-block-uagb-container responsive uagb-block-11efee6a alignfull uagb-is-root-container\"><div class=\"uagb-container-inner-blocks-wrap\">\n<div class=\"wp-block-uagb-container uagb-block-d0113ca2\">\n<div class=\"wp-block-uagb-container uagb-block-58ada400\">\n<div class=\"wp-block-uagb-container anime-js-animation uag-blocks-common-selector uagb-block-e821e427\">\n<div class=\"wp-block-uagb-container uagb-block-8826aee9\">\n<figure class=\"wp-block-image size-full has-custom-border is-style-default\" style=\"margin-top:0\"><img loading=\"lazy\" decoding=\"async\" width=\"1500\" height=\"630\" src=\"http:\/\/cargoflux.com\/wp-content\/uploads\/2025\/03\/pexels-markusspiske-172074.jpg\" alt=\"\" class=\"wp-image-9106\" style=\"border-radius:20px;aspect-ratio:3\/2;object-fit:cover\" srcset=\"https:\/\/cargoflux.com\/wp-content\/uploads\/2025\/03\/pexels-markusspiske-172074.jpg 1500w, https:\/\/cargoflux.com\/wp-content\/uploads\/2025\/03\/pexels-markusspiske-172074-300x126.jpg 300w, https:\/\/cargoflux.com\/wp-content\/uploads\/2025\/03\/pexels-markusspiske-172074-1024x430.jpg 1024w, https:\/\/cargoflux.com\/wp-content\/uploads\/2025\/03\/pexels-markusspiske-172074-768x323.jpg 768w\" sizes=\"auto, (max-width: 1500px) 100vw, 1500px\" \/><\/figure>\n<\/div>\n\n\n\n<div class=\"wp-block-uagb-container uag-blocks-common-selector uagb-block-0fd14af2\">\n<figure class=\"wp-block-image size-full is-resized has-custom-border is-style-custom-image-style wp-duotone-unset-1\" style=\"margin-top:0;margin-right:0;margin-bottom:0\"><img loading=\"lazy\" decoding=\"async\" width=\"33\" height=\"33\" src=\"http:\/\/cargoflux.com\/wp-content\/uploads\/2025\/03\/creative-elements_Creative-05.svg\" alt=\"\" class=\"wp-image-8226\" style=\"border-radius:0px;width:100px\"\/><\/figure>\n<\/div>\n<\/div>\n<\/div>\n<\/div>\n\n\n\n<div class=\"wp-block-uagb-container responsive anime-js-animation uag-blocks-common-selector uagb-block-a3929f69\">\n<div class=\"wp-block-uagb-advanced-heading uagb-block-93bed403\"><h3 class=\"uagb-heading-text\">Our mission<\/h3><\/div>\n\n\n\n<div class=\"wp-block-uagb-advanced-heading uagb-block-3c68f3b9\"><p class=\"uagb-heading-text\">Our mission is to deliver tailored logistics solutions that exceed expectations. We strive to connect people, businesses, and markets by creating efficient transportation management solutions.<br><br>At Cargoflux, we believe in creating value through innovation, reliability, and unmatched customer service.<\/p><\/div>\n\n\n\n<div class=\"wp-block-uagb-buttons uagb-buttons__outer-wrap uagb-btn__default-btn uagb-btn-tablet__default-btn uagb-btn-mobile__default-btn uagb-block-024bfac1 is-style-default\"><div class=\"uagb-buttons__wrap uagb-buttons-layout-wrap\">\n<div class=\"wp-block-uagb-buttons-child uagb-buttons__outer-wrap uagb-block-cf70cd92 wp-block-button\"><div class=\"uagb-button__wrapper\"><a class=\"uagb-buttons-repeater wp-block-button__link\" aria-label=\"\" href=\"\/en\/kontakt\/\" rel=\"follow noopener\" target=\"_self\" role=\"button\"><div class=\"uagb-button__link\">Contact us<\/div><\/a><\/div><\/div>\n<\/div><\/div>\n<\/div>\n<\/div><\/div>\n<\/div><\/div>\n<\/div>\n\n\n\n<div class=\"wp-block-uagb-container uagb-block-9cc6ff00 alignfull uagb-is-root-container\"><div class=\"uagb-container-inner-blocks-wrap\">\n<div class=\"wp-block-uagb-container uagb-block-d20c0ebe\">\n<div class=\"wp-block-uagb-container uagb-block-e641541f\">\n<div class=\"wp-block-uagb-advanced-heading uagb-block-dfc5d990\"><h3 class=\"uagb-heading-text\">Meet the Cargoflux team<\/h3><\/div>\n\n\n\n<div class=\"wp-block-uagb-advanced-heading uagb-block-12ca9b43\"><p class=\"uagb-heading-text\">Our dedicated team of professionals is the backbone of our success. We work hard to deliver tailored transportation management solutions to our customers around the world.<br>Fra erfarne logistikspecialister til teknologientusiaster er vores team dedikeret til at opfylde dine unikke behov.<\/p><\/div>\n<\/div>\n\n\n\n<div class=\"wp-block-uagb-container uagb-block-e2928cb4\"><div class=\"employee-section-grid-container anime-js-animation\"><div class=\"employee-section-item\"><div class=\"employee-section-top\"><div class=\"employee-image\"><p><img loading=\"lazy\" decoding=\"async\" class=\"alignnone size-medium wp-image-8341\" src=\"http:\/\/cargoflux.com\/wp-content\/uploads\/2025\/03\/IMG_5266-300x300.jpg\" alt=\"\" width=\"300\" height=\"300\" srcset=\"https:\/\/cargoflux.com\/wp-content\/uploads\/2025\/03\/IMG_5266-300x300.jpg 300w, https:\/\/cargoflux.com\/wp-content\/uploads\/2025\/03\/IMG_5266-150x150.jpg 150w, https:\/\/cargoflux.com\/wp-content\/uploads\/2025\/03\/IMG_5266.jpg 750w\" sizes=\"auto, (max-width: 300px) 100vw, 300px\" \/><\/p>\n<\/div><\/div><div class=\"employee-section-bottom\"><h3 class=\"employee-title\">Jannick Sloth<\/h3><p class=\"employee-description\">Ceo &amp; founder<\/p><\/div><\/div><div class=\"employee-section-item\"><div class=\"employee-section-top\"><div class=\"employee-image\"><p><img loading=\"lazy\" decoding=\"async\" class=\"alignnone wp-image-8365 size-medium\" src=\"http:\/\/cargoflux.com\/wp-content\/uploads\/2025\/03\/T01D946AFRC-U02CTDSF79B-g36331b3c633-512-300x300.jpg\" alt=\"\" width=\"300\" height=\"300\" srcset=\"https:\/\/cargoflux.com\/wp-content\/uploads\/2025\/03\/T01D946AFRC-U02CTDSF79B-g36331b3c633-512-300x300.jpg 300w, https:\/\/cargoflux.com\/wp-content\/uploads\/2025\/03\/T01D946AFRC-U02CTDSF79B-g36331b3c633-512-150x150.jpg 150w, https:\/\/cargoflux.com\/wp-content\/uploads\/2025\/03\/T01D946AFRC-U02CTDSF79B-g36331b3c633-512.jpg 512w\" sizes=\"auto, (max-width: 300px) 100vw, 300px\" \/><\/p>\n<\/div><\/div><div class=\"employee-section-bottom\"><h3 class=\"employee-title\">Vitaliy Yatsunyk<\/h3><p class=\"employee-description\">CTO<\/p><\/div><\/div><div class=\"employee-section-item\"><div class=\"employee-section-top\"><div class=\"employee-image\"><p><img loading=\"lazy\" decoding=\"async\" class=\"alignnone wp-image-8368 size-medium\" src=\"http:\/\/cargoflux.com\/wp-content\/uploads\/2025\/03\/image-300x300.jpg\" alt=\"\" width=\"300\" height=\"300\" srcset=\"https:\/\/cargoflux.com\/wp-content\/uploads\/2025\/03\/image-300x300.jpg 300w, https:\/\/cargoflux.com\/wp-content\/uploads\/2025\/03\/image-150x150.jpg 150w, https:\/\/cargoflux.com\/wp-content\/uploads\/2025\/03\/image.jpg 512w\" sizes=\"auto, (max-width: 300px) 100vw, 300px\" \/><\/p>\n<\/div><\/div><div class=\"employee-section-bottom\"><h3 class=\"employee-title\">Albert J\u00f8rgensen<\/h3><p class=\"employee-description\">Developer<\/p><\/div><\/div><div class=\"employee-section-item\"><div class=\"employee-section-top\"><div class=\"employee-image\"><p><img loading=\"lazy\" decoding=\"async\" class=\"alignnone wp-image-8375 size-medium\" src=\"http:\/\/cargoflux.com\/wp-content\/uploads\/2025\/03\/T01D946AFRC-U034PME1JPL-71fd7df43bdb-512-300x300.jpg\" alt=\"\" width=\"300\" height=\"300\" srcset=\"https:\/\/cargoflux.com\/wp-content\/uploads\/2025\/03\/T01D946AFRC-U034PME1JPL-71fd7df43bdb-512-300x300.jpg 300w, https:\/\/cargoflux.com\/wp-content\/uploads\/2025\/03\/T01D946AFRC-U034PME1JPL-71fd7df43bdb-512-150x150.jpg 150w, https:\/\/cargoflux.com\/wp-content\/uploads\/2025\/03\/T01D946AFRC-U034PME1JPL-71fd7df43bdb-512.jpg 512w\" sizes=\"auto, (max-width: 300px) 100vw, 300px\" \/><\/p>\n<\/div><\/div><div class=\"employee-section-bottom\"><h3 class=\"employee-title\">Yevgen Kruglyk<\/h3><p class=\"employee-description\">Developer<\/p><\/div><\/div><div class=\"employee-section-item\"><div class=\"employee-section-top\"><div class=\"employee-image\"><p><img loading=\"lazy\" decoding=\"async\" class=\"alignnone wp-image-9650 size-medium\" src=\"https:\/\/cargoflux.com\/wp-content\/uploads\/2025\/03\/BG-300x300.jpeg\" alt=\"\" width=\"300\" height=\"300\" srcset=\"https:\/\/cargoflux.com\/wp-content\/uploads\/2025\/03\/BG-300x300.jpeg 300w, https:\/\/cargoflux.com\/wp-content\/uploads\/2025\/03\/BG-150x150.jpeg 150w, https:\/\/cargoflux.com\/wp-content\/uploads\/2025\/03\/BG-768x768.jpeg 768w, https:\/\/cargoflux.com\/wp-content\/uploads\/2025\/03\/BG.jpeg 800w\" sizes=\"auto, (max-width: 300px) 100vw, 300px\" \/><\/p>\n<\/div><\/div><div class=\"employee-section-bottom\"><h3 class=\"employee-title\">Benjamin Genach<\/h3><p class=\"employee-description\">Customer Relations Manager<\/p><\/div><\/div><div class=\"employee-section-item\"><div class=\"employee-section-top\"><div class=\"employee-image\"><p><img loading=\"lazy\" decoding=\"async\" class=\"alignnone wp-image-9647 size-medium\" src=\"https:\/\/cargoflux.com\/wp-content\/uploads\/2025\/03\/T01D946AFRC-U08E90KN6F9-7c5f9606d288-512-300x300.jpg\" alt=\"\" width=\"300\" height=\"300\" srcset=\"https:\/\/cargoflux.com\/wp-content\/uploads\/2025\/03\/T01D946AFRC-U08E90KN6F9-7c5f9606d288-512-300x300.jpg 300w, https:\/\/cargoflux.com\/wp-content\/uploads\/2025\/03\/T01D946AFRC-U08E90KN6F9-7c5f9606d288-512-150x150.jpg 150w, https:\/\/cargoflux.com\/wp-content\/uploads\/2025\/03\/T01D946AFRC-U08E90KN6F9-7c5f9606d288-512.jpg 512w\" sizes=\"auto, (max-width: 300px) 100vw, 300px\" \/><\/p>\n<\/div><\/div><div class=\"employee-section-bottom\"><h3 class=\"employee-title\">Mikkel Kongsgaard<\/h3><p class=\"employee-description\">Developer<\/p><\/div><\/div><div class=\"employee-section-item\"><div class=\"employee-section-top\"><div class=\"employee-image\"><p><img loading=\"lazy\" decoding=\"async\" class=\"alignnone size-medium wp-image-9778\" src=\"https:\/\/cargoflux.com\/wp-content\/uploads\/2025\/09\/T01D946AFRC-U09ETV1C2R1-78605cad95b3-512-300x300.jpg\" alt=\"\" width=\"300\" height=\"300\" srcset=\"https:\/\/cargoflux.com\/wp-content\/uploads\/2025\/09\/T01D946AFRC-U09ETV1C2R1-78605cad95b3-512-300x300.jpg 300w, https:\/\/cargoflux.com\/wp-content\/uploads\/2025\/09\/T01D946AFRC-U09ETV1C2R1-78605cad95b3-512-150x150.jpg 150w, https:\/\/cargoflux.com\/wp-content\/uploads\/2025\/09\/T01D946AFRC-U09ETV1C2R1-78605cad95b3-512.jpg 512w\" sizes=\"auto, (max-width: 300px) 100vw, 300px\" \/><\/p>\n<\/div><\/div><div class=\"employee-section-bottom\"><h3 class=\"employee-title\">Emil Aarestrup<\/h3><p class=\"employee-description\">Developer<\/p><\/div><\/div><\/div><\/div>\n<\/div>\n<\/div><\/div>\n\n\n\n<div class=\"wp-block-uagb-container anime-js-animation-container uagb-block-f2b44706 alignfull uagb-is-root-container\"><div class=\"uagb-container-inner-blocks-wrap\">\n<div class=\"wp-block-uagb-container uagb-block-6cc2f7aa alignfull uagb-is-root-container\"><div class=\"uagb-container-inner-blocks-wrap\">\n<div class=\"wp-block-uagb-container uagb-block-afa2bb81 alignfull uagb-is-root-container\">\n<div class=\"wp-block-uagb-container anime-js-animation uagb-block-66be1664\">\n<div class=\"wp-block-uagb-advanced-heading uagb-block-b4043b88\"><h3 class=\"uagb-heading-text\">Are you ready to optimize your logistics? <\/h3><\/div>\n\n\n\n<div class=\"wp-block-uagb-advanced-heading uagb-block-45c8dcd8\"><p class=\"uagb-heading-text\">Get a free demonstration, and find out how Cargoflux can help your company<\/p><\/div>\n<\/div>\n\n\n\n<div class=\"wp-block-uagb-container anime-js-animation uagb-block-c3019821\">\n<div class=\"wp-block-uagb-buttons uagb-buttons__outer-wrap uagb-btn__default-btn uagb-btn-tablet__default-btn uagb-btn-mobile__default-btn uagb-block-9cded3f1 is-style-default\"><div class=\"uagb-buttons__wrap uagb-buttons-layout-wrap\">\n<div class=\"wp-block-uagb-buttons-child uagb-buttons__outer-wrap uagb-block-325c75ff wp-block-button\"><div class=\"uagb-button__wrapper\"><a class=\"uagb-buttons-repeater wp-block-button__link\" aria-label=\"\" href=\"\/en\/kontakt\/\" rel=\"follow noopener\" target=\"_self\" role=\"button\"><div class=\"uagb-button__link\">Get in contact here<\/div><\/a><\/div><\/div>\n<\/div><\/div>\n<\/div>\n<\/div>\n<\/div><\/div>\n<\/div><\/div>\n\n\n\n<p><\/p>","protected":false},"excerpt":{"rendered":"<p>Om Cargoflux Vores mission er at levere skr\u00e6ddersyede logistikl\u00f8sninger, der overg\u00e5r forventningerne. Vi str\u00e6ber efter at forbinde mennesker, virksomheder og markeder ved at skabe effektive transporth\u00e5ndteringsl\u00f8sninger. Vores mission Vores mission er at levere skr\u00e6ddersyede logistikl\u00f8sninger, der overg\u00e5r forventningerne. Vi str\u00e6ber efter at forbinde mennesker, virksomheder og markeder ved at skabe effektive transporth\u00e5ndteringsl\u00f8sninger. Hos Cargoflux tror [&hellip;]<\/p>\n","protected":false},"author":1,"featured_media":6652,"parent":0,"menu_order":0,"comment_status":"closed","ping_status":"closed","template":"","meta":{"_acf_changed":false,"_uag_custom_page_level_css":"","site-sidebar-layout":"default","site-content-layout":"","ast-site-content-layout":"default","site-content-style":"default","site-sidebar-style":"default","ast-global-header-display":"","ast-banner-title-visibility":"","ast-main-header-display":"","ast-hfb-above-header-display":"","ast-hfb-below-header-display":"","ast-hfb-mobile-header-display":"","site-post-title":"disabled","ast-breadcrumbs-content":"","ast-featured-img":"disabled","footer-sml-layout":"","ast-disable-related-posts":"","theme-transparent-header-meta":"","adv-header-id-meta":"","stick-header-meta":"","header-above-stick-meta":"","header-main-stick-meta":"","header-below-stick-meta":"","astra-migrate-meta-layouts":"default","ast-page-background-enabled":"default","ast-page-background-meta":{"desktop":{"background-color":"var(--ast-global-color-4)","background-image":"","background-repeat":"repeat","background-position":"center center","background-size":"auto","background-attachment":"scroll","background-type":"","background-media":"","overlay-type":"","overlay-color":"","overlay-opacity":"","overlay-gradient":""},"tablet":{"background-color":"","background-image":"","background-repeat":"repeat","background-position":"center center","background-size":"auto","background-attachment":"scroll","background-type":"","background-media":"","overlay-type":"","overlay-color":"","overlay-opacity":"","overlay-gradient":""},"mobile":{"background-color":"","background-image":"","background-repeat":"repeat","background-position":"center center","background-size":"auto","background-attachment":"scroll","background-type":"","background-media":"","overlay-type":"","overlay-color":"","overlay-opacity":"","overlay-gradient":""}},"ast-content-background-meta":{"desktop":{"background-color":"var(--ast-global-color-5)","background-image":"","background-repeat":"repeat","background-position":"center center","background-size":"auto","background-attachment":"scroll","background-type":"","background-media":"","overlay-type":"","overlay-color":"","overlay-opacity":"","overlay-gradient":""},"tablet":{"background-color":"var(--ast-global-color-5)","background-image":"","background-repeat":"repeat","background-position":"center center","background-size":"auto","background-attachment":"scroll","background-type":"","background-media":"","overlay-type":"","overlay-color":"","overlay-opacity":"","overlay-gradient":""},"mobile":{"background-color":"var(--ast-global-color-5)","background-image":"","background-repeat":"repeat","background-position":"center center","background-size":"auto","background-attachment":"scroll","background-type":"","background-media":"","overlay-type":"","overlay-color":"","overlay-opacity":"","overlay-gradient":""}},"footnotes":""},"class_list":["post-8312","page","type-page","status-publish","has-post-thumbnail","hentry"],"acf":[],"uagb_featured_image_src":{"full":false,"thumbnail":false,"medium":false,"medium_large":false,"large":false,"1536x1536":false,"2048x2048":false,"trp-custom-language-flag":false},"uagb_author_info":{"display_name":"cargoflux","author_link":"https:\/\/cargoflux.com\/en\/author\/cargoflux\/"},"uagb_comment_info":0,"uagb_excerpt":"Om Cargoflux Vores mission er at levere skr\u00e6ddersyede logistikl\u00f8sninger, der overg\u00e5r forventningerne. Vi str\u00e6ber efter at forbinde mennesker, virksomheder og markeder ved at skabe effektive transporth\u00e5ndteringsl\u00f8sninger. Vores mission Vores mission er at levere skr\u00e6ddersyede logistikl\u00f8sninger, der overg\u00e5r forventningerne. Vi str\u00e6ber efter at forbinde mennesker, virksomheder og markeder ved at skabe effektive transporth\u00e5ndteringsl\u00f8sninger. Hos Cargoflux tror&hellip;","_links":{"self":[{"href":"https:\/\/cargoflux.com\/en\/wp-json\/wp\/v2\/pages\/8312","targetHints":{"allow":["GET"]}}],"collection":[{"href":"https:\/\/cargoflux.com\/en\/wp-json\/wp\/v2\/pages"}],"about":[{"href":"https:\/\/cargoflux.com\/en\/wp-json\/wp\/v2\/types\/page"}],"author":[{"embeddable":true,"href":"https:\/\/cargoflux.com\/en\/wp-json\/wp\/v2\/users\/1"}],"replies":[{"embeddable":true,"href":"https:\/\/cargoflux.com\/en\/wp-json\/wp\/v2\/comments?post=8312"}],"version-history":[{"count":108,"href":"https:\/\/cargoflux.com\/en\/wp-json\/wp\/v2\/pages\/8312\/revisions"}],"predecessor-version":[{"id":9861,"href":"https:\/\/cargoflux.com\/en\/wp-json\/wp\/v2\/pages\/8312\/revisions\/9861"}],"wp:featuredmedia":[{"embeddable":true,"href":"https:\/\/cargoflux.com\/en\/wp-json\/"}],"wp:attachment":[{"href":"https:\/\/cargoflux.com\/en\/wp-json\/wp\/v2\/media?parent=8312"}],"curies":[{"name":"wp","href":"https:\/\/api.w.org\/{rel}","templated":true}]}}